{"id":10262,"date":"2024-10-18T16:54:54","date_gmt":"2024-10-18T16:54:54","guid":{"rendered":"https:\/\/ccis-agadir.ma\/?page_id=10262"},"modified":"2024-10-18T19:07:36","modified_gmt":"2024-10-18T19:07:36","slug":"espace-prive-ccis-souss-massa","status":"publish","type":"page","link":"https:\/\/ccis-agadir.ma\/ar\/espace-prive-ccis-souss-massa\/","title":{"rendered":"Espace Priv\u00e9 &#8211; CCIS Souss-Massa"},"content":{"rendered":"<p>Bienvenue dans votre espace priv\u00e9, exclusivement r\u00e9serv\u00e9 aux membres de la CCIS Souss-Massa. Cet espace est con\u00e7u pour vous offrir un acc\u00e8s privil\u00e9gi\u00e9 \u00e0 des ressources cl\u00e9s, des actualit\u00e9s \u00e9conomiques, des opportunit\u00e9s d&#8217;affaires, et des informations exclusives sur nos services.<\/p>\n\n\n\n<p><\/p>\n\n\n\n<p><strong>Pour voir et b\u00e9n\u00e9ficier de l&#8217;ensemble de ces services, vous devez \u00eatre adh\u00e9rent \u00e0 la CCIS Souss-Massa.<\/strong> Si vous ne l&#8217;\u00eates pas encore, n&#8217;h\u00e9sitez pas \u00e0 nous contacter pour plus d&#8217;informations sur les modalit\u00e9s d&#8217;adh\u00e9sion.<\/p>\n\n\n\n<p>Pour toute assistance, notre \u00e9quipe d\u00e9di\u00e9e reste \u00e0 votre disposition.<\/p>\n\n\n\n<div class=\"wp-block-buttons is-layout-flex wp-block-buttons-is-layout-flex\">\n<div class=\"wp-block-button\"><a class=\"wp-block-button__link wp-element-button\" href=\"https:\/\/ccis-agadir.ma\/ar\/comment-adherer\/\">\u0627\u0644\u0639\u0636\u0648\u064a\u0629<\/a><\/div>\n<\/div>\n\n\n\n<p><\/p>\n\n\n\n<p>[arm_membership]<\/p>\n\n\n\n<p><\/p>","protected":false},"excerpt":{"rendered":"<p>Bienvenue dans votre espace priv\u00e9, exclusivement r\u00e9serv\u00e9 aux membres de la CCIS Souss-Massa. Cet espace est con\u00e7u pour vous offrir un acc\u00e8s privil\u00e9gi\u00e9 \u00e0 des ressources cl\u00e9s, des actualit\u00e9s \u00e9conomiques, des opportunit\u00e9s d&#8217;affaires, et des informations exclusives sur nos services. Pour voir et b\u00e9n\u00e9ficier de l&#8217;ensemble de ces services, vous devez \u00eatre adh\u00e9rent \u00e0 la [&hellip;]<\/p>","protected":false},"author":1,"featured_media":0,"parent":0,"menu_order":0,"comment_status":"closed","ping_status":"closed","template":"","meta":{"footnotes":""},"class_list":["post-10262","page","type-page","status-publish","hentry"],"_links":{"self":[{"href":"https:\/\/ccis-agadir.ma\/ar\/wp-json\/wp\/v2\/pages\/10262","targetHints":{"allow":["GET"]}}],"collection":[{"href":"https:\/\/ccis-agadir.ma\/ar\/wp-json\/wp\/v2\/pages"}],"about":[{"href":"https:\/\/ccis-agadir.ma\/ar\/wp-json\/wp\/v2\/types\/page"}],"author":[{"embeddable":true,"href":"https:\/\/ccis-agadir.ma\/ar\/wp-json\/wp\/v2\/users\/1"}],"replies":[{"embeddable":true,"href":"https:\/\/ccis-agadir.ma\/ar\/wp-json\/wp\/v2\/comments?post=10262"}],"version-history":[{"count":7,"href":"https:\/\/ccis-agadir.ma\/ar\/wp-json\/wp\/v2\/pages\/10262\/revisions"}],"predecessor-version":[{"id":10300,"href":"https:\/\/ccis-agadir.ma\/ar\/wp-json\/wp\/v2\/pages\/10262\/revisions\/10300"}],"wp:attachment":[{"href":"https:\/\/ccis-agadir.ma\/ar\/wp-json\/wp\/v2\/media?parent=10262"}],"curies":[{"name":"wp","href":"https:\/\/api.w.org\/{rel}","templated":true}]}}