{"id":10655,"date":"2024-11-25T09:42:50","date_gmt":"2024-11-25T09:42:50","guid":{"rendered":"https:\/\/ccis-agadir.ma\/?page_id=10655"},"modified":"2024-11-25T09:54:51","modified_gmt":"2024-11-25T09:54:51","slug":"fiche-didentification-de-lentreprise","status":"publish","type":"page","link":"https:\/\/ccis-agadir.ma\/ar\/fiche-didentification-de-lentreprise\/","title":{"rendered":"Fiche d&#8217;identification de l&#8217;entreprise"},"content":{"rendered":"<div data-elementor-type=\"wp-page\" data-elementor-id=\"10655\" class=\"elementor elementor-10655\" data-elementor-settings=\"{&quot;ha_cmc_init_switcher&quot;:&quot;no&quot;}\" data-elementor-post-type=\"page\">\n\t\t\t\t<div class=\"elementor-element elementor-element-db12d4f e-flex e-con-boxed e-con e-parent\" data-id=\"db12d4f\" data-element_type=\"container\" data-settings=\"{&quot;_ha_eqh_enable&quot;:false,&quot;ekit_has_onepagescroll_dot&quot;:&quot;yes&quot;}\">\n\t\t\t\t\t<div class=\"e-con-inner\">\n\t\t\t\t<div class=\"elementor-element elementor-element-e30183d elementor-widget elementor-widget-listinghub_registration\" data-id=\"e30183d\" data-element_type=\"widget\" data-settings=\"{&quot;ekit_we_effect_on&quot;:&quot;none&quot;}\" data-widget_type=\"listinghub_registration.default\">\n\t\t\t\t<div class=\"elementor-widget-container\">\n\t\t\t\t\t\t\t<div class=\"elementor-shortcode\"><div class=\"bootstrap-wrapper  mb-3\">\r\n\t<div class=\"container  listinghubborder p-4\">\r\n\t\t\t\t\t\t<form id=\"listinghub_registration\" name=\"listinghub_registration\" class=\"form-horizontal\" action=\"https:\/\/ccis-agadir.ma\/ar\/fiche-didentification-de-lentreprise\/?package_id=&#038;payment_gateway=paypal&#038;iv-submit-listing=register\" method=\"post\" role=\"form\"  enctype=\"multipart\/form-data\" data-trp-original-action=\"https:\/\/ccis-agadir.ma\/ar\/fiche-didentification-de-lentreprise\/?package_id=&payment_gateway=paypal&iv-submit-listing=register\">\r\n\t\t\t\t\t\t\t\t\r\n\t\t\t\t<div class=\"border-bottom pb-4 mb-3 toptitle\">User Info<\/div>\r\n\t\t\t\t\r\n\t\t\t\t<div class=\"row user_info\">\r\n\t\t\t\t \r\n\t\t\t\t\t<div class=\"col-md-12\">\r\n\t\t\t\t\t\t\t\t\t\t\t\t<!--\r\n\t\t\t\t\t\t\tFor Form Validation we used plugins https:\/\/formvalidation.io\/\r\n\t\t\t\t\t\t\tThis is in line validation so you can add fields easily.\r\n\t\t\t\t\t\t-->\r\n\t\t\t\t\t\t\t\t\t\t\t\r\n\t\t\t\t\t\t\r\n\t\t\t\t\t\t<div class=\"text-center\" id=\"loading\"> <\/div>\r\n\t\t\t\t\t\t<div class=\"form-group row\"  >\r\n\t\t\t\t\t\t\t<label for=\"text\" class=\"col-md-4 control-label\">User Name<span class=\"chili\"><\/span><\/label>\r\n\t\t\t\t\t\t\t<div class=\"col-md-8\">\r\n\t\t\t\t\t\t\t\t<input type=\"text\"  name=\"iv_member_user_name\" id=\"iv_member_user_name\"  data-validation=\"length alphanumeric\"\r\n\t\t\t\t\t\t\t\tdata-validation-length=\"4-12\" data-validation-error-msg=\" The user name has to be an alphanumeric value between 4-12 characters\" class=\"form-control ctrl-textbox\" placeholder=\"Enter User Name\"  alt=\"required\">\r\n\t\t\t\t\t\t\t<\/div>\r\n\t\t\t\t\t\t<\/div>\r\n\t\t\t\t\t\t\r\n\t\t\t\t\t\t<div class=\"form-group row\">\r\n\t\t\t\t\t\t\t<label for=\"email\" class=\"col-md-4 control-label\" >Email Address<span class=\"chili\"><\/span><\/label>\r\n\t\t\t\t\t\t\t<div class=\"col-md-8\">\r\n\t\t\t\t\t\t\t\t<input type=\"email\" name=\"iv_member_email\" id=\"iv_member_email\" data-validation=\"email\"  class=\"form-control ctrl-textbox\" placeholder=\"Enter email address\" data-validation-error-msg=\"Please enter a valid email address \" >\r\n\t\t\t\t\t\t\t<\/div>\r\n\t\t\t\t\t\t<\/div>\r\n\t\t\t\t\t\t\r\n\t\t\t\t\t\t<input type=\"hidden\" id=\"_wpnonce\" name=\"_wpnonce\" value=\"35789fd66d\" \/><input type=\"hidden\" name=\"_wp_http_referer\" value=\"\/ar\/wp-json\/wp\/v2\/pages\/10655\" \/>\t\t\t\t\t\t<div class=\"form-group row\">\r\n\t\t\t\t\t\t\t<label for=\"text\" class=\"col-md-4 control-label\">Password<span class=\"chili\"><\/span><\/label>\r\n\t\t\t\t\t\t\t<div class=\"col-md-8\">\r\n\t\t\t\t\t\t\t\t<input type=\"password\" name=\"iv_member_password\"  id=\"iv_member_password\" class=\"form-control ctrl-textbox\" placeholder=\"\" data-validation=\"strength\"\r\n\t\t\t\t\t\t\t\tdata-validation-strength=\"2\" data-validation-error-msg=\"The password is not strong enough\">\r\n\t\t\t\t\t\t\t<\/div>\r\n\t\t\t\t\t\t<\/div>\r\n\t\t\t\t\t\t\r\n\t\t\t\t\t\t\t\r\n\t\t\t\t\t\t\t\t\t\t\t\t\t\r\n\t\t\t\t\r\n\t\t\t\t\t\t<div class=\"form-group row\"><label class=\"control-label col-md-4\">Raison sociale*<\/label><div class=\"col-md-8\"><input type=\"text\" placeholder=\"Enter Raison sociale*\" name=\"Raison sociale*\" id=\"Raison sociale*\"  class=\"form-input col-md-12\"  \/><\/div><\/div><div class=\"form-group row\"><label class=\"control-label col-md-4\">Abr\u00e9viation<\/label><div class=\"col-md-8\"><input type=\"text\" placeholder=\"Enter Abr\u00e9viation\" name=\"Abr\u00e9viation\" id=\"Abr\u00e9viation\"  class=\"form-input col-md-12\"  \/><\/div><\/div><div class=\"form-group row\"><label class=\"control-label col-md-4\">Activit\u00e9 principale*<\/label><div class=\"col-md-8\"><input type=\"text\" placeholder=\"Enter Activit\u00e9 principale*\" name=\"Activit\u00e9 principale*\" id=\"Activit\u00e9 principale*\"  class=\"form-input col-md-12\"  \/><\/div><\/div><div class=\"form-group row\"><label class=\"control-label col-md-4\">Activit\u00e9s secondaires*<\/label><div class=\"col-md-8\"><input type=\"text\" placeholder=\"Enter Activit\u00e9s secondaires*\" name=\"Activit\u00e9s secondaires*\" id=\"Activit\u00e9s secondaires*\"  class=\"form-input col-md-12\"  \/><\/div><\/div><div class=\"form-group row\"><label class=\"control-label col-md-4\">Adresse*<\/label><div class=\"col-md-8\"><input type=\"text\" placeholder=\"Enter Adresse*\" name=\"Adresse*\" id=\"Adresse*\"  class=\"form-input col-md-12\"  \/><\/div><\/div><div class=\"form-group row\"><label class=\"control-label col-md-4\">T\u00e9l\u00e9phone *<\/label><div class=\"col-md-8\"><input type=\"text\" placeholder=\"Enter T\u00e9l\u00e9phone *\" name=\"T\u00e9l\u00e9phone *\" id=\"T\u00e9l\u00e9phone *\"  class=\"form-input col-md-12\"  \/><\/div><\/div><div class=\"form-group row\"><label class=\"control-label col-md-4\">Ville*<\/label><div class=\"col-md-8\"><input type=\"text\" placeholder=\"Enter Ville*\" name=\"Ville*\" id=\"Ville*\"  class=\"form-input col-md-12\"  \/><\/div><\/div><div class=\"form-group row\"><label class=\"control-label col-md-4\">Site Web<\/label><div class=\"col-md-8\"><input type=\"text\" placeholder=\"Enter Site Web\" name=\"Site Web \" id=\"Site Web \"  class=\"form-input col-md-12\"  \/><\/div><\/div><div class=\"form-group row\"><label class=\"control-label col-md-4\">Facebook<\/label><div class=\"col-md-8\"><input type=\"text\" placeholder=\"Enter Facebook\" name=\"Facebook\" id=\"Facebook\"  class=\"form-input col-md-12\"  \/><\/div><\/div><div class=\"form-group row\"><label class=\"control-label col-md-4\">E-mail*<\/label><div class=\"col-md-8\"><input type=\"text\" placeholder=\"Enter E-mail*\" name=\"E-mail*\" id=\"E-mail*\"  class=\"form-input col-md-12\"  \/><\/div><\/div><div class=\"form-group row\"><label class=\"control-label col-md-4\">Fonction*<\/label><div class=\"col-md-8\"><input type=\"text\" placeholder=\"Enter Fonction*\" name=\"Fonction*\" id=\"Fonction*\"  class=\"form-input col-md-12\"  \/><\/div><\/div><div class=\"form-group row\"><label class=\"control-label col-md-4\">listing title<\/label><div class=\"col-md-8\"><input type=\"text\" placeholder=\"Enter listing title\" name=\"listing_title\" id=\"listing_title\"  class=\"form-input col-md-12\"  \/><\/div><\/div><div class=\"form-group row\"><label class=\"control-label col-md-4\">GSM*<\/label><div class=\"col-md-8\"><input type=\"text\" placeholder=\"Enter GSM*\" name=\"GSM*\" id=\"GSM*\"  class=\"form-input col-md-12\"  \/><\/div><\/div><div class=\"form-group row\"><label class=\"control-label col-md-4\">Patente *<\/label><div class=\"col-md-8\"><textarea  placeholder=\"Enter Patente *\" name=\"Patente *\" id=\"Patente *\"  class=\"form-textarea col-md-12\"  rows=\"4\"><\/textarea><\/div><\/div><div class=\"form-group row\"><label class=\"control-label col-md-4\">ICE*<\/label><div class=\"col-md-8\"><input type=\"text\" placeholder=\"Enter ICE*\" name=\"ICE*\" id=\"ICE*\"  class=\"form-input col-md-12\"  \/><\/div><\/div><div class=\"form-group row\"><label class=\"control-label col-md-4\">RC *<\/label><div class=\"col-md-8\"><input type=\"text\" placeholder=\"Enter RC *\" name=\"RC *\" id=\"RC *\"  class=\"form-input col-md-12\"  \/><\/div><\/div><div class=\"form-group row\"><label class=\"control-label col-md-4\">Date de cr\u00e9ation*<\/label><div class=\"col-md-8\"><input type=\"text\" placeholder=\"Enter Date de cr\u00e9ation*\" name=\"Date de cr\u00e9ation* \" id=\"Date de cr\u00e9ation* \"  class=\"form-input col-md-12\"  \/><\/div><\/div><div class=\"form-group row\"><label class=\"control-label col-md-4\">Capital en DHS *<\/label><div class=\"col-md-8\"><input type=\"text\" placeholder=\"Enter Capital en DHS *\" name=\"Capital en DHS *\" id=\"Capital en DHS *\"  class=\"form-input col-md-12\"  \/><\/div><\/div><div class=\"form-group row\"><label class=\"control-label col-md-4\">Nationalit\u00e9*<\/label><div class=\"col-md-8\"><input type=\"text\" placeholder=\"Enter Nationalit\u00e9*\" name=\"Nationalit\u00e9*\" id=\"Nationalit\u00e9*\"  class=\"form-input col-md-12\"  \/><\/div><\/div><div class=\"form-group row\"><label class=\"control-label col-md-4\">Pays d\\\\\\\\&#039;importation *<\/label><div class=\"col-md-8\"><input type=\"text\" placeholder=\"Enter Pays d\\\\\\\\&#039;importation *\" name=\"Pays d\\\\\\\\&#039;importation *\" id=\"Pays d\\\\\\\\&#039;importation *\"  class=\"form-input col-md-12\"  \/><\/div><\/div><div class=\"form-group row\"><label class=\"control-label col-md-4\">Pays d\\\\\\\\&#039;exportation*<\/label><div class=\"col-md-8\"><input type=\"text\" placeholder=\"Enter Pays d\\\\\\\\&#039;exportation*\" name=\"Pays d\\\\\\\\&#039;exportation*\" id=\"Pays d\\\\\\\\&#039;exportation*\"  class=\"form-input col-md-12\"  \/><\/div><\/div><div class=\"form-group row\"><label class=\"control-label col-md-4\">Franchises*<\/label><div class=\"col-md-8\"><input type=\"text\" placeholder=\"Enter Franchises*\" name=\"Franchises*\" id=\"Franchises*\"  class=\"form-input col-md-12\"  \/><\/div><\/div><div class=\"form-group row\"><label class=\"control-label col-md-4\">Pays d\\\\&#039;importation *<\/label><div class=\"col-md-8\"><input type=\"text\" placeholder=\"Enter Pays d\\\\&#039;importation *\" name=\"Pays d\\\\&#039;importation *\" id=\"Pays d\\\\&#039;importation *\"  class=\"form-input col-md-12\"  \/><\/div><\/div><div class=\"form-group row\"><label class=\"control-label col-md-4\">Pays d\\\\&#039;exportation*<\/label><div class=\"col-md-8\"><input type=\"text\" placeholder=\"Enter Pays d\\\\&#039;exportation*\" name=\"Pays d\\\\&#039;exportation*\" id=\"Pays d\\\\&#039;exportation*\"  class=\"form-input col-md-12\"  \/><\/div><\/div><div class=\"form-group row\"><label class=\"control-label col-md-4\">Marques Repr\u00e9sent\u00e9es *<\/label><div class=\"col-md-8\"><input type=\"text\" placeholder=\"Enter Marques Repr\u00e9sent\u00e9es *\" name=\"Marques Repr\u00e9sent\u00e9es *\" id=\"Marques Repr\u00e9sent\u00e9es *\"  class=\"form-input col-md-12\"  \/><\/div><\/div><div class=\"form-group row\">\r\n\t\t\t\t\t\t<label class=\"control-label col-md-4\">Effectif<\/label>\r\n\t\t\t\t\t\t<div class=\"col-md-8\"><select name=\"Effectif\" id=\"Effectif\" class=\"form-dropdown col-md-12\" ><option value=\"10\">10<\/option><option value=\" 10 \u00e0 50\"> 10 \u00e0 50<\/option><option value=\" 51 \u00e0 200\"> 51 \u00e0 200<\/option><option value=\" &gt; 200\"> &gt; 200<\/option><\/select><\/div><\/div><div class=\"form-group row\">\r\n\t\t\t\t\t\t<label class=\"control-label col-md-4\">Chiffre d\\\\\\\\&#039;affaires*<\/label>\r\n\t\t\t\t\t\t<div class=\"col-md-8\"><select name=\"Chiffre d\\\\\\\\&#039;affaires*\" id=\"Chiffre d\\\\\\\\&#039;affaires*\" class=\"form-dropdown col-md-12\" ><option value=\"3 Millions de DH\">3 Millions de DH<\/option><option value=\"3 \u00e0 5 millions de Dhs \">3 \u00e0 5 millions de Dhs <\/option><option value=\"Plus de 50 millions de Dhs\">Plus de 50 millions de Dhs<\/option><\/select><\/div><\/div>\t\t\t\t\t\t\r\n\t\t\t\t\t\t\t\t\t\t\t\t\t\r\n\t\t\t\t\t\t\t<div class=\"row form-group\" id=\"nopaymentform\">\r\n\t\t\t\t\t\t\t\t<input type=\"hidden\" name=\"reg_error\" id=\"reg_error\" value=\"yes\">\r\n\t\t\t\t\t\t\t\t<input type=\"hidden\" name=\"package_id\" id=\"package_id\" value=\"0\">\r\n\t\t\t\t\t\t\t\t<input type=\"hidden\" name=\"return_page\" id=\"return_page\" value=\"https:\/\/ccis-agadir.ma\/ar\/fiche-didentification-de-lentreprise\/\">\r\n\t\t\t\t\t\t\t\t\t<div class=\"col-md-4\"> <\/div>\r\n\t\t\t\t\t\t\t\t\t<div class=\"col-md-8\">\r\n\t\t\t\t\t\t\t\t\t<div id=\"errormessage\" class=\"alert alert-danger mt-2 displaynone\" role=\"alert\"><\/div>\r\n\t\t\t\t\t\t\t\t\t\t<div id=\"paypal-button\">\r\n\t\t\t\t\t\t\t\t\t\t\t<div id=\"loading-3\" class=\"displaynone\"  ><img src='https:\/\/ccis-agadir.ma\/wp-content\/plugins\/listinghub\/admin\/files\/images\/loader.gif' \/><\/div>\r\n\t\t\t\t\t\t\t\t\t\t\t\t\t\t\t\t\t\t\t\t\t\t\t<button  id=\"submit_listinghub_payment\" name=\"submit_listinghub_payment\"  type=\"submit\" class=\"btn btn-secondary\"  >\t\t\t\t\t\t\t\t\t\t\t\t\r\n\t\t\t\t\t\t\t\t\t\t\t\t\tSubmit\t\t\t\t\t\t\t\t\t\t\t\t<\/button>\r\n\t\t\t\t\t\t\t\t\t\t\t\t\t\t\t\t\t\t\t\t\t\t\r\n\t\t\t\t\t\t\t\t\t\t<\/div>\r\n\t\t\t\t\t\t\t\t\t<\/div>\r\n\t\t\t\t\t\t\t\t<\/div>\r\n\t\t\t\t\t\t\t\t\t\t\t\t<input type=\"hidden\" name=\"hidden_form_name\" id=\"hidden_form_name\" value=\"listinghub_registration\">\r\n\t\t\t\t\t<\/div>\r\n\t\t\t\t\r\n\t\t\t\t<\/div>\r\n\t\t\t\t\t\t\t<input type=\"hidden\" name=\"trp-form-language\" value=\"ar\"\/><\/form>\r\n\t\t<\/div>\r\n\t<\/div>\r\n\t\t<\/div>\n\t\t\t\t\t\t<\/div>\n\t\t\t\t<\/div>\n\t\t\t\t\t<\/div>\n\t\t\t\t<\/div>\n\t\t\t\t<\/div>","protected":false},"excerpt":{"rendered":"<p>Voir le profil 601 Annonces ouvertes Recherche d&#039;annonces Adh\u00e9sion Modifier le profil G\u00e9rer mes annonces Message FR Notifications de l&#039;annonce Auteur enregistr\u00e9 Annonce enregistr\u00e9e D\u00e9connexion Profil Informations personnelles Modifier le mot de passe Changer de logo Modifier la banni\u00e8re [meilleur ajustement\u00a0: 1\u00a0200 X 400] Secteur d&#039;activit\u00e9 Abattage et commercialisation de viande de volailleAgence de communicationAgence [&hellip;]<\/p>","protected":false},"author":1,"featured_media":0,"parent":0,"menu_order":0,"comment_status":"closed","ping_status":"closed","template":"","meta":{"footnotes":""},"class_list":["post-10655","page","type-page","status-publish","hentry"],"_links":{"self":[{"href":"https:\/\/ccis-agadir.ma\/ar\/wp-json\/wp\/v2\/pages\/10655","targetHints":{"allow":["GET"]}}],"collection":[{"href":"https:\/\/ccis-agadir.ma\/ar\/wp-json\/wp\/v2\/pages"}],"about":[{"href":"https:\/\/ccis-agadir.ma\/ar\/wp-json\/wp\/v2\/types\/page"}],"author":[{"embeddable":true,"href":"https:\/\/ccis-agadir.ma\/ar\/wp-json\/wp\/v2\/users\/1"}],"replies":[{"embeddable":true,"href":"https:\/\/ccis-agadir.ma\/ar\/wp-json\/wp\/v2\/comments?post=10655"}],"version-history":[{"count":5,"href":"https:\/\/ccis-agadir.ma\/ar\/wp-json\/wp\/v2\/pages\/10655\/revisions"}],"predecessor-version":[{"id":10660,"href":"https:\/\/ccis-agadir.ma\/ar\/wp-json\/wp\/v2\/pages\/10655\/revisions\/10660"}],"wp:attachment":[{"href":"https:\/\/ccis-agadir.ma\/ar\/wp-json\/wp\/v2\/media?parent=10655"}],"curies":[{"name":"wp","href":"https:\/\/api.w.org\/{rel}","templated":true}]}}