{"id":5899,"date":"2024-05-23T15:41:30","date_gmt":"2024-05-23T15:41:30","guid":{"rendered":"https:\/\/ccis-agadir.ma\/?page_id=5899"},"modified":"2024-11-30T16:42:30","modified_gmt":"2024-11-30T16:42:30","slug":"certificat-dorigine","status":"publish","type":"page","link":"https:\/\/ccis-agadir.ma\/ar\/certificat-dorigine\/","title":{"rendered":"Certificat d&#8217;origine"},"content":{"rendered":"<div data-elementor-type=\"wp-page\" data-elementor-id=\"5899\" class=\"elementor elementor-5899\" data-elementor-settings=\"{&quot;ha_cmc_init_switcher&quot;:&quot;no&quot;}\" data-elementor-post-type=\"page\">\n\t\t\t\t<div class=\"elementor-element elementor-element-89d6cfc e-con-full e-flex e-con e-parent\" data-id=\"89d6cfc\" data-element_type=\"container\" data-settings=\"{&quot;_ha_eqh_enable&quot;:false,&quot;ekit_has_onepagescroll_dot&quot;:&quot;yes&quot;}\">\n\t\t\t\t<div class=\"elementor-element elementor-element-07a8772 elementor-widget__width-inherit dce_masking-none elementor-widget elementor-widget-image\" data-id=\"07a8772\" data-element_type=\"widget\" data-settings=\"{&quot;ekit_we_effect_on&quot;:&quot;none&quot;}\" data-widget_type=\"image.default\">\n\t\t\t\t<div class=\"elementor-widget-container\">\n\t\t\t\t\t\t\t\t\t\t\t\t\t\t\t<img fetchpriority=\"high\" decoding=\"async\" width=\"12080\" height=\"2649\" src=\"https:\/\/ccis-agadir.ma\/wp-content\/uploads\/2024\/11\/Asset-12-1.png\" class=\"attachment-full size-full wp-image-11035\" alt=\"\" srcset=\"https:\/\/ccis-agadir.ma\/wp-content\/uploads\/2024\/11\/Asset-12-1.png 12080w, https:\/\/ccis-agadir.ma\/wp-content\/uploads\/2024\/11\/Asset-12-1-300x66.png 300w, https:\/\/ccis-agadir.ma\/wp-content\/uploads\/2024\/11\/Asset-12-1-1024x225.png 1024w, https:\/\/ccis-agadir.ma\/wp-content\/uploads\/2024\/11\/Asset-12-1-768x168.png 768w, https:\/\/ccis-agadir.ma\/wp-content\/uploads\/2024\/11\/Asset-12-1-1536x337.png 1536w, https:\/\/ccis-agadir.ma\/wp-content\/uploads\/2024\/11\/Asset-12-1-2048x449.png 2048w, https:\/\/ccis-agadir.ma\/wp-content\/uploads\/2024\/11\/Asset-12-1-18x4.png 18w, https:\/\/ccis-agadir.ma\/wp-content\/uploads\/2024\/11\/Asset-12-1-600x132.png 600w, https:\/\/ccis-agadir.ma\/wp-content\/uploads\/2024\/11\/Asset-12-1-560x123.png 560w, https:\/\/ccis-agadir.ma\/wp-content\/uploads\/2024\/11\/Asset-12-1-1320x289.png 1320w\" sizes=\"(max-width: 12080px) 100vw, 12080px\" \/>\t\t\t\t\t\t\t\t\t\t\t\t\t\t\t<\/div>\n\t\t\t\t<\/div>\n\t\t\t\t<\/div>\n\t\t\t\t<section data-dce-background-color=\"#F6F6F6\" class=\"elementor-section elementor-top-section elementor-element elementor-element-fb6f147 elementor-section-boxed elementor-section-height-default elementor-section-height-default\" data-id=\"fb6f147\" data-element_type=\"section\" data-settings=\"{&quot;background_background&quot;:&quot;classic&quot;,&quot;_ha_eqh_enable&quot;:false,&quot;ekit_has_onepagescroll_dot&quot;:&quot;yes&quot;}\">\n\t\t\t\t\t\t<div class=\"elementor-container elementor-column-gap-default\">\n\t\t\t\t\t<div class=\"elementor-column elementor-col-50 elementor-top-column elementor-element elementor-element-6c45cb1\" data-id=\"6c45cb1\" data-element_type=\"column\">\n\t\t\t<div class=\"elementor-widget-wrap elementor-element-populated\">\n\t\t\t\t\t\t<div class=\"elementor-element elementor-element-5121bd8 elementor-widget elementor-widget-heading\" data-id=\"5121bd8\" data-element_type=\"widget\" data-settings=\"{&quot;ekit_we_effect_on&quot;:&quot;none&quot;}\" data-widget_type=\"heading.default\">\n\t\t\t\t<div class=\"elementor-widget-container\">\n\t\t\t\t\t<h2 class=\"elementor-heading-title elementor-size-default\">\u0634\u0647\u0627\u062f\u0627\u062a \u0627\u0644\u0645\u0646\u0634\u0623 :<br>Un Atout Essentiel pour les Exportateurs<\/h2>\t\t\t\t<\/div>\n\t\t\t\t<\/div>\n\t\t\t\t<div class=\"elementor-element elementor-element-ef7acda elementor-widget elementor-widget-text-editor\" data-id=\"ef7acda\" data-element_type=\"widget\" data-settings=\"{&quot;ekit_we_effect_on&quot;:&quot;none&quot;}\" data-widget_type=\"text-editor.default\">\n\t\t\t\t<div class=\"elementor-widget-container\">\n\t\t\t\t\t\t\t\t\t<p>\u0634\u0647\u0627\u062f\u0629 \u0627\u0644\u0645\u0646\u0634\u0623 \u0648\u062b\u064a\u0642\u0629 \u0644\u0627 \u063a\u0646\u0649 \u0639\u0646\u0647\u0627 \u0644\u0639\u0645\u0644\u064a\u0627\u062a \u0627\u0644\u062a\u0635\u062f\u064a\u0631\u060c \u0641\u0647\u064a \u062a\u0631\u0627\u0641\u0642 \u0627\u0644\u0628\u0636\u0627\u0626\u0639 \u0648\u062a\u0634\u0647\u062f \u0639\u0644\u0649 \u0645\u0646\u0634\u0623\u0647\u0627\u060c \u0648\u0628\u0627\u0644\u062a\u0627\u0644\u064a \u062a\u0644\u0628\u064a \u0645\u062a\u0637\u0644\u0628\u0627\u062a \u0627\u0644\u062c\u0645\u0627\u0631\u0643 \u0648\u0627\u0644\u062a\u062c\u0627\u0631\u0629. \u063a\u0631\u0641\u0629 \u0627\u0644\u062a\u062c\u0627\u0631\u0629 \u0648\u0627\u0644\u0635\u0646\u0627\u0639\u0629 \u0648\u0627\u0644\u062e\u062f\u0645\u0627\u062a \u0628\u0623\u0643\u0627\u062f\u064a\u0631 \u0645\u062e\u0648\u0644\u0629 \u0628\u0625\u0635\u062f\u0627\u0631 \u0647\u0630\u0647 \u0627\u0644\u0634\u0647\u0627\u062f\u0627\u062a \u0648\u0627\u0644\u062a\u0635\u062f\u064a\u0642 \u0639\u0644\u064a\u0647\u0627 \u0644\u0644\u0634\u0631\u0643\u0627\u062a \u0627\u0644\u0645\u0635\u062f\u0631\u0629 \u0627\u0644\u0648\u0627\u0642\u0639\u0629 \u0636\u0645\u0646 \u0646\u0637\u0627\u0642 \u0627\u062e\u062a\u0635\u0627\u0635\u0647\u0627.<\/p>\t\t\t\t\t\t\t\t<\/div>\n\t\t\t\t<\/div>\n\t\t\t\t\t<\/div>\n\t\t<\/div>\n\t\t\t\t<div class=\"elementor-column elementor-col-50 elementor-top-column elementor-element elementor-element-5cbaebf\" data-id=\"5cbaebf\" data-element_type=\"column\">\n\t\t\t<div class=\"elementor-widget-wrap elementor-element-populated\">\n\t\t\t\t\t\t<div class=\"elementor-element elementor-element-e05c9fe dce_masking-none elementor-widget elementor-widget-image\" data-id=\"e05c9fe\" data-element_type=\"widget\" data-settings=\"{&quot;ekit_we_effect_on&quot;:&quot;none&quot;}\" data-widget_type=\"image.default\">\n\t\t\t\t<div class=\"elementor-widget-container\">\n\t\t\t\t\t\t\t\t\t\t\t\t\t\t\t<img decoding=\"async\" width=\"900\" height=\"540\" src=\"https:\/\/ccis-agadir.ma\/wp-content\/uploads\/2024\/06\/certificatdorigine2.png\" class=\"attachment-large size-large wp-image-6944\" alt=\"\" srcset=\"https:\/\/ccis-agadir.ma\/wp-content\/uploads\/2024\/06\/certificatdorigine2.png 900w, https:\/\/ccis-agadir.ma\/wp-content\/uploads\/2024\/06\/certificatdorigine2-300x180.png 300w, https:\/\/ccis-agadir.ma\/wp-content\/uploads\/2024\/06\/certificatdorigine2-768x461.png 768w, https:\/\/ccis-agadir.ma\/wp-content\/uploads\/2024\/06\/certificatdorigine2-18x12.png 18w, https:\/\/ccis-agadir.ma\/wp-content\/uploads\/2024\/06\/certificatdorigine2-600x360.png 600w, https:\/\/ccis-agadir.ma\/wp-content\/uploads\/2024\/06\/certificatdorigine2-560x336.png 560w\" sizes=\"(max-width: 900px) 100vw, 900px\" \/>\t\t\t\t\t\t\t\t\t\t\t\t\t\t\t<\/div>\n\t\t\t\t<\/div>\n\t\t\t\t\t<\/div>\n\t\t<\/div>\n\t\t\t\t\t<\/div>\n\t\t<\/section>\n\t\t<div class=\"elementor-element elementor-element-d5b78ac e-flex e-con-boxed e-con e-parent\" data-id=\"d5b78ac\" data-element_type=\"container\" data-settings=\"{&quot;_ha_eqh_enable&quot;:false,&quot;ekit_has_onepagescroll_dot&quot;:&quot;yes&quot;}\">\n\t\t\t\t\t<div class=\"e-con-inner\">\n\t\t\t\t<div class=\"elementor-element elementor-element-b9c2f65 elementor-widget__width-initial elementor-widget elementor-widget-text-editor\" data-id=\"b9c2f65\" data-element_type=\"widget\" data-settings=\"{&quot;ekit_we_effect_on&quot;:&quot;none&quot;}\" data-widget_type=\"text-editor.default\">\n\t\t\t\t<div class=\"elementor-widget-container\">\n\t\t\t\t\t\t\t\t\t<p>\u0641\u064a\u0645\u0627 \u064a\u0644\u064a \u0646\u0645\u0648\u0630\u062c \u0644\u0634\u0647\u0627\u062f\u0629 \u0627\u0644\u0645\u0646\u0634\u0623:\u00a0 <a href=\"https:\/\/ccis-agadir.ma\/wp-content\/uploads\/2024\/10\/certificat-1-1.pdf\">\u0627\u0644\u0646\u0645\u0648\u0630\u062c \u0627\u0644\u0645\u0645\u0633\u0648\u062d \u0636\u0648\u0626\u064a\u0627<\/a><\/p>\t\t\t\t\t\t\t\t<\/div>\n\t\t\t\t<\/div>\n\t\t\t\t<div class=\"elementor-element elementor-element-9d0875e elementor-widget__width-initial elementor-widget elementor-widget-text-editor\" data-id=\"9d0875e\" data-element_type=\"widget\" data-settings=\"{&quot;ekit_we_effect_on&quot;:&quot;none&quot;}\" data-widget_type=\"text-editor.default\">\n\t\t\t\t<div class=\"elementor-widget-container\">\n\t\t\t\t\t\t\t\t\t<p><strong>\u0631\u0633\u0648\u0645 \u0627\u0644\u062a\u0623\u0634\u064a\u0631\u0629: 50 \u062f\u0631\u0647\u0645\u064b\u0627\/\u0645\u0644\u0641<\/strong><\/p>\t\t\t\t\t\t\t\t<\/div>\n\t\t\t\t<\/div>\n\t\t\t\t\t<\/div>\n\t\t\t\t<\/div>\n\t\t\t\t<section data-dce-background-color=\"#000000\" data-dce-background-image-url=\"https:\/\/ccis-agadir.ma\/wp-content\/uploads\/2024\/06\/IMG_20240522_113006-scaled-1.png\" class=\"elementor-section elementor-top-section elementor-element elementor-element-dbb0d93 elementor-section-full_width elementor-section-height-default elementor-section-height-default\" data-id=\"dbb0d93\" data-element_type=\"section\" data-settings=\"{&quot;background_background&quot;:&quot;classic&quot;,&quot;_ha_eqh_enable&quot;:false,&quot;ekit_has_onepagescroll_dot&quot;:&quot;yes&quot;}\">\n\t\t\t\t\t\t\t<div class=\"elementor-background-overlay\"><\/div>\n\t\t\t\t\t\t\t<div class=\"elementor-container elementor-column-gap-default\">\n\t\t\t\t\t<div class=\"elementor-column elementor-col-100 elementor-top-column elementor-element elementor-element-6c4570d\" data-id=\"6c4570d\" data-element_type=\"column\" data-settings=\"{&quot;background_background&quot;:&quot;classic&quot;}\">\n\t\t\t<div class=\"elementor-widget-wrap elementor-element-populated\">\n\t\t\t\t\t\t<div class=\"elementor-element elementor-element-635e29a elementor-widget elementor-widget-ova_heading\" data-id=\"635e29a\" data-element_type=\"widget\" data-settings=\"{&quot;ekit_we_effect_on&quot;:&quot;none&quot;}\" data-widget_type=\"ova_heading.default\">\n\t\t\t\t<div class=\"elementor-widget-container\">\n\t\t\t\t\t\t\t<div class=\"ova-heading\">\n\t\t\t\n\t\t\t\t\t\t\t<h3 class=\"title second_font\">\u062a\u0639\u0632\u064a\u0632 \u0639\u0645\u0644\u0643 \u0645\u0639 \u0644\u062f\u064a\u0646\u0627 <br>\u0628\u0631\u0627\u0645\u062c \u062d\u0635\u0631\u064a\u0629 <\/h3>\n\t\t\t\n\t\t\t\t\t\t\t<p class=\"sub-title\">\u0627\u0643\u062a\u0634\u0641 \u0628\u0631\u0627\u0645\u062c\u0643 \u0627\u0644\u0645\u0635\u0645\u0645\u0629 \u062e\u0635\u064a\u0635\u064b\u0627 \u0644\u062f\u0641\u0639 \u0639\u0645\u0644\u0643 \u0625\u0644\u0649 \u0627\u0644\u0646\u062c\u0627\u062d.<\/p>\n\t\t\t\n\t\t<\/div>\n\t\t\t\t\t\t<\/div>\n\t\t\t\t<\/div>\n\t\t\t\t\t<\/div>\n\t\t<\/div>\n\t\t\t\t\t<\/div>\n\t\t<\/section>\n\t\t\t\t<section class=\"elementor-section elementor-top-section elementor-element elementor-element-16ccd42 elementor-section-boxed elementor-section-height-default elementor-section-height-default\" data-id=\"16ccd42\" data-element_type=\"section\" data-settings=\"{&quot;_ha_eqh_enable&quot;:false,&quot;ekit_has_onepagescroll_dot&quot;:&quot;yes&quot;}\">\n\t\t\t\t\t\t<div class=\"elementor-container elementor-column-gap-default\">\n\t\t\t\t\t<div class=\"elementor-column elementor-col-100 elementor-top-column elementor-element elementor-element-1f42237\" data-id=\"1f42237\" data-element_type=\"column\">\n\t\t\t<div class=\"elementor-widget-wrap elementor-element-populated\">\n\t\t\t\t\t\t<div class=\"elementor-element elementor-element-caf1b4a elementor-widget elementor-widget-spacer\" data-id=\"caf1b4a\" data-element_type=\"widget\" data-settings=\"{&quot;ekit_we_effect_on&quot;:&quot;none&quot;}\" data-widget_type=\"spacer.default\">\n\t\t\t\t<div class=\"elementor-widget-container\">\n\t\t\t\t\t\t\t<div class=\"elementor-spacer\">\n\t\t\t<div class=\"elementor-spacer-inner\"><\/div>\n\t\t<\/div>\n\t\t\t\t\t\t<\/div>\n\t\t\t\t<\/div>\n\t\t\t\t<div class=\"elementor-element elementor-element-6e38e0c elementor-widget__width-initial elementor-widget elementor-widget-heading\" data-id=\"6e38e0c\" data-element_type=\"widget\" data-settings=\"{&quot;ekit_we_effect_on&quot;:&quot;none&quot;}\" data-widget_type=\"heading.default\">\n\t\t\t\t<div class=\"elementor-widget-container\">\n\t\t\t\t\t<h2 class=\"elementor-heading-title elementor-size-default\"><span style=\"font-family: var( --e-global-typography-primary-font-family ), Sans-serif;letter-spacing: 0px\">\u0625\u062c\u0631\u0627\u0621\u0627\u062a \u0627\u0644\u062d\u0635\u0648\u0644 \u0639\u0644\u0649 \u0634\u0647\u0627\u062f\u0629 \u0627\u0644\u0645\u0646\u0634\u0623<\/span><\/h2>\t\t\t\t<\/div>\n\t\t\t\t<\/div>\n\t\t\t\t<div class=\"elementor-element elementor-element-711f4c0 elementor-widget__width-initial elementor-widget elementor-widget-text-editor\" data-id=\"711f4c0\" data-element_type=\"widget\" data-settings=\"{&quot;ekit_we_effect_on&quot;:&quot;none&quot;}\" data-widget_type=\"text-editor.default\">\n\t\t\t\t<div class=\"elementor-widget-container\">\n\t\t\t\t\t\t\t\t\t<p>Pour obtenir un certificat d\u2019origine, les demandeurs doivent d\u2019abord soumettre un dossier juridique de leur entreprise \u00e0 la CCISA. Ce dossier doit inclure :\u00a0<\/p>\t\t\t\t\t\t\t\t<\/div>\n\t\t\t\t<\/div>\n\t\t\t\t<div class=\"elementor-element elementor-element-91e2a05 elementor-widget elementor-widget-ova_list_checked\" data-id=\"91e2a05\" data-element_type=\"widget\" data-settings=\"{&quot;ekit_we_effect_on&quot;:&quot;none&quot;}\" data-widget_type=\"ova_list_checked.default\">\n\t\t\t\t<div class=\"elementor-widget-container\">\n\t\t\t\t\t\t\t\n\t\t<div class=\"ova_list_checked\" >\n\t\t\t\t\t\t\t<ul>\n\t\t\t\t\t\t\t\t\t<li class=\"item\">\n\t\t\t\t\t\t<i data-feather=\"check-circle\"><\/i>\n\t\t\t\t\t\t<span>Les statuts de l\u2019entreprise<\/span>\n\t\t\t\t\t<\/li>\n\t\t\t\t\t\t\t\t\t<li class=\"item\">\n\t\t\t\t\t\t<i data-feather=\"check-circle\"><\/i>\n\t\t\t\t\t\t<span>Le registre de commerce (R.C)<\/span>\n\t\t\t\t\t<\/li>\n\t\t\t\t\t\t\t\t\t<li class=\"item\">\n\t\t\t\t\t\t<i data-feather=\"check-circle\"><\/i>\n\t\t\t\t\t\t<span>Une copie de la patente<\/span>\n\t\t\t\t\t<\/li>\n\t\t\t\t\t\t\t\t\t<li class=\"item\">\n\t\t\t\t\t\t<i data-feather=\"check-circle\"><\/i>\n\t\t\t\t\t\t<span>La carte d\u2019identit\u00e9 nationale (CIN) du g\u00e9rant<\/span>\n\t\t\t\t\t<\/li>\n\t\t\t\t\t\t\t\t<\/ul>\n\t\t\t\n\t\t<\/div>\n\n\t\t\t\t\t\t<\/div>\n\t\t\t\t<\/div>\n\t\t\t\t<div class=\"elementor-element elementor-element-67ba480 elementor-widget__width-initial elementor-widget elementor-widget-text-editor\" data-id=\"67ba480\" data-element_type=\"widget\" data-settings=\"{&quot;ekit_we_effect_on&quot;:&quot;none&quot;}\" data-widget_type=\"text-editor.default\">\n\t\t\t\t<div class=\"elementor-widget-container\">\n\t\t\t\t\t\t\t\t\t<p>\u00a0<\/p><p>\u0628\u0627\u0644\u0625\u0636\u0627\u0641\u0629 \u0625\u0644\u0649 \u0647\u0630\u0647 \u0627\u0644\u0645\u0633\u062a\u0646\u062f\u0627\u062a\u060c \u064a\u062c\u0628 \u062a\u0642\u062f\u064a\u0645 \u062c\u0645\u064a\u0639 \u0625\u062b\u0628\u0627\u062a\u0627\u062a \u0645\u0646\u0634\u0623 \u0627\u0644\u0645\u0646\u062a\u062c\u0627\u062a \u0627\u0644\u0645\u062e\u0635\u0635\u0629 \u0644\u0644\u062a\u0635\u062f\u064a\u0631.<\/p>\t\t\t\t\t\t\t\t<\/div>\n\t\t\t\t<\/div>\n\t\t\t\t\t<\/div>\n\t\t<\/div>\n\t\t\t\t\t<\/div>\n\t\t<\/section>\n\t\t\t\t<\/div>","protected":false},"excerpt":{"rendered":"<p>Certificats d&#8217;origine :Un Atout Essentiel pour les Exportateurs Le certificat d\u2019origine est un document indispensable dans les op\u00e9rations d\u2019exportation. Il accompagne les marchandises et atteste de leur provenance, r\u00e9pondant ainsi aux exigences douani\u00e8res et commerciales. La Chambre de Commerce, d\u2019Industrie et de Services d\u2019Agadir (CCISSM) est autoris\u00e9e \u00e0 d\u00e9livrer et authentifier ces certificats pour les [&hellip;]<\/p>","protected":false},"author":1,"featured_media":0,"parent":0,"menu_order":0,"comment_status":"closed","ping_status":"closed","template":"elementor_header_footer","meta":{"footnotes":""},"class_list":["post-5899","page","type-page","status-publish","hentry"],"_links":{"self":[{"href":"https:\/\/ccis-agadir.ma\/ar\/wp-json\/wp\/v2\/pages\/5899","targetHints":{"allow":["GET"]}}],"collection":[{"href":"https:\/\/ccis-agadir.ma\/ar\/wp-json\/wp\/v2\/pages"}],"about":[{"href":"https:\/\/ccis-agadir.ma\/ar\/wp-json\/wp\/v2\/types\/page"}],"author":[{"embeddable":true,"href":"https:\/\/ccis-agadir.ma\/ar\/wp-json\/wp\/v2\/users\/1"}],"replies":[{"embeddable":true,"href":"https:\/\/ccis-agadir.ma\/ar\/wp-json\/wp\/v2\/comments?post=5899"}],"version-history":[{"count":49,"href":"https:\/\/ccis-agadir.ma\/ar\/wp-json\/wp\/v2\/pages\/5899\/revisions"}],"predecessor-version":[{"id":11084,"href":"https:\/\/ccis-agadir.ma\/ar\/wp-json\/wp\/v2\/pages\/5899\/revisions\/11084"}],"wp:attachment":[{"href":"https:\/\/ccis-agadir.ma\/ar\/wp-json\/wp\/v2\/media?parent=5899"}],"curies":[{"name":"wp","href":"https:\/\/api.w.org\/{rel}","templated":true}]}}