{"id":7913,"date":"2024-06-25T15:36:46","date_gmt":"2024-06-25T15:36:46","guid":{"rendered":"https:\/\/ccis-agadir.ma\/?page_id=7913"},"modified":"2024-07-01T15:54:23","modified_gmt":"2024-07-01T15:54:23","slug":"programme-go-siyaha","status":"publish","type":"page","link":"https:\/\/ccis-agadir.ma\/ar\/programme-go-siyaha\/","title":{"rendered":"Programme Go Siyaha"},"content":{"rendered":"<div data-elementor-type=\"wp-page\" data-elementor-id=\"7913\" class=\"elementor elementor-7913\" data-elementor-settings=\"{&quot;ha_cmc_init_switcher&quot;:&quot;no&quot;}\" data-elementor-post-type=\"page\">\n\t\t\t\t<div class=\"elementor-element elementor-element-6b1ca5e e-flex e-con-boxed e-con e-parent\" data-id=\"6b1ca5e\" data-element_type=\"container\" data-settings=\"{&quot;_ha_eqh_enable&quot;:false,&quot;ekit_has_onepagescroll_dot&quot;:&quot;yes&quot;}\">\n\t\t\t\t\t<div class=\"e-con-inner\">\n\t\t\t\t<div class=\"elementor-element elementor-element-0c00eb7 elementor-widget elementor-widget-heading\" data-id=\"0c00eb7\" data-element_type=\"widget\" data-settings=\"{&quot;ekit_we_effect_on&quot;:&quot;none&quot;}\" data-widget_type=\"heading.default\">\n\t\t\t\t<div class=\"elementor-widget-container\">\n\t\t\t\t\t<h2 class=\"elementor-heading-title elementor-size-default\">Un Soutien Essentiel \u00e0 la Cr\u00e9ation d'Entreprises<\/h2>\t\t\t\t<\/div>\n\t\t\t\t<\/div>\n\t\t\t\t<div class=\"elementor-element elementor-element-a44d618 elementor-widget elementor-widget-heading\" data-id=\"a44d618\" data-element_type=\"widget\" data-settings=\"{&quot;ekit_we_effect_on&quot;:&quot;none&quot;}\" data-widget_type=\"heading.default\">\n\t\t\t\t<div class=\"elementor-widget-container\">\n\t\t\t\t\t<h2 class=\"elementor-heading-title elementor-size-default\">Programme Moukawalati<\/h2>\t\t\t\t<\/div>\n\t\t\t\t<\/div>\n\t\t\t\t\t<\/div>\n\t\t\t\t<\/div>\n\t\t<div class=\"elementor-element elementor-element-1c99976 e-flex e-con-boxed e-con e-parent\" data-id=\"1c99976\" data-element_type=\"container\" data-settings=\"{&quot;_ha_eqh_enable&quot;:false,&quot;ekit_has_onepagescroll_dot&quot;:&quot;yes&quot;}\">\n\t\t\t\t\t<div class=\"e-con-inner\">\n\t\t\t\t<div class=\"elementor-element elementor-element-6ffcb42 dce_masking-none elementor-widget elementor-widget-image\" data-id=\"6ffcb42\" data-element_type=\"widget\" data-settings=\"{&quot;ekit_we_effect_on&quot;:&quot;none&quot;}\" data-widget_type=\"image.default\">\n\t\t\t\t<div class=\"elementor-widget-container\">\n\t\t\t\t\t\t\t\t\t\t\t\t\t\t\t<img fetchpriority=\"high\" decoding=\"async\" width=\"1024\" height=\"300\" src=\"https:\/\/ccis-agadir.ma\/wp-content\/uploads\/2024\/07\/Go-siyaha-1024x300.png\" class=\"attachment-large size-large wp-image-8359\" alt=\"\" srcset=\"https:\/\/ccis-agadir.ma\/wp-content\/uploads\/2024\/07\/Go-siyaha-1024x300.png 1024w, https:\/\/ccis-agadir.ma\/wp-content\/uploads\/2024\/07\/Go-siyaha-300x88.png 300w, https:\/\/ccis-agadir.ma\/wp-content\/uploads\/2024\/07\/Go-siyaha-768x225.png 768w, https:\/\/ccis-agadir.ma\/wp-content\/uploads\/2024\/07\/Go-siyaha-1536x450.png 1536w, https:\/\/ccis-agadir.ma\/wp-content\/uploads\/2024\/07\/Go-siyaha-18x5.png 18w, https:\/\/ccis-agadir.ma\/wp-content\/uploads\/2024\/07\/Go-siyaha-600x176.png 600w, https:\/\/ccis-agadir.ma\/wp-content\/uploads\/2024\/07\/Go-siyaha-560x164.png 560w, https:\/\/ccis-agadir.ma\/wp-content\/uploads\/2024\/07\/Go-siyaha.png 1858w\" sizes=\"(max-width: 1024px) 100vw, 1024px\" \/>\t\t\t\t\t\t\t\t\t\t\t\t\t\t\t<\/div>\n\t\t\t\t<\/div>\n\t\t\t\t\t<\/div>\n\t\t\t\t<\/div>\n\t\t<div class=\"elementor-element elementor-element-94756fc e-flex e-con-boxed e-con e-parent\" data-id=\"94756fc\" data-element_type=\"container\" data-settings=\"{&quot;_ha_eqh_enable&quot;:false,&quot;ekit_has_onepagescroll_dot&quot;:&quot;yes&quot;}\">\n\t\t\t\t\t<div class=\"e-con-inner\">\n\t\t\t\t<div class=\"elementor-element elementor-element-e518945 elementor-widget__width-initial elementor-widget elementor-widget-text-editor\" data-id=\"e518945\" data-element_type=\"widget\" data-settings=\"{&quot;ekit_we_effect_on&quot;:&quot;none&quot;}\" data-widget_type=\"text-editor.default\">\n\t\t\t\t<div class=\"elementor-widget-container\">\n\t\t\t\t\t\t\t\t\t<p>Le secteur touristique marocain, pilier \u00e9conomique du royaume, s\u2019appr\u00eate \u00e0 conna\u00eetre une transformation significative gr\u00e2ce au lancement du programme Go Siyaha. Dot\u00e9 d\u2019une enveloppe budg\u00e9taire de 720 millions de dirhams (MDH), ce programme ambitieux vise \u00e0 accompagner plus de 1.700 entreprises touristiques dans leur qu\u00eate d\u2019innovation, de durabilit\u00e9 et de comp\u00e9titivit\u00e9. Cet article explore les multiples facettes de Go Siyaha, ses objectifs, ses dispositifs d\u2019accompagnement, et son impact potentiel sur l\u2019industrie touristique marocaine.<\/p>\t\t\t\t\t\t\t\t<\/div>\n\t\t\t\t<\/div>\n\t\t\t\t\t<\/div>\n\t\t\t\t<\/div>\n\t\t<div class=\"elementor-element elementor-element-2f8bd0e e-flex e-con-boxed e-con e-parent\" data-id=\"2f8bd0e\" data-element_type=\"container\" data-settings=\"{&quot;_ha_eqh_enable&quot;:false,&quot;ekit_has_onepagescroll_dot&quot;:&quot;yes&quot;}\">\n\t\t\t\t\t<div class=\"e-con-inner\">\n\t\t<div class=\"elementor-element elementor-element-39defbd e-con-full e-flex e-con e-child\" data-id=\"39defbd\" data-element_type=\"container\" data-settings=\"{&quot;_ha_eqh_enable&quot;:false,&quot;ekit_has_onepagescroll_dot&quot;:&quot;yes&quot;}\">\n\t\t\t\t<div class=\"elementor-element elementor-element-9caa671 elementor-widget__width-initial elementor-widget elementor-widget-text-editor\" data-id=\"9caa671\" data-element_type=\"widget\" data-settings=\"{&quot;ekit_we_effect_on&quot;:&quot;none&quot;}\" data-widget_type=\"text-editor.default\">\n\t\t\t\t<div class=\"elementor-widget-container\">\n\t\t\t\t\t\t\t\t\t<p>Le programme national d&#8217;appui \u00e0 la cr\u00e9ation d&#8217;entreprises \u00ab Moukawalati \u00bb a \u00e9t\u00e9 lanc\u00e9 par le gouvernement marocain pour encourager les entrepreneurs \u00e0 cr\u00e9er leurs entreprises via un syst\u00e8me de guichet unique. Ce programme offre un accompagnement structur\u00e9 en trois phases pour assurer le succ\u00e8s des nouveaux projets entrepreneuriaux.<\/p><p>\u00a0<\/p>\t\t\t\t\t\t\t\t<\/div>\n\t\t\t\t<\/div>\n\t\t\t\t<\/div>\n\t\t\t\t\t<\/div>\n\t\t\t\t<\/div>\n\t\t<div class=\"elementor-element elementor-element-a91a154 e-flex e-con-boxed e-con e-parent\" data-id=\"a91a154\" data-element_type=\"container\" data-settings=\"{&quot;_ha_eqh_enable&quot;:false,&quot;ekit_has_onepagescroll_dot&quot;:&quot;yes&quot;}\">\n\t\t\t\t\t<div class=\"e-con-inner\">\n\t\t\t\t<div class=\"elementor-element elementor-element-fdcc1b3 elementor-widget elementor-widget-heading\" data-id=\"fdcc1b3\" data-element_type=\"widget\" data-settings=\"{&quot;ekit_we_effect_on&quot;:&quot;none&quot;}\" data-widget_type=\"heading.default\">\n\t\t\t\t<div class=\"elementor-widget-container\">\n\t\t\t\t\t<h2 class=\"elementor-heading-title elementor-size-default\">Objectifs du Programme Go Siyaha\n<\/h2>\t\t\t\t<\/div>\n\t\t\t\t<\/div>\n\t\t\t\t<div class=\"elementor-element elementor-element-5259be0 according-egov elementor-widget__width-initial elementor-widget elementor-widget-accordion\" data-id=\"5259be0\" data-element_type=\"widget\" data-settings=\"{&quot;ekit_we_effect_on&quot;:&quot;none&quot;}\" data-widget_type=\"accordion.default\">\n\t\t\t\t<div class=\"elementor-widget-container\">\n\t\t\t\t\t\t\t<div class=\"elementor-accordion\">\n\t\t\t\t\t\t\t<div class=\"elementor-accordion-item\">\n\t\t\t\t\t<div id=\"elementor-tab-title-8631\" class=\"elementor-tab-title\" data-tab=\"1\" role=\"button\" aria-controls=\"elementor-tab-content-8631\" aria-expanded=\"false\">\n\t\t\t\t\t\t\t\t\t\t\t\t\t<span class=\"elementor-accordion-icon elementor-accordion-icon-right\" aria-hidden=\"true\">\n\t\t\t\t\t\t\t\t\t\t\t\t\t\t\t<span class=\"elementor-accordion-icon-closed\"><svg class=\"e-font-icon-svg e-fas-chevron-down\" viewbox=\"0 0 448 512\" xmlns=\"http:\/\/www.w3.org\/2000\/svg\"><path d=\"M207.029 381.476L12.686 187.132c-9.373-9.373-9.373-24.569 0-33.941l22.667-22.667c9.357-9.357 24.522-9.375 33.901-.04L224 284.505l154.745-154.021c9.379-9.335 24.544-9.317 33.901.04l22.667 22.667c9.373 9.373 9.373 24.569 0 33.941L240.971 381.476c-9.373 9.372-24.569 9.372-33.942 0z\"><\/path><\/svg><\/span>\n\t\t\t\t\t\t\t\t<span class=\"elementor-accordion-icon-opened\"><svg class=\"e-font-icon-svg e-fas-chevron-up\" viewbox=\"0 0 448 512\" xmlns=\"http:\/\/www.w3.org\/2000\/svg\"><path d=\"M240.971 130.524l194.343 194.343c9.373 9.373 9.373 24.569 0 33.941l-22.667 22.667c-9.357 9.357-24.522 9.375-33.901.04L224 227.495 69.255 381.516c-9.379 9.335-24.544 9.317-33.901-.04l-22.667-22.667c-9.373-9.373-9.373-24.569 0-33.941L207.03 130.525c9.372-9.373 24.568-9.373 33.941-.001z\"><\/path><\/svg><\/span>\n\t\t\t\t\t\t\t\t\t\t\t\t\t\t<\/span>\n\t\t\t\t\t\t\t\t\t\t\t\t<a class=\"elementor-accordion-title\" tabindex=\"0\">Phase d'\u00c9tude : Pr\u00e9paration et Planification<\/a>\n\t\t\t\t\t<\/div>\n\t\t\t\t\t<div id=\"elementor-tab-content-8631\" class=\"elementor-tab-content elementor-clearfix\" data-tab=\"1\" role=\"region\" aria-labelledby=\"elementor-tab-title-8631\"><p>La premi\u00e8re phase du programme \u00ab Moukawalati \u00bb se concentre sur <strong>l&#8217;\u00e9tude de march\u00e9 et l&#8217;\u00e9tude technique.<\/strong> Les entrepreneurs b\u00e9n\u00e9ficient de formations pratiques pour les aider \u00e0 r\u00e9aliser des \u00e9tudes techniques et \u00e0 collecter des informations sur leurs projets. Des ateliers collectifs permettent de compiler et r\u00e9diger les donn\u00e9es n\u00e9cessaires. Cette phase inclut \u00e9galement une formation aux techniques de management, une initiation aux aspects administratifs et financiers de base, et la pr\u00e9sentation du business plan pour optimiser la communication. Enfin, le dossier est pr\u00e9par\u00e9 pour \u00eatre soumis \u00e0 la banque en vue d&#8217;un financement.<\/p><p>\u00a0<\/p><\/div>\n\t\t\t\t<\/div>\n\t\t\t\t\t\t\t<div class=\"elementor-accordion-item\">\n\t\t\t\t\t<div id=\"elementor-tab-title-8632\" class=\"elementor-tab-title\" data-tab=\"2\" role=\"button\" aria-controls=\"elementor-tab-content-8632\" aria-expanded=\"false\">\n\t\t\t\t\t\t\t\t\t\t\t\t\t<span class=\"elementor-accordion-icon elementor-accordion-icon-right\" aria-hidden=\"true\">\n\t\t\t\t\t\t\t\t\t\t\t\t\t\t\t<span class=\"elementor-accordion-icon-closed\"><svg class=\"e-font-icon-svg e-fas-chevron-down\" viewbox=\"0 0 448 512\" xmlns=\"http:\/\/www.w3.org\/2000\/svg\"><path d=\"M207.029 381.476L12.686 187.132c-9.373-9.373-9.373-24.569 0-33.941l22.667-22.667c9.357-9.357 24.522-9.375 33.901-.04L224 284.505l154.745-154.021c9.379-9.335 24.544-9.317 33.901.04l22.667 22.667c9.373 9.373 9.373 24.569 0 33.941L240.971 381.476c-9.373 9.372-24.569 9.372-33.942 0z\"><\/path><\/svg><\/span>\n\t\t\t\t\t\t\t\t<span class=\"elementor-accordion-icon-opened\"><svg class=\"e-font-icon-svg e-fas-chevron-up\" viewbox=\"0 0 448 512\" xmlns=\"http:\/\/www.w3.org\/2000\/svg\"><path d=\"M240.971 130.524l194.343 194.343c9.373 9.373 9.373 24.569 0 33.941l-22.667 22.667c-9.357 9.357-24.522 9.375-33.901.04L224 227.495 69.255 381.516c-9.379 9.335-24.544 9.317-33.901-.04l-22.667-22.667c-9.373-9.373-9.373-24.569 0-33.941L207.03 130.525c9.372-9.373 24.568-9.373 33.941-.001z\"><\/path><\/svg><\/span>\n\t\t\t\t\t\t\t\t\t\t\t\t\t\t<\/span>\n\t\t\t\t\t\t\t\t\t\t\t\t<a class=\"elementor-accordion-title\" tabindex=\"0\">Phase d'Appui au Lancement : Ajustements et D\u00e9marrage<\/a>\n\t\t\t\t\t<\/div>\n\t\t\t\t\t<div id=\"elementor-tab-content-8632\" class=\"elementor-tab-content elementor-clearfix\" data-tab=\"2\" role=\"region\" aria-labelledby=\"elementor-tab-title-8632\"><p>La deuxi\u00e8me phase consiste \u00e0 apporter un appui au lancement de l&#8217;entreprise. Si la banque demande des rectifications, le business plan est ajust\u00e9 en cons\u00e9quence. Cette phase comprend \u00e9galement une aide au d\u00e9marrage pour s&#8217;assurer que l&#8217;entreprise commence ses activit\u00e9s sur des bases solides.<\/p><p>\u00a0<\/p><\/div>\n\t\t\t\t<\/div>\n\t\t\t\t\t\t\t<div class=\"elementor-accordion-item\">\n\t\t\t\t\t<div id=\"elementor-tab-title-8633\" class=\"elementor-tab-title\" data-tab=\"3\" role=\"button\" aria-controls=\"elementor-tab-content-8633\" aria-expanded=\"false\">\n\t\t\t\t\t\t\t\t\t\t\t\t\t<span class=\"elementor-accordion-icon elementor-accordion-icon-right\" aria-hidden=\"true\">\n\t\t\t\t\t\t\t\t\t\t\t\t\t\t\t<span class=\"elementor-accordion-icon-closed\"><svg class=\"e-font-icon-svg e-fas-chevron-down\" viewbox=\"0 0 448 512\" xmlns=\"http:\/\/www.w3.org\/2000\/svg\"><path d=\"M207.029 381.476L12.686 187.132c-9.373-9.373-9.373-24.569 0-33.941l22.667-22.667c9.357-9.357 24.522-9.375 33.901-.04L224 284.505l154.745-154.021c9.379-9.335 24.544-9.317 33.901.04l22.667 22.667c9.373 9.373 9.373 24.569 0 33.941L240.971 381.476c-9.373 9.372-24.569 9.372-33.942 0z\"><\/path><\/svg><\/span>\n\t\t\t\t\t\t\t\t<span class=\"elementor-accordion-icon-opened\"><svg class=\"e-font-icon-svg e-fas-chevron-up\" viewbox=\"0 0 448 512\" xmlns=\"http:\/\/www.w3.org\/2000\/svg\"><path d=\"M240.971 130.524l194.343 194.343c9.373 9.373 9.373 24.569 0 33.941l-22.667 22.667c-9.357 9.357-24.522 9.375-33.901.04L224 227.495 69.255 381.516c-9.379 9.335-24.544 9.317-33.901-.04l-22.667-22.667c-9.373-9.373-9.373-24.569 0-33.941L207.03 130.525c9.372-9.373 24.568-9.373 33.941-.001z\"><\/path><\/svg><\/span>\n\t\t\t\t\t\t\t\t\t\t\t\t\t\t<\/span>\n\t\t\t\t\t\t\t\t\t\t\t\t<a class=\"elementor-accordion-title\" tabindex=\"0\">Phase de Suivi : Accompagnement Continu<\/a>\n\t\t\t\t\t<\/div>\n\t\t\t\t\t<div id=\"elementor-tab-content-8633\" class=\"elementor-tab-content elementor-clearfix\" data-tab=\"3\" role=\"region\" aria-labelledby=\"elementor-tab-title-8633\"><p>La troisi\u00e8me phase du programme \u00ab Moukawalati \u00bb est d\u00e9di\u00e9e au suivi des entreprises nouvellement cr\u00e9\u00e9es. Des diagnostics sont r\u00e9alis\u00e9s pour \u00e9valuer l&#8217;ensemble des activit\u00e9s de l&#8217;entreprise, et des recommandations sont \u00e9mises pour am\u00e9liorer son fonctionnement et assurer sa p\u00e9rennit\u00e9.<\/p><p>\u00a0<\/p><\/div>\n\t\t\t\t<\/div>\n\t\t\t\t\t\t\t\t<\/div>\n\t\t\t\t\t\t<\/div>\n\t\t\t\t<\/div>\n\t\t\t\t\t<\/div>\n\t\t\t\t<\/div>\n\t\t<div class=\"elementor-element elementor-element-3aed5c4 e-flex e-con-boxed e-con e-parent\" data-id=\"3aed5c4\" data-element_type=\"container\" data-settings=\"{&quot;_ha_eqh_enable&quot;:false,&quot;ekit_has_onepagescroll_dot&quot;:&quot;yes&quot;}\">\n\t\t\t\t\t<div class=\"e-con-inner\">\n\t\t\t\t<div class=\"elementor-element elementor-element-05f578c elementor-widget elementor-widget-heading\" data-id=\"05f578c\" data-element_type=\"widget\" data-settings=\"{&quot;ekit_we_effect_on&quot;:&quot;none&quot;}\" data-widget_type=\"heading.default\">\n\t\t\t\t<div class=\"elementor-widget-container\">\n\t\t\t\t\t<h2 class=\"elementor-heading-title elementor-size-default\">Crit\u00e8res d'\u00c9ligibilit\u00e9 et Inscription\n<\/h2>\t\t\t\t<\/div>\n\t\t\t\t<\/div>\n\t\t\t\t<div class=\"elementor-element elementor-element-f711d99 elementor-widget elementor-widget-text-editor\" data-id=\"f711d99\" data-element_type=\"widget\" data-settings=\"{&quot;ekit_we_effect_on&quot;:&quot;none&quot;}\" data-widget_type=\"text-editor.default\">\n\t\t\t\t<div class=\"elementor-widget-container\">\n\t\t\t\t\t\t\t\t\t<p>Pour b\u00e9n\u00e9ficier de ce programme, les entrepreneurs doivent r\u00e9pondre aux crit\u00e8res suivants :<\/p>\t\t\t\t\t\t\t\t<\/div>\n\t\t\t\t<\/div>\n\t\t\t\t<div class=\"elementor-element elementor-element-c523da6 elementor-widget elementor-widget-ova_list_checked\" data-id=\"c523da6\" data-element_type=\"widget\" data-settings=\"{&quot;ekit_we_effect_on&quot;:&quot;none&quot;}\" data-widget_type=\"ova_list_checked.default\">\n\t\t\t\t<div class=\"elementor-widget-container\">\n\t\t\t\t\t\t\t\n\t\t<div class=\"ova_list_checked\" >\n\t\t\t\t\t\t\t<ul>\n\t\t\t\t\t\t\t\t\t<li class=\"item\">\n\t\t\t\t\t\t<i data-feather=\"check-circle\"><\/i>\n\t\t\t\t\t\t<span>Le co\u00fbt de votre investissement doit \u00eatre compris entre 50.000 Dirhams et 500.000 Dirhams<\/span>\n\t\t\t\t\t<\/li>\n\t\t\t\t\t\t\t\t\t<li class=\"item\">\n\t\t\t\t\t\t<i data-feather=\"check-circle\"><\/i>\n\t\t\t\t\t\t<span>De nationalit\u00e9 marocaine <\/span>\n\t\t\t\t\t<\/li>\n\t\t\t\t\t\t\t\t\t<li class=\"item\">\n\t\t\t\t\t\t<i data-feather=\"check-circle\"><\/i>\n\t\t\t\t\t\t<span>\u00c2g\u00e9 entre 20 et 45 ans \u00e0 la date de d\u00e9p\u00f4t de la demande de cr\u00e9dit <\/span>\n\t\t\t\t\t<\/li>\n\t\t\t\t\t\t\t\t\t<li class=\"item\">\n\t\t\t\t\t\t<i data-feather=\"check-circle\"><\/i>\n\t\t\t\t\t\t<span>Titulaire d\u2019un dipl\u00f4me (public ou priv\u00e9) <\/span>\n\t\t\t\t\t<\/li>\n\t\t\t\t\t\t\t\t\t<li class=\"item\">\n\t\t\t\t\t\t<i data-feather=\"check-circle\"><\/i>\n\t\t\t\t\t\t<span>Inscrit \u00e0 l\u2019ANAPEC \u00e0 travers les guichets Moukawalati <\/span>\n\t\t\t\t\t<\/li>\n\t\t\t\t\t\t\t\t\t<li class=\"item\">\n\t\t\t\t\t\t<i data-feather=\"check-circle\"><\/i>\n\t\t\t\t\t\t<span>Porteur d\u2019un projet de premi\u00e8re cr\u00e9ation d\u2019entreprise<\/span>\n\t\t\t\t\t<\/li>\n\t\t\t\t\t\t\t\t<\/ul>\n\t\t\t\n\t\t<\/div>\n\n\t\t\t\t\t\t<\/div>\n\t\t\t\t<\/div>\n\t\t\t\t<div class=\"elementor-element elementor-element-7379f48 elementor-widget elementor-widget-text-editor\" data-id=\"7379f48\" data-element_type=\"widget\" data-settings=\"{&quot;ekit_we_effect_on&quot;:&quot;none&quot;}\" data-widget_type=\"text-editor.default\">\n\t\t\t\t<div class=\"elementor-widget-container\">\n\t\t\t\t\t\t\t\t\t<p>L&#8217;inscription au programme &#8220;MOUKAWALATI&#8221; se fait aupr\u00e8s du guichet d&#8217;appui \u00e0 la cr\u00e9ation d&#8217;entreprises situ\u00e9 \u00e0 la CCIS SM. Ce guichet devient l&#8217;interlocuteur principal du porteur de projet. \u00c0 ce dernier est remis un guide d\u00e9taillant les droits et obligations du candidat, ainsi que le processus complet comprenant les diff\u00e9rentes \u00e9tapes du parcours de l&#8217;entrepreneur. Si le porteur de projet d\u00e9cide de continuer, il remplit alors un dossier de candidature qui est saisi simultan\u00e9ment dans le syst\u00e8me d&#8217;information du programme &#8220;MOUKAWALATI&#8221;.<\/p><p>Pour des informations suppl\u00e9mentaires, veuillez <a href=\"https:\/\/miepeec.gov.ma\/wp-content\/uploads\/2019\/12\/Programme-\u00ab-MOUKAWALATI-\u00bb.pdf\">Cliquer ici<\/a><\/p>\t\t\t\t\t\t\t\t<\/div>\n\t\t\t\t<\/div>\n\t\t\t\t\t<\/div>\n\t\t\t\t<\/div>\n\t\t\t\t<\/div>","protected":false},"excerpt":{"rendered":"<p>Un Soutien Essentiel \u00e0 la Cr\u00e9ation d&#8217;Entreprises Programme Moukawalati Le secteur touristique marocain, pilier \u00e9conomique du royaume, s\u2019appr\u00eate \u00e0 conna\u00eetre une transformation significative gr\u00e2ce au lancement du programme Go Siyaha. Dot\u00e9 d\u2019une enveloppe budg\u00e9taire de 720 millions de dirhams (MDH), ce programme ambitieux vise \u00e0 accompagner plus de 1.700 entreprises touristiques dans leur qu\u00eate d\u2019innovation, [&hellip;]<\/p>","protected":false},"author":1,"featured_media":0,"parent":0,"menu_order":0,"comment_status":"closed","ping_status":"closed","template":"elementor_header_footer","meta":{"footnotes":""},"class_list":["post-7913","page","type-page","status-publish","hentry"],"_links":{"self":[{"href":"https:\/\/ccis-agadir.ma\/ar\/wp-json\/wp\/v2\/pages\/7913","targetHints":{"allow":["GET"]}}],"collection":[{"href":"https:\/\/ccis-agadir.ma\/ar\/wp-json\/wp\/v2\/pages"}],"about":[{"href":"https:\/\/ccis-agadir.ma\/ar\/wp-json\/wp\/v2\/types\/page"}],"author":[{"embeddable":true,"href":"https:\/\/ccis-agadir.ma\/ar\/wp-json\/wp\/v2\/users\/1"}],"replies":[{"embeddable":true,"href":"https:\/\/ccis-agadir.ma\/ar\/wp-json\/wp\/v2\/comments?post=7913"}],"version-history":[{"count":4,"href":"https:\/\/ccis-agadir.ma\/ar\/wp-json\/wp\/v2\/pages\/7913\/revisions"}],"predecessor-version":[{"id":8415,"href":"https:\/\/ccis-agadir.ma\/ar\/wp-json\/wp\/v2\/pages\/7913\/revisions\/8415"}],"wp:attachment":[{"href":"https:\/\/ccis-agadir.ma\/ar\/wp-json\/wp\/v2\/media?parent=7913"}],"curies":[{"name":"wp","href":"https:\/\/api.w.org\/{rel}","templated":true}]}}