{"id":8091,"date":"2024-06-27T11:35:29","date_gmt":"2024-06-27T11:35:29","guid":{"rendered":"https:\/\/ccis-agadir.ma\/?page_id=8091"},"modified":"2024-09-21T10:37:44","modified_gmt":"2024-09-21T10:37:44","slug":"centre-darbitrage","status":"publish","type":"page","link":"https:\/\/ccis-agadir.ma\/ar\/centre-darbitrage\/","title":{"rendered":"Centre d\u2019arbitrage"},"content":{"rendered":"<div data-elementor-type=\"wp-page\" data-elementor-id=\"8091\" class=\"elementor elementor-8091\" data-elementor-settings=\"{&quot;ha_cmc_init_switcher&quot;:&quot;no&quot;}\" data-elementor-post-type=\"page\">\n\t\t\t\t<div class=\"elementor-element elementor-element-f2631f2 e-con-full e-flex e-con e-parent\" data-id=\"f2631f2\" data-element_type=\"container\" data-settings=\"{&quot;_ha_eqh_enable&quot;:false,&quot;ekit_has_onepagescroll_dot&quot;:&quot;yes&quot;}\">\n\t\t\t\t<div class=\"elementor-element elementor-element-f628239 elementor-widget__width-inherit dce_masking-none elementor-widget elementor-widget-image\" data-id=\"f628239\" data-element_type=\"widget\" data-settings=\"{&quot;ekit_we_effect_on&quot;:&quot;none&quot;}\" data-widget_type=\"image.default\">\n\t\t\t\t<div class=\"elementor-widget-container\">\n\t\t\t\t\t\t\t\t\t\t\t\t\t\t\t<img fetchpriority=\"high\" decoding=\"async\" width=\"2880\" height=\"631\" src=\"https:\/\/ccis-agadir.ma\/wp-content\/uploads\/2024\/09\/Centre-darbitrage_.png\" class=\"attachment-full size-full wp-image-9800\" alt=\"\" srcset=\"https:\/\/ccis-agadir.ma\/wp-content\/uploads\/2024\/09\/Centre-darbitrage_.png 2880w, https:\/\/ccis-agadir.ma\/wp-content\/uploads\/2024\/09\/Centre-darbitrage_-300x66.png 300w, https:\/\/ccis-agadir.ma\/wp-content\/uploads\/2024\/09\/Centre-darbitrage_-1024x224.png 1024w, https:\/\/ccis-agadir.ma\/wp-content\/uploads\/2024\/09\/Centre-darbitrage_-768x168.png 768w, https:\/\/ccis-agadir.ma\/wp-content\/uploads\/2024\/09\/Centre-darbitrage_-1536x337.png 1536w, https:\/\/ccis-agadir.ma\/wp-content\/uploads\/2024\/09\/Centre-darbitrage_-2048x449.png 2048w, https:\/\/ccis-agadir.ma\/wp-content\/uploads\/2024\/09\/Centre-darbitrage_-18x4.png 18w, https:\/\/ccis-agadir.ma\/wp-content\/uploads\/2024\/09\/Centre-darbitrage_-600x131.png 600w, https:\/\/ccis-agadir.ma\/wp-content\/uploads\/2024\/09\/Centre-darbitrage_-560x123.png 560w, https:\/\/ccis-agadir.ma\/wp-content\/uploads\/2024\/09\/Centre-darbitrage_-1320x289.png 1320w\" sizes=\"(max-width: 2880px) 100vw, 2880px\" \/>\t\t\t\t\t\t\t\t\t\t\t\t\t\t\t<\/div>\n\t\t\t\t<\/div>\n\t\t\t\t<\/div>\n\t\t\t\t<section data-dce-background-color=\"#000000\" data-dce-background-image-url=\"https:\/\/ccis-agadir.ma\/wp-content\/uploads\/2024\/06\/IMG_20240522_103703-scaled-1.png\" class=\"elementor-section elementor-top-section elementor-element elementor-element-89b2383 elementor-section-full_width elementor-section-height-default elementor-section-height-default\" data-id=\"89b2383\" data-element_type=\"section\" data-settings=\"{&quot;background_background&quot;:&quot;classic&quot;,&quot;_ha_eqh_enable&quot;:false,&quot;ekit_has_onepagescroll_dot&quot;:&quot;yes&quot;}\">\n\t\t\t\t\t\t\t<div class=\"elementor-background-overlay\"><\/div>\n\t\t\t\t\t\t\t<div class=\"elementor-container elementor-column-gap-default\">\n\t\t\t\t\t<div class=\"elementor-column elementor-col-100 elementor-top-column elementor-element elementor-element-8c47192\" data-id=\"8c47192\" data-element_type=\"column\" data-settings=\"{&quot;background_background&quot;:&quot;classic&quot;}\">\n\t\t\t<div class=\"elementor-widget-wrap elementor-element-populated\">\n\t\t\t\t\t\t<div class=\"elementor-element elementor-element-b6faed6 elementor-widget elementor-widget-ova_heading\" data-id=\"b6faed6\" data-element_type=\"widget\" data-settings=\"{&quot;ekit_we_effect_on&quot;:&quot;none&quot;}\" data-widget_type=\"ova_heading.default\">\n\t\t\t\t<div class=\"elementor-widget-container\">\n\t\t\t\t\t\t\t<div class=\"ova-heading\">\n\t\t\t\n\t\t\t\t\t\t\t<h3 class=\"title second_font\">\u062a\u0639\u0632\u064a\u0632 \u0639\u0645\u0644\u0643 \u0645\u0639 \u0644\u062f\u064a\u0646\u0627 <br>\u0628\u0631\u0627\u0645\u062c \u062d\u0635\u0631\u064a\u0629 <\/h3>\n\t\t\t\n\t\t\t\t\t\t\t<p class=\"sub-title\">\u0627\u0643\u062a\u0634\u0641 \u0628\u0631\u0627\u0645\u062c\u0643 \u0627\u0644\u0645\u0635\u0645\u0645\u0629 \u062e\u0635\u064a\u0635\u064b\u0627 \u0644\u062f\u0641\u0639 \u0639\u0645\u0644\u0643 \u0625\u0644\u0649 \u0627\u0644\u0646\u062c\u0627\u062d.<\/p>\n\t\t\t\n\t\t<\/div>\n\t\t\t\t\t\t<\/div>\n\t\t\t\t<\/div>\n\t\t\t\t<div class=\"elementor-element elementor-element-6fa3eca elementor-align-center egovt_button elementor-widget elementor-widget-button\" data-id=\"6fa3eca\" data-element_type=\"widget\" data-settings=\"{&quot;ekit_we_effect_on&quot;:&quot;none&quot;}\" data-widget_type=\"button.default\">\n\t\t\t\t<div class=\"elementor-widget-container\">\n\t\t\t\t\t\t\t\t\t<div class=\"elementor-button-wrapper\">\n\t\t\t\t\t<a class=\"elementor-button elementor-size-sm\" role=\"button\">\n\t\t\t\t\t\t<span class=\"elementor-button-content-wrapper\">\n\t\t\t\t\t\t\t\t\t<span class=\"elementor-button-text\">\u0627\u0643\u062a\u0634\u0641 \u0628\u0631\u0627\u0645\u062c\u0646\u0627<\/span>\n\t\t\t\t\t<\/span>\n\t\t\t\t\t<\/a>\n\t\t\t\t<\/div>\n\t\t\t\t\t\t\t\t<\/div>\n\t\t\t\t<\/div>\n\t\t\t\t\t<\/div>\n\t\t<\/div>\n\t\t\t\t\t<\/div>\n\t\t<\/section>\n\t\t\t\t<section data-dce-background-color=\"#F6F6F6\" class=\"elementor-section elementor-top-section elementor-element elementor-element-63e8362 elementor-section-boxed elementor-section-height-default elementor-section-height-default\" data-id=\"63e8362\" data-element_type=\"section\" data-settings=\"{&quot;background_background&quot;:&quot;classic&quot;,&quot;_ha_eqh_enable&quot;:false,&quot;ekit_has_onepagescroll_dot&quot;:&quot;yes&quot;}\">\n\t\t\t\t\t\t<div class=\"elementor-container elementor-column-gap-default\">\n\t\t\t\t\t<div class=\"elementor-column elementor-col-100 elementor-top-column elementor-element elementor-element-7f8b5bf\" data-id=\"7f8b5bf\" data-element_type=\"column\">\n\t\t\t<div class=\"elementor-widget-wrap elementor-element-populated\">\n\t\t\t\t\t\t<div class=\"elementor-element elementor-element-ec86dfe elementor-widget elementor-widget-ova_heading\" data-id=\"ec86dfe\" data-element_type=\"widget\" data-settings=\"{&quot;ekit_we_effect_on&quot;:&quot;none&quot;}\" data-widget_type=\"ova_heading.default\">\n\t\t\t\t<div class=\"elementor-widget-container\">\n\t\t\t\t\t\t\t<div class=\"ova-heading\">\n\t\t\t\n\t\t\t\t\t\t\t<h3 class=\"title second_font\">Le Centre d'Arbitrage <\/h3>\n\t\t\t\n\t\t\t\t\t\t\t<p class=\"sub-title\">Le Centre d'Arbitrage de la Chambre de commerce est une entit\u00e9 d\u00e9di\u00e9e \u00e0 la r\u00e9solution des conflits commerciaux par des m\u00e9thodes alternatives \u00e0 la justice traditionnelle, telles que l'arbitrage et la m\u00e9diation. Il vise \u00e0 fournir une solution rapide, efficace et confidentielle pour les litiges entre entreprises ou entre entreprises et particuliers.\nCes nouveaux statuts ont introduit des m\u00e9canismes innovants de soutien et de promotion, visant \u00e0 adapter le r\u00f4le des CCIS aux \u00e9volutions de l'\u00e9conomie nationale et aux besoins sp\u00e9cifiques de leurs membres. En alignant leurs missions sur les r\u00e9alit\u00e9s \u00e9conomiques contemporaines, les CCIS sont mieux \u00e9quip\u00e9es pour repr\u00e9senter et d\u00e9fendre les int\u00e9r\u00eats des entreprises, tout en fournissant des conseils strat\u00e9giques et un appui \u00e9conomique indispensable \u00e0 leur d\u00e9veloppement.\n\nGr\u00e2ce \u00e0 cette r\u00e9forme, les CCIS du Maroc, y compris la CCIS Souss Massa, disposent des outils n\u00e9cessaires pour contribuer efficacement \u00e0 la croissance \u00e9conomique et \u00e0 la comp\u00e9titivit\u00e9 des entreprises locales.<\/p>\n\t\t\t\n\t\t<\/div>\n\t\t\t\t\t\t<\/div>\n\t\t\t\t<\/div>\n\t\t\t\t<div class=\"elementor-element elementor-element-fc96e0d according-egov elementor-widget elementor-widget-accordion\" data-id=\"fc96e0d\" data-element_type=\"widget\" data-settings=\"{&quot;ekit_we_effect_on&quot;:&quot;none&quot;}\" data-widget_type=\"accordion.default\">\n\t\t\t\t<div class=\"elementor-widget-container\">\n\t\t\t\t\t\t\t<div class=\"elementor-accordion\">\n\t\t\t\t\t\t\t<div class=\"elementor-accordion-item\">\n\t\t\t\t\t<div id=\"elementor-tab-title-2641\" class=\"elementor-tab-title\" data-tab=\"1\" role=\"button\" aria-controls=\"elementor-tab-content-2641\" aria-expanded=\"false\">\n\t\t\t\t\t\t\t\t\t\t\t\t\t<span class=\"elementor-accordion-icon elementor-accordion-icon-right\" aria-hidden=\"true\">\n\t\t\t\t\t\t\t\t\t\t\t\t\t\t\t<span class=\"elementor-accordion-icon-closed\"><svg class=\"e-font-icon-svg e-fas-chevron-down\" viewbox=\"0 0 448 512\" xmlns=\"http:\/\/www.w3.org\/2000\/svg\"><path d=\"M207.029 381.476L12.686 187.132c-9.373-9.373-9.373-24.569 0-33.941l22.667-22.667c9.357-9.357 24.522-9.375 33.901-.04L224 284.505l154.745-154.021c9.379-9.335 24.544-9.317 33.901.04l22.667 22.667c9.373 9.373 9.373 24.569 0 33.941L240.971 381.476c-9.373 9.372-24.569 9.372-33.942 0z\"><\/path><\/svg><\/span>\n\t\t\t\t\t\t\t\t<span class=\"elementor-accordion-icon-opened\"><svg class=\"e-font-icon-svg e-fas-chevron-up\" viewbox=\"0 0 448 512\" xmlns=\"http:\/\/www.w3.org\/2000\/svg\"><path d=\"M240.971 130.524l194.343 194.343c9.373 9.373 9.373 24.569 0 33.941l-22.667 22.667c-9.357 9.357-24.522 9.375-33.901.04L224 227.495 69.255 381.516c-9.379 9.335-24.544 9.317-33.901-.04l-22.667-22.667c-9.373-9.373-9.373-24.569 0-33.941L207.03 130.525c9.372-9.373 24.568-9.373 33.941-.001z\"><\/path><\/svg><\/span>\n\t\t\t\t\t\t\t\t\t\t\t\t\t\t<\/span>\n\t\t\t\t\t\t\t\t\t\t\t\t<a class=\"elementor-accordion-title\" tabindex=\"0\">Les types de litiges qui peuvent \u00eatre r\u00e9solus<\/a>\n\t\t\t\t\t<\/div>\n\t\t\t\t\t<div id=\"elementor-tab-content-2641\" class=\"elementor-tab-content elementor-clearfix\" data-tab=\"1\" role=\"region\" aria-labelledby=\"elementor-tab-title-2641\"><p>Le Centre d\u2019Arbitrage traite divers types de litiges commerciaux, notamment :<\/p><ul><li><strong>Litiges contractuels<\/strong> : disputes concernant l\u2019ex\u00e9cution ou l\u2019interpr\u00e9tation des contrats commerciaux.<\/li><li><strong>Litiges commerciaux<\/strong> : conflits li\u00e9s aux transactions commerciales, aux relations d\u2019affaires, ou aux op\u00e9rations commerciales.<\/li><li><strong>Litiges entre partenaires commerciaux<\/strong> : diff\u00e9rends entre associ\u00e9s ou partenaires dans des entreprises.<\/li><\/ul><p>\u0648\u0645\u0646 \u062e\u0644\u0627\u0644 \u062c\u0647\u0648\u062f\u0647\u0627\u060c \u062a\u0633\u0627\u0647\u0645 CCISSM \u0641\u064a \u062e\u0644\u0642 \u0627\u0644\u0638\u0631\u0648\u0641 \u0627\u0644\u0645\u0648\u0627\u062a\u064a\u0629 \u0644\u0644\u0634\u0631\u0643\u0627\u062a\u060c \u0645\u0646 \u062e\u0644\u0627\u0644 \u062a\u0633\u0647\u064a\u0644 \u0627\u0644\u062d\u0648\u0627\u0631 \u0628\u064a\u0646 \u0627\u0644\u0641\u0627\u0639\u0644\u064a\u0646 \u0627\u0644\u0627\u0642\u062a\u0635\u0627\u062f\u064a\u064a\u0646 \u0648\u0627\u0644\u0633\u0644\u0637\u0627\u062a \u0627\u0644\u0639\u0645\u0648\u0645\u064a\u0629. \u0648\u064a\u0639\u062f \u0647\u0630\u0627 \u0627\u0644\u0625\u062c\u0631\u0627\u0621 \u0627\u0644\u062a\u0645\u062b\u064a\u0644\u064a \u0636\u0631\u0648\u0631\u064a\u0627 \u0644\u062f\u0639\u0645 \u0627\u0644\u062a\u0646\u0645\u064a\u0629 \u0627\u0644\u0627\u0642\u062a\u0635\u0627\u062f\u064a\u0629 \u0644\u062c\u0647\u0629 \u0633\u0648\u0633 \u0645\u0627\u0633\u0629 \u0648\u062a\u0639\u0632\u064a\u0632 \u0627\u0644\u0642\u062f\u0631\u0629 \u0627\u0644\u062a\u0646\u0627\u0641\u0633\u064a\u0629 \u0644\u0644\u0634\u0631\u0643\u0627\u062a \u0627\u0644\u0645\u062d\u0644\u064a\u0629 \u0641\u064a \u0627\u0644\u0623\u0633\u0648\u0627\u0642 \u0627\u0644\u0648\u0637\u0646\u064a\u0629 \u0648\u0627\u0644\u062f\u0648\u0644\u064a\u0629.<\/p><\/div>\n\t\t\t\t<\/div>\n\t\t\t\t\t\t\t<div class=\"elementor-accordion-item\">\n\t\t\t\t\t<div id=\"elementor-tab-title-2642\" class=\"elementor-tab-title\" data-tab=\"2\" role=\"button\" aria-controls=\"elementor-tab-content-2642\" aria-expanded=\"false\">\n\t\t\t\t\t\t\t\t\t\t\t\t\t<span class=\"elementor-accordion-icon elementor-accordion-icon-right\" aria-hidden=\"true\">\n\t\t\t\t\t\t\t\t\t\t\t\t\t\t\t<span class=\"elementor-accordion-icon-closed\"><svg class=\"e-font-icon-svg e-fas-chevron-down\" viewbox=\"0 0 448 512\" xmlns=\"http:\/\/www.w3.org\/2000\/svg\"><path d=\"M207.029 381.476L12.686 187.132c-9.373-9.373-9.373-24.569 0-33.941l22.667-22.667c9.357-9.357 24.522-9.375 33.901-.04L224 284.505l154.745-154.021c9.379-9.335 24.544-9.317 33.901.04l22.667 22.667c9.373 9.373 9.373 24.569 0 33.941L240.971 381.476c-9.373 9.372-24.569 9.372-33.942 0z\"><\/path><\/svg><\/span>\n\t\t\t\t\t\t\t\t<span class=\"elementor-accordion-icon-opened\"><svg class=\"e-font-icon-svg e-fas-chevron-up\" viewbox=\"0 0 448 512\" xmlns=\"http:\/\/www.w3.org\/2000\/svg\"><path d=\"M240.971 130.524l194.343 194.343c9.373 9.373 9.373 24.569 0 33.941l-22.667 22.667c-9.357 9.357-24.522 9.375-33.901.04L224 227.495 69.255 381.516c-9.379 9.335-24.544 9.317-33.901-.04l-22.667-22.667c-9.373-9.373-9.373-24.569 0-33.941L207.03 130.525c9.372-9.373 24.568-9.373 33.941-.001z\"><\/path><\/svg><\/span>\n\t\t\t\t\t\t\t\t\t\t\t\t\t\t<\/span>\n\t\t\t\t\t\t\t\t\t\t\t\t<a class=\"elementor-accordion-title\" tabindex=\"0\">Comment initier une proc\u00e9dure d'arbitrage ?<\/a>\n\t\t\t\t\t<\/div>\n\t\t\t\t\t<div id=\"elementor-tab-content-2642\" class=\"elementor-tab-content elementor-clearfix\" data-tab=\"2\" role=\"region\" aria-labelledby=\"elementor-tab-title-2642\"><p>Pour initier une proc\u00e9dure d\u2019arbitrage, les parties concern\u00e9es doivent :<\/p><ol><li><strong>Soumettre une demande<\/strong> : Remplir une demande d\u2019arbitrage ou de m\u00e9diation, disponible sur le site web du Centre ou \u00e0 ses bureaux.<\/li><li><strong>D\u00e9p\u00f4t du dossier<\/strong> : D\u00e9poser le dossier complet avec les documents pertinents concernant le litige.<\/li><li><strong>Paiement des frais<\/strong> : R\u00e9gler les frais d&#8217;arbitrage conform\u00e9ment au tarif en vigueur, souvent bas\u00e9 sur la valeur du litige.<\/li><\/ol><p>\u0648\u0645\u0646 \u062e\u0644\u0627\u0644 \u0647\u0630\u0647 \u0627\u0644\u0645\u0647\u0645\u0629 \u0627\u0644\u0627\u0633\u062a\u0634\u0627\u0631\u064a\u0629\u060c \u062a\u0639\u0645\u0644 \u0627\u0644\u0644\u062c\u0646\u0629 \u0639\u0644\u0649 \u062a\u0633\u0647\u064a\u0644 \u0627\u0644\u062d\u0648\u0627\u0631 \u0628\u064a\u0646 \u0631\u0648\u0627\u062f \u0627\u0644\u0623\u0639\u0645\u0627\u0644 \u0648\u0635\u0646\u0627\u0639 \u0627\u0644\u0642\u0631\u0627\u0631\u060c \u0645\u0645\u0627 \u064a\u0636\u0645\u0646 \u0623\u0646 \u062a\u0623\u062e\u0630 \u0627\u0644\u0633\u064a\u0627\u0633\u0627\u062a \u0627\u0644\u0639\u0627\u0645\u0629 \u0641\u064a \u0627\u0644\u0627\u0639\u062a\u0628\u0627\u0631 \u0627\u0644\u062d\u0642\u0627\u0626\u0642 \u0648\u0627\u0644\u0627\u062d\u062a\u064a\u0627\u062c\u0627\u062a \u0639\u0644\u0649 \u0623\u0631\u0636 \u0627\u0644\u0648\u0627\u0642\u0639. \u0648\u064a\u0634\u0643\u0644 \u0647\u0630\u0627 \u0627\u0644\u062a\u0641\u0627\u0639\u0644 \u0627\u0644\u0628\u0646\u0627\u0621 \u0623\u0647\u0645\u064a\u0629 \u0623\u0633\u0627\u0633\u064a\u0629 \u0644\u062a\u0637\u0648\u064a\u0631 \u0628\u064a\u0626\u0629 \u0623\u0639\u0645\u0627\u0644 \u062f\u064a\u0646\u0627\u0645\u064a\u0643\u064a\u0629 \u0648\u0645\u062a\u062c\u0627\u0648\u0628\u0629\u060c \u0642\u0627\u062f\u0631\u0629 \u0639\u0644\u0649 \u0627\u0644\u062a\u0643\u064a\u0641 \u0645\u0639 \u0627\u0644\u062a\u0637\u0648\u0631\u0627\u062a \u0627\u0644\u0627\u0642\u062a\u0635\u0627\u062f\u064a\u0629 \u0648\u062f\u0639\u0645 \u0646\u0645\u0648 \u0627\u0644\u0634\u0631\u0643\u0627\u062a \u0627\u0644\u0645\u062d\u0644\u064a\u0629.<\/p><\/div>\n\t\t\t\t<\/div>\n\t\t\t\t\t\t\t<div class=\"elementor-accordion-item\">\n\t\t\t\t\t<div id=\"elementor-tab-title-2643\" class=\"elementor-tab-title\" data-tab=\"3\" role=\"button\" aria-controls=\"elementor-tab-content-2643\" aria-expanded=\"false\">\n\t\t\t\t\t\t\t\t\t\t\t\t\t<span class=\"elementor-accordion-icon elementor-accordion-icon-right\" aria-hidden=\"true\">\n\t\t\t\t\t\t\t\t\t\t\t\t\t\t\t<span class=\"elementor-accordion-icon-closed\"><svg class=\"e-font-icon-svg e-fas-chevron-down\" viewbox=\"0 0 448 512\" xmlns=\"http:\/\/www.w3.org\/2000\/svg\"><path d=\"M207.029 381.476L12.686 187.132c-9.373-9.373-9.373-24.569 0-33.941l22.667-22.667c9.357-9.357 24.522-9.375 33.901-.04L224 284.505l154.745-154.021c9.379-9.335 24.544-9.317 33.901.04l22.667 22.667c9.373 9.373 9.373 24.569 0 33.941L240.971 381.476c-9.373 9.372-24.569 9.372-33.942 0z\"><\/path><\/svg><\/span>\n\t\t\t\t\t\t\t\t<span class=\"elementor-accordion-icon-opened\"><svg class=\"e-font-icon-svg e-fas-chevron-up\" viewbox=\"0 0 448 512\" xmlns=\"http:\/\/www.w3.org\/2000\/svg\"><path d=\"M240.971 130.524l194.343 194.343c9.373 9.373 9.373 24.569 0 33.941l-22.667 22.667c-9.357 9.357-24.522 9.375-33.901.04L224 227.495 69.255 381.516c-9.379 9.335-24.544 9.317-33.901-.04l-22.667-22.667c-9.373-9.373-9.373-24.569 0-33.941L207.03 130.525c9.372-9.373 24.568-9.373 33.941-.001z\"><\/path><\/svg><\/span>\n\t\t\t\t\t\t\t\t\t\t\t\t\t\t<\/span>\n\t\t\t\t\t\t\t\t\t\t\t\t<a class=\"elementor-accordion-title\" tabindex=\"0\">Les avantages de l\u2019arbitrage <\/a>\n\t\t\t\t\t<\/div>\n\t\t\t\t\t<div id=\"elementor-tab-content-2643\" class=\"elementor-tab-content elementor-clearfix\" data-tab=\"3\" role=\"region\" aria-labelledby=\"elementor-tab-title-2643\"><p>L\u2019arbitrage pr\u00e9sente plusieurs avantages :<\/p><ul><li><strong>Confidentialit\u00e9<\/strong> : Les proc\u00e9dures sont confidentielles, contrairement aux affaires judiciaires publiques.<\/li><li><strong>Rapidit\u00e9<\/strong> : Les litiges sont g\u00e9n\u00e9ralement r\u00e9solus plus rapidement qu\u2019en justice traditionnelle.<\/li><li><strong>Flexibilit\u00e9<\/strong> : Les parties peuvent choisir les arbitres et la proc\u00e9dure.<\/li><li><strong>Expertise<\/strong> : Les arbitres peuvent \u00eatre des experts dans le domaine sp\u00e9cifique du litige.<\/li><\/ul><p>\u0645\u0646 \u062e\u0644\u0627\u0644 \u0645\u0628\u0627\u062f\u0631\u0627\u062a\u0647\u0627 \u0644\u0644\u062f\u0639\u0645 \u0627\u0644\u0627\u0642\u062a\u0635\u0627\u062f\u064a\u060c \u062a\u0633\u0627\u0639\u062f \u063a\u0631\u0641\u0629 \u0627\u0644\u062a\u062c\u0627\u0631\u0629 \u0648\u0627\u0644\u0635\u0646\u0627\u0639\u0629 \u0648\u0627\u0644\u062e\u062f\u0645\u0627\u062a \u0641\u064a \u0633\u0648\u0633 \u0645\u0627\u0633\u0629 \u0627\u0644\u0634\u0631\u0643\u0627\u062a \u0639\u0644\u0649 \u062a\u062d\u0633\u064a\u0646 \u0623\u062f\u0627\u0626\u0647\u0627 \u0648\u0627\u0644\u0627\u0628\u062a\u0643\u0627\u0631 \u0648\u0627\u0644\u0648\u0635\u0648\u0644 \u0625\u0644\u0649 \u0623\u0633\u0648\u0627\u0642 \u062c\u062f\u064a\u062f\u0629. \u0648\u0644\u0627 \u062a\u062f\u0639\u0645 \u0647\u0630\u0647 \u0627\u0644\u062c\u0647\u0648\u062f \u0646\u0645\u0648 \u0627\u0644\u0634\u0631\u0643\u0627\u062a \u0627\u0644\u0641\u0631\u062f\u064a\u0629 \u0641\u062d\u0633\u0628\u060c \u0628\u0644 \u062a\u062f\u0639\u0645 \u0623\u064a\u0636\u064b\u0627 \u0627\u0644\u062f\u064a\u0646\u0627\u0645\u064a\u0643\u064a\u0629 \u0627\u0644\u0627\u0642\u062a\u0635\u0627\u062f\u064a\u0629 \u0644\u0645\u0646\u0637\u0642\u0629 \u0633\u0648\u0633 \u0645\u0627\u0633\u0629 \u0628\u0623\u0643\u0645\u0644\u0647\u0627\u060c \u0645\u0645\u0627 \u064a\u0633\u0627\u0647\u0645 \u0641\u064a \u062a\u062d\u0642\u064a\u0642 \u0627\u0644\u0631\u062e\u0627\u0621 \u0627\u0644\u0645\u0634\u062a\u0631\u0643 \u0648\u0627\u0644\u0645\u0633\u062a\u062f\u0627\u0645.<\/p><\/div>\n\t\t\t\t<\/div>\n\t\t\t\t\t\t\t\t<\/div>\n\t\t\t\t\t\t<\/div>\n\t\t\t\t<\/div>\n\t\t\t\t\t<\/div>\n\t\t<\/div>\n\t\t\t\t\t<\/div>\n\t\t<\/section>\n\t\t\t\t<\/div>","protected":false},"excerpt":{"rendered":"<p>Boostez votre entreprise avec nos programmes exclusifs D\u00e9couvrez nos programmes sur mesure con\u00e7us pour propulser votre entreprise vers le succ\u00e8s. D\u00e9couvrir nos programmes Le Centre d&#8217;Arbitrage Le Centre d&#8217;Arbitrage de la Chambre de commerce est une entit\u00e9 d\u00e9di\u00e9e \u00e0 la r\u00e9solution des conflits commerciaux par des m\u00e9thodes alternatives \u00e0 la justice traditionnelle, telles que l&#8217;arbitrage [&hellip;]<\/p>","protected":false},"author":1,"featured_media":0,"parent":0,"menu_order":0,"comment_status":"closed","ping_status":"closed","template":"elementor_header_footer","meta":{"footnotes":""},"class_list":["post-8091","page","type-page","status-publish","hentry"],"_links":{"self":[{"href":"https:\/\/ccis-agadir.ma\/ar\/wp-json\/wp\/v2\/pages\/8091","targetHints":{"allow":["GET"]}}],"collection":[{"href":"https:\/\/ccis-agadir.ma\/ar\/wp-json\/wp\/v2\/pages"}],"about":[{"href":"https:\/\/ccis-agadir.ma\/ar\/wp-json\/wp\/v2\/types\/page"}],"author":[{"embeddable":true,"href":"https:\/\/ccis-agadir.ma\/ar\/wp-json\/wp\/v2\/users\/1"}],"replies":[{"embeddable":true,"href":"https:\/\/ccis-agadir.ma\/ar\/wp-json\/wp\/v2\/comments?post=8091"}],"version-history":[{"count":31,"href":"https:\/\/ccis-agadir.ma\/ar\/wp-json\/wp\/v2\/pages\/8091\/revisions"}],"predecessor-version":[{"id":9926,"href":"https:\/\/ccis-agadir.ma\/ar\/wp-json\/wp\/v2\/pages\/8091\/revisions\/9926"}],"wp:attachment":[{"href":"https:\/\/ccis-agadir.ma\/ar\/wp-json\/wp\/v2\/media?parent=8091"}],"curies":[{"name":"wp","href":"https:\/\/api.w.org\/{rel}","templated":true}]}}