{"id":823,"date":"2020-08-01T09:09:05","date_gmt":"2020-08-01T09:09:05","guid":{"rendered":"https:\/\/ccis-agadir.ma\/?page_id=823"},"modified":"2025-04-04T17:45:30","modified_gmt":"2025-04-04T17:45:30","slug":"services-ccis-souss-massa","status":"publish","type":"page","link":"https:\/\/ccis-agadir.ma\/ar\/services-ccis-souss-massa\/","title":{"rendered":"\u0627\u0644\u062e\u062f\u0645\u0627\u062a"},"content":{"rendered":"<div data-elementor-type=\"wp-page\" data-elementor-id=\"823\" class=\"elementor elementor-823\" data-elementor-settings=\"{&quot;ha_cmc_init_switcher&quot;:&quot;no&quot;}\" data-elementor-post-type=\"page\">\n\t\t\t\t<div class=\"elementor-element elementor-element-ec7f997 e-flex e-con-boxed e-con e-parent\" data-id=\"ec7f997\" data-element_type=\"container\" data-settings=\"{&quot;_ha_eqh_enable&quot;:false,&quot;ekit_has_onepagescroll_dot&quot;:&quot;yes&quot;}\">\n\t\t\t\t\t<div class=\"e-con-inner\">\n\t\t\t\t<div class=\"elementor-element elementor-element-4bb99a8 elementor-widget elementor-widget-spacer\" data-id=\"4bb99a8\" data-element_type=\"widget\" data-settings=\"{&quot;ekit_we_effect_on&quot;:&quot;none&quot;}\" data-widget_type=\"spacer.default\">\n\t\t\t\t<div class=\"elementor-widget-container\">\n\t\t\t\t\t\t\t<div class=\"elementor-spacer\">\n\t\t\t<div class=\"elementor-spacer-inner\"><\/div>\n\t\t<\/div>\n\t\t\t\t\t\t<\/div>\n\t\t\t\t<\/div>\n\t\t\t\t<div class=\"elementor-element elementor-element-2b84b5f elementor-widget elementor-widget-heading\" data-id=\"2b84b5f\" data-element_type=\"widget\" data-settings=\"{&quot;ekit_we_effect_on&quot;:&quot;none&quot;}\" data-widget_type=\"heading.default\">\n\t\t\t\t<div class=\"elementor-widget-container\">\n\t\t\t\t\t<h2 class=\"elementor-heading-title elementor-size-default\">\u062f\u0639\u0645 \u0643\u0627\u0645\u0644 \u0644\u0646\u062c\u0627\u062d\u0643 \u0627\u0644\u0645\u0647\u0646\u064a \u0648\u0631\u064a\u0627\u062f\u0629 \u0627\u0644\u0623\u0639\u0645\u0627\u0644\n<\/h2>\t\t\t\t<\/div>\n\t\t\t\t<\/div>\n\t\t\t\t<div class=\"elementor-element elementor-element-af230d6 elementor-widget elementor-widget-heading\" data-id=\"af230d6\" data-element_type=\"widget\" data-settings=\"{&quot;ekit_we_effect_on&quot;:&quot;none&quot;}\" data-widget_type=\"heading.default\">\n\t\t\t\t<div class=\"elementor-widget-container\">\n\t\t\t\t\t<h2 class=\"elementor-heading-title elementor-size-default\">Nos Services<\/h2>\t\t\t\t<\/div>\n\t\t\t\t<\/div>\n\t\t\t\t\t<\/div>\n\t\t\t\t<\/div>\n\t\t\t\t<section class=\"elementor-section elementor-inner-section elementor-element elementor-element-d4dd679 elementor-section-boxed elementor-section-height-default elementor-section-height-default\" data-id=\"d4dd679\" data-element_type=\"section\" data-settings=\"{&quot;_ha_eqh_enable&quot;:false,&quot;ekit_has_onepagescroll_dot&quot;:&quot;yes&quot;}\">\n\t\t\t\t\t\t<div class=\"elementor-container elementor-column-gap-default\">\n\t\t\t\t\t<div class=\"elementor-column elementor-col-33 elementor-inner-column elementor-element elementor-element-19ecfd4 elementor-invisible\" data-id=\"19ecfd4\" data-element_type=\"column\" data-settings=\"{&quot;animation&quot;:&quot;fadeInUp&quot;,&quot;animation_mobile&quot;:&quot;none&quot;}\">\n\t\t\t<div class=\"elementor-widget-wrap elementor-element-populated\">\n\t\t\t\t\t\t<div class=\"elementor-element elementor-element-2263efd elementor-widget elementor-widget-ova_feature\" data-id=\"2263efd\" data-element_type=\"widget\" data-settings=\"{&quot;ekit_we_effect_on&quot;:&quot;none&quot;}\" data-widget_type=\"ova_feature.default\">\n\t\t\t\t<div class=\"elementor-widget-container\">\n\t\t\t\t\t\n\t\t\t\t\t<div class=\"ova_feature version_3\">\n\t\t\t<div class=\"items\">\n\t\t\t\t\n\t\t\t\t\t\t\t<a class=\"second_font\" href=\"https:\/\/ccis-agadir.ma\/ar\/accomplir-ses-formalites\/\">\n\t\t\t\t\t<div class=\"icon\">\n\t\t\t\t\t\t<span class=\"flaticon-checked\"><\/span>\n\t\t\t\t\t<\/div>\n\t\t\t\t<\/a>\n\t\t\t\t\n\t\t\t\t\t\t\t\t\t<h3 class=\"title\">\n\t\t\t\t\t\t<a class=\"second_font\" href=\"https:\/\/ccis-agadir.ma\/ar\/accomplir-ses-formalites\/\">\n\t\t\t\t\t\t\tAccomplir ses Formalit\u00e9s\t\t\t\t\t\t<\/a>\n\t\t\t\t\t<\/h3>\n\t\t\t\t\n\t\t\t\t\t\t\t\t\t<div class=\"excerpt\">\n\t\t\t\t\t\t<p>\n\t\t\t\t\t\t\tSimplifiez vos d\u00e9marches administratives avec notre assistance d\u00e9di\u00e9e.\t\t\t\t\t\t<\/p>\n\t\t\t\t\t<\/div>\n\t\t\t\t\n\t\t\t<\/div>\n\t\t<\/div>\n\t\t\t\t\t\t<\/div>\n\t\t\t\t<\/div>\n\t\t\t\t<div class=\"elementor-element elementor-element-1b67e04 elementor-widget elementor-widget-ova_feature\" data-id=\"1b67e04\" data-element_type=\"widget\" data-settings=\"{&quot;ekit_we_effect_on&quot;:&quot;none&quot;}\" data-widget_type=\"ova_feature.default\">\n\t\t\t\t<div class=\"elementor-widget-container\">\n\t\t\t\t\t\n\t\t\t\t\t<div class=\"ova_feature version_3\">\n\t\t\t<div class=\"items\">\n\t\t\t\t\n\t\t\t\t\t\t\t<a class=\"second_font\" href=\"https:\/\/ccis-agadir.ma\/ar\/infrastructure\/\">\n\t\t\t\t\t<div class=\"icon\">\n\t\t\t\t\t\t<span class=\"flaticon-briefcase\"><\/span>\n\t\t\t\t\t<\/div>\n\t\t\t\t<\/a>\n\t\t\t\t\n\t\t\t\t\t\t\t\t\t<h3 class=\"title\">\n\t\t\t\t\t\t<a class=\"second_font\" href=\"https:\/\/ccis-agadir.ma\/ar\/infrastructure\/\">\n\t\t\t\t\t\t\t Infrastructure\t\t\t\t\t\t<\/a>\n\t\t\t\t\t<\/h3>\n\t\t\t\t\n\t\t\t\t\t\t\t\t\t<div class=\"excerpt\">\n\t\t\t\t\t\t<p>\n\t\t\t\t\t\t\tAcc\u00e9dez aux infrastructures n\u00e9cessaires pour d\u00e9velopper votre activit\u00e9.\t\t\t\t\t\t<\/p>\n\t\t\t\t\t<\/div>\n\t\t\t\t\n\t\t\t<\/div>\n\t\t<\/div>\n\t\t\t\t\t\t<\/div>\n\t\t\t\t<\/div>\n\t\t\t\t<div class=\"elementor-element elementor-element-84c1d57 elementor-widget elementor-widget-ova_feature\" data-id=\"84c1d57\" data-element_type=\"widget\" data-settings=\"{&quot;ekit_we_effect_on&quot;:&quot;none&quot;}\" data-widget_type=\"ova_feature.default\">\n\t\t\t\t<div class=\"elementor-widget-container\">\n\t\t\t\t\t\n\t\t\t\t\t<div class=\"ova_feature version_3\">\n\t\t\t<div class=\"items\">\n\t\t\t\t\n\t\t\t\t\t\t\t<a class=\"second_font\" href=\"https:\/\/ccis-agadir.ma\/ar\/integrer-les-tic\/\">\n\t\t\t\t\t<div class=\"icon\">\n\t\t\t\t\t\t<span class=\"flaticon-file-4\"><\/span>\n\t\t\t\t\t<\/div>\n\t\t\t\t<\/a>\n\t\t\t\t\n\t\t\t\t\t\t\t\t\t<h3 class=\"title\">\n\t\t\t\t\t\t<a class=\"second_font\" href=\"https:\/\/ccis-agadir.ma\/ar\/integrer-les-tic\/\">\n\t\t\t\t\t\t\tInt\u00e9grer les TIC\t\t\t\t\t\t<\/a>\n\t\t\t\t\t<\/h3>\n\t\t\t\t\n\t\t\t\t\t\t\t\t\t<div class=\"excerpt\">\n\t\t\t\t\t\t<p>\n\t\t\t\t\t\t\tD\u00e9couvrez les outils technologiques pour moderniser votre entreprise.\n\t\t\t\t\t\t<\/p>\n\t\t\t\t\t<\/div>\n\t\t\t\t\n\t\t\t<\/div>\n\t\t<\/div>\n\t\t\t\t\t\t<\/div>\n\t\t\t\t<\/div>\n\t\t\t\t\t<\/div>\n\t\t<\/div>\n\t\t\t\t<div class=\"elementor-column elementor-col-33 elementor-inner-column elementor-element elementor-element-1afbdb0 elementor-invisible\" data-id=\"1afbdb0\" data-element_type=\"column\" data-settings=\"{&quot;animation&quot;:&quot;fadeInUp&quot;,&quot;animation_mobile&quot;:&quot;none&quot;}\">\n\t\t\t<div class=\"elementor-widget-wrap elementor-element-populated\">\n\t\t\t\t\t\t<div class=\"elementor-element elementor-element-1f76070 elementor-widget elementor-widget-ova_feature\" data-id=\"1f76070\" data-element_type=\"widget\" data-settings=\"{&quot;ekit_we_effect_on&quot;:&quot;none&quot;}\" data-widget_type=\"ova_feature.default\">\n\t\t\t\t<div class=\"elementor-widget-container\">\n\t\t\t\t\t\n\t\t\t\t\t<div class=\"ova_feature version_3\">\n\t\t\t<div class=\"items\">\n\t\t\t\t\n\t\t\t\t\t\t\t<a class=\"second_font\" href=\"https:\/\/ccis-agadir.ma\/ar\/guichet-dar-al-moukawil\/\">\n\t\t\t\t\t<div class=\"icon\">\n\t\t\t\t\t\t<span class=\"flaticon-parthenon\"><\/span>\n\t\t\t\t\t<\/div>\n\t\t\t\t<\/a>\n\t\t\t\t\n\t\t\t\t\t\t\t\t\t<h3 class=\"title\">\n\t\t\t\t\t\t<a class=\"second_font\" href=\"https:\/\/ccis-agadir.ma\/ar\/guichet-dar-al-moukawil\/\">\n\t\t\t\t\t\t\t\u0646\u0627\u0641\u0630\u0629 \u062f\u0627\u0631 \u0627\u0644\u0645\u0642\u0627\u0648\u0644\t\t\t\t\t\t<\/a>\n\t\t\t\t\t<\/h3>\n\t\t\t\t\n\t\t\t\t\t\t\t\t\t<div class=\"excerpt\">\n\t\t\t\t\t\t<p>\n\t\t\t\t\t\t\tUn guichet unique pour soutenir les tr\u00e8s petites entreprises (TPE).\t\t\t\t\t\t<\/p>\n\t\t\t\t\t<\/div>\n\t\t\t\t\n\t\t\t<\/div>\n\t\t<\/div>\n\t\t\t\t\t\t<\/div>\n\t\t\t\t<\/div>\n\t\t\t\t<div class=\"elementor-element elementor-element-e6648bc elementor-widget elementor-widget-ova_feature\" data-id=\"e6648bc\" data-element_type=\"widget\" data-settings=\"{&quot;ekit_we_effect_on&quot;:&quot;none&quot;}\" data-widget_type=\"ova_feature.default\">\n\t\t\t\t<div class=\"elementor-widget-container\">\n\t\t\t\t\t\n\t\t\t\t\t<div class=\"ova_feature version_3\">\n\t\t\t<div class=\"items\">\n\t\t\t\t\n\t\t\t\t\t\t\t<a class=\"second_font\" href=\"https:\/\/ccis-agadir.ma\/ar\/droit-dacces-a-linformation\/\">\n\t\t\t\t\t<div class=\"icon\">\n\t\t\t\t\t\t<span class=\"flaticon-google-docs\"><\/span>\n\t\t\t\t\t<\/div>\n\t\t\t\t<\/a>\n\t\t\t\t\n\t\t\t\t\t\t\t\t\t<h3 class=\"title\">\n\t\t\t\t\t\t<a class=\"second_font\" href=\"https:\/\/ccis-agadir.ma\/ar\/droit-dacces-a-linformation\/\">\n\t\t\t\t\t\t\tDroit d'Acc\u00e8s \u00e0 l'Information\t\t\t\t\t\t<\/a>\n\t\t\t\t\t<\/h3>\n\t\t\t\t\n\t\t\t\t\t\t\t\t\t<div class=\"excerpt\">\n\t\t\t\t\t\t<p>\n\t\t\t\t\t\t\tAcc\u00e9dez aux informations publiques pour une transparence totale.\n\t\t\t\t\t\t<\/p>\n\t\t\t\t\t<\/div>\n\t\t\t\t\n\t\t\t<\/div>\n\t\t<\/div>\n\t\t\t\t\t\t<\/div>\n\t\t\t\t<\/div>\n\t\t\t\t<div class=\"elementor-element elementor-element-79a76f0 elementor-widget elementor-widget-ova_feature\" data-id=\"79a76f0\" data-element_type=\"widget\" data-settings=\"{&quot;ekit_we_effect_on&quot;:&quot;none&quot;}\" data-widget_type=\"ova_feature.default\">\n\t\t\t\t<div class=\"elementor-widget-container\">\n\t\t\t\t\t\n\t\t\t\t\t<div class=\"ova_feature version_3\">\n\t\t\t<div class=\"items\">\n\t\t\t\t\n\t\t\t\t\t\t\t<a class=\"second_font\" href=\"https:\/\/ccis-agadir.ma\/ar\/les-associations-cooperatives-des-commercants\/\">\n\t\t\t\t\t<div class=\"icon\">\n\t\t\t\t\t\t<span class=\"flaticon-parthenon\"><\/span>\n\t\t\t\t\t<\/div>\n\t\t\t\t<\/a>\n\t\t\t\t\n\t\t\t\t\t\t\t\t\t<h3 class=\"title\">\n\t\t\t\t\t\t<a class=\"second_font\" href=\"https:\/\/ccis-agadir.ma\/ar\/les-associations-cooperatives-des-commercants\/\">\n\t\t\t\t\t\t\tAssociations\/Coop\u00e9ratives des Commer\u00e7ants\t\t\t\t\t\t<\/a>\n\t\t\t\t\t<\/h3>\n\t\t\t\t\n\t\t\t\t\t\t\t\t\t<div class=\"excerpt\">\n\t\t\t\t\t\t<p>\n\t\t\t\t\t\t\tRejoignez des associations et coop\u00e9ratives pour b\u00e9n\u00e9ficier de soutien collectif.\n\t\t\t\t\t\t<\/p>\n\t\t\t\t\t<\/div>\n\t\t\t\t\n\t\t\t<\/div>\n\t\t<\/div>\n\t\t\t\t\t\t<\/div>\n\t\t\t\t<\/div>\n\t\t\t\t\t<\/div>\n\t\t<\/div>\n\t\t\t\t<div class=\"elementor-column elementor-col-33 elementor-inner-column elementor-element elementor-element-eeec42e elementor-invisible\" data-id=\"eeec42e\" data-element_type=\"column\" data-settings=\"{&quot;animation&quot;:&quot;fadeInUp&quot;,&quot;animation_mobile&quot;:&quot;none&quot;}\">\n\t\t\t<div class=\"elementor-widget-wrap elementor-element-populated\">\n\t\t\t\t\t\t<div class=\"elementor-element elementor-element-77a587c elementor-widget elementor-widget-ova_feature\" data-id=\"77a587c\" data-element_type=\"widget\" data-settings=\"{&quot;ekit_we_effect_on&quot;:&quot;none&quot;}\" data-widget_type=\"ova_feature.default\">\n\t\t\t\t<div class=\"elementor-widget-container\">\n\t\t\t\t\t\n\t\t\t\t\t<div class=\"ova_feature version_3\">\n\t\t\t<div class=\"items\">\n\t\t\t\t\n\t\t\t\t\t\t\t<a class=\"second_font\" href=\"https:\/\/ccis-agadir.ma\/ar\/guichet-maroc-pme\/\">\n\t\t\t\t\t<div class=\"icon\">\n\t\t\t\t\t\t<span class=\"flaticon-parthenon\"><\/span>\n\t\t\t\t\t<\/div>\n\t\t\t\t<\/a>\n\t\t\t\t\n\t\t\t\t\t\t\t\t\t<h3 class=\"title\">\n\t\t\t\t\t\t<a class=\"second_font\" href=\"https:\/\/ccis-agadir.ma\/ar\/guichet-maroc-pme\/\">\n\t\t\t\t\t\t\t\u0639\u062f\u0627\u062f \u0627\u0644\u0645\u063a\u0631\u0628 \u0644\u0644\u0634\u0631\u0643\u0627\u062a \u0627\u0644\u0635\u063a\u064a\u0631\u0629 \u0648\u0627\u0644\u0645\u062a\u0648\u0633\u0637\u0629\t\t\t\t\t\t<\/a>\n\t\t\t\t\t<\/h3>\n\t\t\t\t\n\t\t\t\t\t\t\t\t\t<div class=\"excerpt\">\n\t\t\t\t\t\t<p>\n\t\t\t\t\t\t\tAcc\u00e9dez aux services pour le d\u00e9veloppement des petites et moyennes entreprises (PME).\t\t\t\t\t\t<\/p>\n\t\t\t\t\t<\/div>\n\t\t\t\t\n\t\t\t<\/div>\n\t\t<\/div>\n\t\t\t\t\t\t<\/div>\n\t\t\t\t<\/div>\n\t\t\t\t<div class=\"elementor-element elementor-element-4e2997a elementor-widget elementor-widget-ova_feature\" data-id=\"4e2997a\" data-element_type=\"widget\" data-settings=\"{&quot;ekit_we_effect_on&quot;:&quot;none&quot;}\" data-widget_type=\"ova_feature.default\">\n\t\t\t\t<div class=\"elementor-widget-container\">\n\t\t\t\t\t\n\t\t\t\t\t<div class=\"ova_feature version_3\">\n\t\t\t<div class=\"items\">\n\t\t\t\t\n\t\t\t\t\t\t\t<a class=\"second_font\" href=\"https:\/\/ccis-agadir.ma\/ar\/guide-de-commerce\/\">\n\t\t\t\t\t<div class=\"icon\">\n\t\t\t\t\t\t<span class=\"flaticon-file-2\"><\/span>\n\t\t\t\t\t<\/div>\n\t\t\t\t<\/a>\n\t\t\t\t\n\t\t\t\t\t\t\t\t\t<h3 class=\"title\">\n\t\t\t\t\t\t<a class=\"second_font\" href=\"https:\/\/ccis-agadir.ma\/ar\/guide-de-commerce\/\">\n\t\t\t\t\t\t\tGuide de Commerce\t\t\t\t\t\t<\/a>\n\t\t\t\t\t<\/h3>\n\t\t\t\t\n\t\t\t\t\t\t\t\t\t<div class=\"excerpt\">\n\t\t\t\t\t\t<p>\n\t\t\t\t\t\t\tUn guide complet pour optimiser vos pratiques commerciales.\n\t\t\t\t\t\t<\/p>\n\t\t\t\t\t<\/div>\n\t\t\t\t\n\t\t\t<\/div>\n\t\t<\/div>\n\t\t\t\t\t\t<\/div>\n\t\t\t\t<\/div>\n\t\t\t\t<div class=\"elementor-element elementor-element-88576f6 elementor-widget elementor-widget-ova_feature\" data-id=\"88576f6\" data-element_type=\"widget\" data-settings=\"{&quot;ekit_we_effect_on&quot;:&quot;none&quot;}\" data-widget_type=\"ova_feature.default\">\n\t\t\t\t<div class=\"elementor-widget-container\">\n\t\t\t\t\t\n\t\t\t\t\t<div class=\"ova_feature version_3\">\n\t\t\t<div class=\"items\">\n\t\t\t\t\n\t\t\t\t\t\t\t<a class=\"second_font\" href=\"https:\/\/ccis-agadir.ma\/ar\/location-des-salles\/\">\n\t\t\t\t\t<div class=\"icon\">\n\t\t\t\t\t\t<span class=\"flaticon-calendar\"><\/span>\n\t\t\t\t\t<\/div>\n\t\t\t\t<\/a>\n\t\t\t\t\n\t\t\t\t\t\t\t\t\t<h3 class=\"title\">\n\t\t\t\t\t\t<a class=\"second_font\" href=\"https:\/\/ccis-agadir.ma\/ar\/location-des-salles\/\">\n\t\t\t\t\t\t\tLocation des Salles\t\t\t\t\t\t<\/a>\n\t\t\t\t\t<\/h3>\n\t\t\t\t\n\t\t\t\t\t\t\t\t\t<div class=\"excerpt\">\n\t\t\t\t\t\t<p>\n\t\t\t\t\t\t\tLouez nos salles pour vos r\u00e9unions, formations et \u00e9v\u00e9nements.\n\t\t\t\t\t\t<\/p>\n\t\t\t\t\t<\/div>\n\t\t\t\t\n\t\t\t<\/div>\n\t\t<\/div>\n\t\t\t\t\t\t<\/div>\n\t\t\t\t<\/div>\n\t\t\t\t\t<\/div>\n\t\t<\/div>\n\t\t\t\t\t<\/div>\n\t\t<\/section>\n\t\t\t\t<\/div>","protected":false},"excerpt":{"rendered":"<p>Soutien Complet pour Votre R\u00e9ussite Professionnelle et Entrepreneuriale Nos Services Accomplir ses Formalit\u00e9s Simplifiez vos d\u00e9marches administratives avec notre assistance d\u00e9di\u00e9e. Infrastructure Acc\u00e9dez aux infrastructures n\u00e9cessaires pour d\u00e9velopper votre activit\u00e9. Int\u00e9grer les TIC D\u00e9couvrez les outils technologiques pour moderniser votre entreprise. Guichet Dar Al Moukawil Un guichet unique pour soutenir les tr\u00e8s petites entreprises (TPE). [&hellip;]<\/p>","protected":false},"author":1,"featured_media":859,"parent":0,"menu_order":0,"comment_status":"closed","ping_status":"closed","template":"elementor_header_footer","meta":{"footnotes":""},"class_list":["post-823","page","type-page","status-publish","has-post-thumbnail","hentry"],"_links":{"self":[{"href":"https:\/\/ccis-agadir.ma\/ar\/wp-json\/wp\/v2\/pages\/823","targetHints":{"allow":["GET"]}}],"collection":[{"href":"https:\/\/ccis-agadir.ma\/ar\/wp-json\/wp\/v2\/pages"}],"about":[{"href":"https:\/\/ccis-agadir.ma\/ar\/wp-json\/wp\/v2\/types\/page"}],"author":[{"embeddable":true,"href":"https:\/\/ccis-agadir.ma\/ar\/wp-json\/wp\/v2\/users\/1"}],"replies":[{"embeddable":true,"href":"https:\/\/ccis-agadir.ma\/ar\/wp-json\/wp\/v2\/comments?post=823"}],"version-history":[{"count":20,"href":"https:\/\/ccis-agadir.ma\/ar\/wp-json\/wp\/v2\/pages\/823\/revisions"}],"predecessor-version":[{"id":7962,"href":"https:\/\/ccis-agadir.ma\/ar\/wp-json\/wp\/v2\/pages\/823\/revisions\/7962"}],"wp:featuredmedia":[{"embeddable":true,"href":"https:\/\/ccis-agadir.ma\/ar\/wp-json\/wp\/v2\/media\/859"}],"wp:attachment":[{"href":"https:\/\/ccis-agadir.ma\/ar\/wp-json\/wp\/v2\/media?parent=823"}],"curies":[{"name":"wp","href":"https:\/\/api.w.org\/{rel}","templated":true}]}}