{"id":8365,"date":"2024-07-01T14:47:56","date_gmt":"2024-07-01T14:47:56","guid":{"rendered":"https:\/\/ccis-agadir.ma\/?page_id=8365"},"modified":"2024-11-30T17:09:59","modified_gmt":"2024-11-30T17:09:59","slug":"success-stories","status":"publish","type":"page","link":"https:\/\/ccis-agadir.ma\/ar\/success-stories\/","title":{"rendered":"Success Stories"},"content":{"rendered":"<div data-elementor-type=\"wp-page\" data-elementor-id=\"8365\" class=\"elementor elementor-8365\" data-elementor-settings=\"{&quot;ha_cmc_init_switcher&quot;:&quot;no&quot;}\" data-elementor-post-type=\"page\">\n\t\t\t\t<div class=\"elementor-element elementor-element-cd10cf8 e-con-full e-flex e-con e-parent\" data-id=\"cd10cf8\" data-element_type=\"container\" data-settings=\"{&quot;_ha_eqh_enable&quot;:false,&quot;ekit_has_onepagescroll_dot&quot;:&quot;yes&quot;}\">\n\t\t\t\t<div class=\"elementor-element elementor-element-c90c9c1 elementor-widget__width-inherit dce_masking-none elementor-widget elementor-widget-image\" data-id=\"c90c9c1\" data-element_type=\"widget\" data-settings=\"{&quot;ekit_we_effect_on&quot;:&quot;none&quot;}\" data-widget_type=\"image.default\">\n\t\t\t\t<div class=\"elementor-widget-container\">\n\t\t\t\t\t\t\t\t\t\t\t\t\t\t\t<img fetchpriority=\"high\" decoding=\"async\" width=\"12080\" height=\"2649\" src=\"https:\/\/ccis-agadir.ma\/wp-content\/uploads\/2024\/11\/Asset-28.png\" class=\"attachment-full size-full wp-image-11021\" alt=\"\" srcset=\"https:\/\/ccis-agadir.ma\/wp-content\/uploads\/2024\/11\/Asset-28.png 12080w, https:\/\/ccis-agadir.ma\/wp-content\/uploads\/2024\/11\/Asset-28-300x66.png 300w, https:\/\/ccis-agadir.ma\/wp-content\/uploads\/2024\/11\/Asset-28-1024x225.png 1024w, https:\/\/ccis-agadir.ma\/wp-content\/uploads\/2024\/11\/Asset-28-768x168.png 768w, https:\/\/ccis-agadir.ma\/wp-content\/uploads\/2024\/11\/Asset-28-1536x337.png 1536w, https:\/\/ccis-agadir.ma\/wp-content\/uploads\/2024\/11\/Asset-28-2048x449.png 2048w, https:\/\/ccis-agadir.ma\/wp-content\/uploads\/2024\/11\/Asset-28-18x4.png 18w, https:\/\/ccis-agadir.ma\/wp-content\/uploads\/2024\/11\/Asset-28-600x132.png 600w, https:\/\/ccis-agadir.ma\/wp-content\/uploads\/2024\/11\/Asset-28-560x123.png 560w, https:\/\/ccis-agadir.ma\/wp-content\/uploads\/2024\/11\/Asset-28-1320x289.png 1320w\" sizes=\"(max-width: 12080px) 100vw, 12080px\" \/>\t\t\t\t\t\t\t\t\t\t\t\t\t\t\t<\/div>\n\t\t\t\t<\/div>\n\t\t\t\t<\/div>\n\t\t<div class=\"elementor-element elementor-element-c3233c8 e-flex e-con-boxed e-con e-parent\" data-id=\"c3233c8\" data-element_type=\"container\" data-settings=\"{&quot;_ha_eqh_enable&quot;:false,&quot;ekit_has_onepagescroll_dot&quot;:&quot;yes&quot;}\">\n\t\t\t\t\t<div class=\"e-con-inner\">\n\t\t\t\t<div class=\"elementor-element elementor-element-6970de8 elementor-widget elementor-widget-text-editor\" data-id=\"6970de8\" data-element_type=\"widget\" data-settings=\"{&quot;ekit_we_effect_on&quot;:&quot;none&quot;}\" data-widget_type=\"text-editor.default\">\n\t\t\t\t<div class=\"elementor-widget-container\">\n\t\t\t\t\t\t\t\t\t<p><strong>\u0642\u0635\u0635 \u0627\u0644\u0646\u062c\u0627\u062d \u2013 \u0642\u064a\u062f \u0627\u0644\u0625\u0646\u0634\u0627\u0621<\/strong><\/p><p>\u0645\u0631\u062d\u0628\u0627 \u0628\u0643\u0645 \u0641\u064a \u0635\u0641\u062d\u062a\u0646\u0627 \u0627\u0644\u0645\u062e\u0635\u0635\u0629 \u0644\u0642\u0635\u0635 \u0646\u062c\u0627\u062d \u0631\u0648\u0627\u062f \u0627\u0644\u0623\u0639\u0645\u0627\u0644 \u0648\u0627\u0644\u0634\u0631\u0643\u0627\u062a \u0641\u064a \u062c\u0647\u0629 \u0633\u0648\u0633 \u0645\u0627\u0633\u0629. \u0647\u0646\u0627\u060c \u0633\u0648\u0641 \u062a\u0643\u062a\u0634\u0641 \u0642\u0631\u064a\u0628\u064b\u0627 \u0634\u0647\u0627\u062f\u0627\u062a \u0645\u0644\u0647\u0645\u0629 \u0648\u0631\u062d\u0644\u0627\u062a \u0627\u0633\u062a\u062b\u0646\u0627\u0626\u064a\u0629 \u0648\u0646\u062c\u0627\u062d\u0627\u062a \u0645\u0644\u062d\u0648\u0638\u0629 \u062a\u0648\u0636\u062d \u062f\u064a\u0646\u0627\u0645\u064a\u0643\u064a\u0629 \u0648\u062a\u0646\u0648\u0639 \u0646\u0633\u064a\u062c\u0646\u0627 \u0627\u0644\u0627\u0642\u062a\u0635\u0627\u062f\u064a.<\/p><p>\u0646\u0642\u0648\u0645 \u062d\u0627\u0644\u064a\u064b\u0627 \u0628\u062c\u0645\u0639 \u0642\u0635\u0635 \u0623\u0648\u0644\u0626\u0643 \u0627\u0644\u0630\u064a\u0646\u060c \u0645\u0646 \u062e\u0644\u0627\u0644 \u0627\u0644\u0627\u0628\u062a\u0643\u0627\u0631 \u0648\u0627\u0644\u0645\u062b\u0627\u0628\u0631\u0629 \u0648\u0627\u0644\u0627\u0644\u062a\u0632\u0627\u0645\u060c \u0648\u0636\u0639\u0648\u0627 \u0646\u0642\u0637\u0629 \u062a\u062d\u0648\u0644 \u0641\u064a \u0642\u0637\u0627\u0639\u0647\u0645 \u0648\u0633\u0627\u0647\u0645\u0648\u0627 \u0641\u064a \u062a\u0646\u0645\u064a\u0629 \u0645\u0646\u0637\u0642\u062a\u0646\u0627.<\/p><p>\u0639\u0648\u062f\u0648\u0627 \u0625\u0644\u064a\u0646\u0627 \u0642\u0631\u064a\u0628\u064b\u0627 \u0644\u0627\u0633\u062a\u0643\u0634\u0627\u0641 \u0647\u0630\u0647 \u0627\u0644\u0642\u0635\u0635 \u0627\u0644\u0645\u0644\u0647\u0645\u0629!<\/p>\t\t\t\t\t\t\t\t<\/div>\n\t\t\t\t<\/div>\n\t\t\t\t\t<\/div>\n\t\t\t\t<\/div>\n\t\t\t\t<\/div>","protected":false},"excerpt":{"rendered":"<p>Success Stories \u2013 En construction Bienvenue sur notre page d\u00e9di\u00e9e aux Success Stories des entrepreneurs et entreprises de la r\u00e9gion Souss-Massa. Ici, vous d\u00e9couvrirez bient\u00f4t des t\u00e9moignages inspirants, des parcours exceptionnels, et des r\u00e9ussites marquantes qui illustrent le dynamisme et la diversit\u00e9 de notre tissu \u00e9conomique. Nous sommes en train de rassembler les histoires de [&hellip;]<\/p>","protected":false},"author":1,"featured_media":0,"parent":0,"menu_order":0,"comment_status":"closed","ping_status":"closed","template":"elementor_header_footer","meta":{"footnotes":""},"class_list":["post-8365","page","type-page","status-publish","hentry"],"_links":{"self":[{"href":"https:\/\/ccis-agadir.ma\/ar\/wp-json\/wp\/v2\/pages\/8365","targetHints":{"allow":["GET"]}}],"collection":[{"href":"https:\/\/ccis-agadir.ma\/ar\/wp-json\/wp\/v2\/pages"}],"about":[{"href":"https:\/\/ccis-agadir.ma\/ar\/wp-json\/wp\/v2\/types\/page"}],"author":[{"embeddable":true,"href":"https:\/\/ccis-agadir.ma\/ar\/wp-json\/wp\/v2\/users\/1"}],"replies":[{"embeddable":true,"href":"https:\/\/ccis-agadir.ma\/ar\/wp-json\/wp\/v2\/comments?post=8365"}],"version-history":[{"count":14,"href":"https:\/\/ccis-agadir.ma\/ar\/wp-json\/wp\/v2\/pages\/8365\/revisions"}],"predecessor-version":[{"id":11133,"href":"https:\/\/ccis-agadir.ma\/ar\/wp-json\/wp\/v2\/pages\/8365\/revisions\/11133"}],"wp:attachment":[{"href":"https:\/\/ccis-agadir.ma\/ar\/wp-json\/wp\/v2\/media?parent=8365"}],"curies":[{"name":"wp","href":"https:\/\/api.w.org\/{rel}","templated":true}]}}