{"id":8370,"date":"2024-07-01T14:52:19","date_gmt":"2024-07-01T14:52:19","guid":{"rendered":"https:\/\/ccis-agadir.ma\/?page_id=8370"},"modified":"2024-10-18T15:52:11","modified_gmt":"2024-10-18T15:52:11","slug":"guichet-ism","status":"publish","type":"page","link":"https:\/\/ccis-agadir.ma\/ar\/guichet-ism\/","title":{"rendered":"\u0646\u0627\u0641\u0630\u0629 ISM"},"content":{"rendered":"<div data-elementor-type=\"wp-page\" data-elementor-id=\"8370\" class=\"elementor elementor-8370\" data-elementor-settings=\"{&quot;ha_cmc_init_switcher&quot;:&quot;no&quot;}\" data-elementor-post-type=\"page\">\n\t\t\t\t<div class=\"elementor-element elementor-element-4f37423 e-flex e-con-boxed e-con e-parent\" data-id=\"4f37423\" data-element_type=\"container\" data-settings=\"{&quot;_ha_eqh_enable&quot;:false,&quot;ekit_has_onepagescroll_dot&quot;:&quot;yes&quot;}\">\n\t\t\t\t\t<div class=\"e-con-inner\">\n\t\t\t\t<div class=\"elementor-element elementor-element-8d09289 elementor-widget elementor-widget-heading\" data-id=\"8d09289\" data-element_type=\"widget\" data-settings=\"{&quot;ekit_we_effect_on&quot;:&quot;none&quot;}\" data-widget_type=\"heading.default\">\n\t\t\t\t<div class=\"elementor-widget-container\">\n\t\t\t\t\t<h2 class=\"elementor-heading-title elementor-size-default\">\u0645\u0628\u0627\u062f\u0631\u0629 \u0643\u064a\u0634\u0627\u062a \u0633\u0648\u0633 \u0645\u0627\u0633\u0629<\/h2>\t\t\t\t<\/div>\n\t\t\t\t<\/div>\n\t\t\t\t<div class=\"elementor-element elementor-element-5b00c25 elementor-widget elementor-widget-text-editor\" data-id=\"5b00c25\" data-element_type=\"widget\" data-settings=\"{&quot;ekit_we_effect_on&quot;:&quot;none&quot;}\" data-widget_type=\"text-editor.default\">\n\t\t\t\t<div class=\"elementor-widget-container\">\n\t\t\t\t\t\t\t\t\t<p>\u0645\u0628\u0627\u062f\u0631\u0629 \u0633\u0648\u0633 \u0645\u0627\u0633\u0629 \u0647\u064a \u062c\u0645\u0639\u064a\u0629 \u0642\u0631\u0648\u0636 \u0641\u062e\u0631\u064a\u0629 \"\u0642\u0631\u0648\u0636 \u0628\u062f\u0648\u0646 \u0641\u0648\u0627\u0626\u062f \u0648\u0628\u062f\u0648\u0646 \u0636\u0645\u0627\u0646\u0627\u062a\" \u0645\u0633\u062a\u0648\u062d\u0627\u0629 \u0645\u0646 \u0627\u0644\u062a\u062c\u0631\u0628\u0629 \u0627\u0644\u0641\u0631\u0646\u0633\u064a\u0629 \u0644\u0645\u0646\u0635\u0627\u062a \u0627\u0644\u0645\u0628\u0627\u062f\u0631\u0629 \u0627\u0644\u0645\u062d\u0644\u064a\u0629 \u0627\u0644\u062a\u064a \u062a\u0646\u0636\u0648\u064a \u062a\u062d\u062a \u0627\u0633\u0645 Initiative France\u060c \u0648\u0627\u0644\u062a\u064a \u0623\u0635\u0628\u062d\u062a \u0627\u0644\u0622\u0646 \u0627\u0644\u0644\u0627\u0639\u0628 \u0627\u0644\u0631\u0627\u0626\u062f \u0641\u064a \u062f\u0639\u0645 \u0625\u0646\u0634\u0627\u0621 \u0627\u0644\u0634\u0631\u0643\u0627\u062a \u0641\u064a \u0641\u0631\u0646\u0633\u0627 \u0645\u0646 \u062e\u0644\u0627\u0644 210 \u0645\u0646\u0635\u0627\u062a \u062a\u0642\u0639 \u0641\u064a \u062c\u0645\u064a\u0639 \u0623\u0646\u062d\u0627\u0621 \u0627\u0644\u0628\u0644\u0627\u062f \u062a\u0642\u0631\u064a\u0628\u064b\u0627. \u062a\u0639\u0645\u0644 \u0647\u0630\u0647 \u0627\u0644\u0634\u0628\u0643\u0629 \u0627\u0644\u0622\u0646 \u0639\u0644\u0649 \u0625\u0646\u0634\u0627\u0621 \u0623\u0643\u062b\u0631 \u0645\u0646 16000 \u0634\u0631\u0643\u0629\u060c \u0645\u0645\u0627 \u064a\u0648\u0641\u0631 37000 \u0641\u0631\u0635\u0629 \u0639\u0645\u0644 \u0633\u0646\u0648\u064a\u064b\u0627.<\/p><div class=\"column mcb-column mcb-item-7f65haaby one column_column\"><div class=\"column_attr clearfix\"><h2>\u0645\u0648\u0636\u0648\u0639\u064a<\/h2><hr class=\"no_line\" \/><\/div><\/div><div class=\"column mcb-column mcb-item-uc26egfhh one column_column column-margin-20px\"><div class=\"column_attr clearfix\"><h1><span class=\"themecolor\"><i class=\"icon-check\"><\/i> \u0625\u0646\u0634\u0627\u0621 \u0635\u0646\u062f\u0648\u0642 \u0627\u0644\u0642\u0631\u0648\u0636 \u0627\u0644\u0634\u0631\u0641\u064a\u0629<\/span><\/h1><p>\u21d2 \u062a\u0639\u0632\u064a\u0632 \u0645\u0633\u0627\u0647\u0645\u0629 \u0627\u0644\u0623\u0633\u0647\u0645 \u0648\u0627\u0644\u0633\u0645\u0627\u062d \u0644\u0642\u0627\u062f\u0629 \u0627\u0644\u0645\u0634\u0627\u0631\u064a\u0639 \u0628\u062a\u0639\u0628\u0626\u0629 \u0627\u0644\u0642\u0631\u0648\u0636 \u0627\u0644\u0645\u0635\u0631\u0641\u064a\u0629 (\u0639\u0644\u0649 \u0633\u0628\u064a\u0644 \u0627\u0644\u0645\u062b\u0627\u0644\u060c \u0628\u0627\u0644\u0646\u0633\u0628\u0629 \u0644\u0645\u0628\u0627\u062f\u0631\u0629 \u0641\u0631\u0646\u0633\u0627\u060c \u064a\u0633\u0645\u062d 1 \u064a\u0648\u0631\u0648 \u0645\u0646 \u0627\u0644\u0642\u0631\u0636 \u0627\u0644\u0634\u0631\u0641\u064a \u0628\u062a\u0639\u0628\u0626\u0629 8 \u064a\u0648\u0631\u0648 \u0645\u0646 \u0627\u0644\u0628\u0646\u0648\u0643)<\/p><p>\u21d2 \u064a\u0645\u0643\u0646 \u0645\u0646\u062d \u0627\u0644\u0642\u0631\u0648\u0636 \u0627\u0644\u0634\u0631\u0641\u064a\u0629 \u0644\u0644\u0623\u0634\u062e\u0627\u0635 \u0627\u0644\u0631\u0627\u063a\u0628\u064a\u0646 \u0641\u064a \u0625\u0646\u0634\u0627\u0621 \u0634\u0631\u0643\u0629 \u0641\u0631\u062f\u064a\u0629 \"\u0634\u062e\u0635 \u0637\u0628\u064a\u0639\u064a\"\u060c \u0648\u0644\u0643\u0646 \u0623\u064a\u0636\u064b\u0627 \u0644\u0644\u0623\u0634\u062e\u0627\u0635 \u0627\u0644\u0631\u0627\u063a\u0628\u064a\u0646 \u0641\u064a \u0625\u0646\u0634\u0627\u0621 \u0634\u0631\u0643\u0629 \"\u0634\u062e\u0635 \u0642\u0627\u0646\u0648\u0646\u064a\". \u0641\u064a \u0627\u0644\u062d\u0627\u0644\u0629 \u0627\u0644\u0623\u062e\u064a\u0631\u0629\u060c \u064a\u062a\u0645 \u0645\u0646\u062d \u0627\u0644\u0642\u0631\u0636 \u0644\u0644\u0634\u062e\u0635\u060c \u0648\u0644\u064a\u0633 \u0644\u0644\u0634\u0631\u0643\u0629.<\/p><p>\u00a0<\/p><\/div><\/div><div class=\"column mcb-column mcb-item-3nc6wpr1a one column_column\"><div class=\"column_attr clearfix\"><h1><span class=\"themecolor\"><i class=\"icon-check\"><\/i> \u0625\u0646\u0634\u0627\u0621 \u0648\u062d\u062f\u0629 \u0645\u0631\u0627\u0642\u0628\u0629\/\u062f\u0639\u0645<\/span><\/h1><p>\u21d2 \u0627\u0644\u0645\u0633\u0627\u0639\u062f\u0629 \u0641\u064a \u0625\u0639\u062f\u0627\u062f \u0627\u0644\u0645\u0644\u0641<\/p><p>\u21d2 \u0627\u0644\u0645\u062a\u0627\u0628\u0639\u0629 \u062e\u0644\u0627\u0644 \u0641\u062a\u0631\u0629 \u0627\u0644\u0633\u062f\u0627\u062f (\u0645\u0646 \u062e\u0644\u0627\u0644 \u0627\u0644\u062f\u0639\u0645\u060c \u0648\u0627\u0644\u0644\u062c\u0648\u0621 \u0625\u0644\u0649 \u0627\u0644\u062e\u0628\u0631\u0627\u0621 \u0641\u064a \u0642\u0637\u0627\u0639 \u0627\u0644\u0646\u0634\u0627\u0637 \u0648\/\u0623\u0648 \u0627\u0644\u0645\u0634\u063a\u0644\u064a\u0646 \u0627\u0644\u0645\u062d\u0644\u064a\u064a\u0646)<\/p><p>\u00a0<\/p><\/div><\/div><div class=\"column mcb-column mcb-item-9pt43cfaw one column_column\"><div class=\"column_attr clearfix\"><h1><span class=\"themecolor\"><i class=\"icon-check\"><\/i> \u0627\u0644\u062a\u0648\u0627\u0635\u0644 \u0628\u064a\u0646 \u0627\u0644\u0634\u0631\u0643\u0627\u0621 \u0648\u0627\u0644\u0645\u0647\u0627\u0631\u0627\u062a<\/span><\/h1><p>\u21d2 \u062a\u0648\u062c\u064a\u0647 \u0642\u0627\u062f\u0629 \u0627\u0644\u0645\u0634\u0627\u0631\u064a\u0639 \u0646\u062d\u0648 \u0647\u064a\u0627\u0643\u0644 \u062f\u0639\u0645 \u0625\u0646\u0634\u0627\u0621 \u0627\u0644\u0623\u0639\u0645\u0627\u0644\u060c \u0648\u0645\u0627 \u0625\u0644\u0649 \u0630\u0644\u0643.<\/p><p>\u21d2 \u0627\u0633\u062a\u062e\u062f\u0627\u0645 \u0627\u0644\u0645\u0647\u0627\u0631\u0627\u062a \u0627\u0644\u0645\u0648\u062c\u0648\u062f\u0629 \u0645\u062d\u0644\u064a\u064b\u0627 \u0648\u0648\u0641\u0642\u064b\u0627 \u0644\u0627\u062d\u062a\u064a\u0627\u062c\u0627\u062a \u0642\u0627\u062f\u0629 \u0627\u0644\u0645\u0634\u0631\u0648\u0639 (\u062e\u0627\u0635\u0629 \u0641\u064a\u0645\u0627 \u064a\u062a\u0639\u0644\u0642 \u0628\u0627\u0644\u062f\u0639\u0645)<\/p><\/div><\/div><p>\u00a0<\/p>\t\t\t\t\t\t\t\t<\/div>\n\t\t\t\t<\/div>\n\t\t\t\t<div class=\"elementor-element elementor-element-ad0aae9 elementor-widget elementor-widget-button\" data-id=\"ad0aae9\" data-element_type=\"widget\" data-settings=\"{&quot;ekit_we_effect_on&quot;:&quot;none&quot;}\" data-widget_type=\"button.default\">\n\t\t\t\t<div class=\"elementor-widget-container\">\n\t\t\t\t\t\t\t\t\t<div class=\"elementor-button-wrapper\">\n\t\t\t\t\t<a class=\"elementor-button elementor-button-link elementor-size-sm\" href=\"https:\/\/smdinitiative.com\/ar\/\/\">\n\t\t\t\t\t\t<span class=\"elementor-button-content-wrapper\">\n\t\t\t\t\t\t\t\t\t<span class=\"elementor-button-text\">\u0645\u0648\u0642\u0639 \u0645\u0628\u0627\u062f\u0631\u0629 \u0633\u0648\u0633 \u0645\u0627\u0633\u0629 <\/span>\n\t\t\t\t\t<\/span>\n\t\t\t\t\t<\/a>\n\t\t\t\t<\/div>\n\t\t\t\t\t\t\t\t<\/div>\n\t\t\t\t<\/div>\n\t\t\t\t\t<\/div>\n\t\t\t\t<\/div>\n\t\t\t\t<\/div>","protected":false},"excerpt":{"rendered":"<p>Guichet Souss Massa Initiative Souss Massa Initiative est une association de pr\u00eat d\u2019honneur \u00ab pr\u00eat sans int\u00e9r\u00eats et sans garantie \u00bb inspir\u00e9e de l\u2019exp\u00e9rience fran\u00e7aise des plates formes d\u2019initiatives locales f\u00e9d\u00e9r\u00e9es sous le nom d&#8217;Initiative France qui s\u2019impose aujourd\u2019hui comme premier intervenant dans l\u2019appui \u00e0 la cr\u00e9ation d\u2019entreprises en France avec 210 plateformes se trouvant [&hellip;]<\/p>","protected":false},"author":1,"featured_media":0,"parent":0,"menu_order":0,"comment_status":"closed","ping_status":"closed","template":"elementor_header_footer","meta":{"footnotes":""},"class_list":["post-8370","page","type-page","status-publish","hentry"],"_links":{"self":[{"href":"https:\/\/ccis-agadir.ma\/ar\/wp-json\/wp\/v2\/pages\/8370","targetHints":{"allow":["GET"]}}],"collection":[{"href":"https:\/\/ccis-agadir.ma\/ar\/wp-json\/wp\/v2\/pages"}],"about":[{"href":"https:\/\/ccis-agadir.ma\/ar\/wp-json\/wp\/v2\/types\/page"}],"author":[{"embeddable":true,"href":"https:\/\/ccis-agadir.ma\/ar\/wp-json\/wp\/v2\/users\/1"}],"replies":[{"embeddable":true,"href":"https:\/\/ccis-agadir.ma\/ar\/wp-json\/wp\/v2\/comments?post=8370"}],"version-history":[{"count":19,"href":"https:\/\/ccis-agadir.ma\/ar\/wp-json\/wp\/v2\/pages\/8370\/revisions"}],"predecessor-version":[{"id":10255,"href":"https:\/\/ccis-agadir.ma\/ar\/wp-json\/wp\/v2\/pages\/8370\/revisions\/10255"}],"wp:attachment":[{"href":"https:\/\/ccis-agadir.ma\/ar\/wp-json\/wp\/v2\/media?parent=8370"}],"curies":[{"name":"wp","href":"https:\/\/api.w.org\/{rel}","templated":true}]}}