{"id":8391,"date":"2024-07-01T15:20:37","date_gmt":"2024-07-01T15:20:37","guid":{"rendered":"https:\/\/ccis-agadir.ma\/?page_id=8391"},"modified":"2024-11-30T17:14:37","modified_gmt":"2024-11-30T17:14:37","slug":"donnees-et-enquetes","status":"publish","type":"page","link":"https:\/\/ccis-agadir.ma\/ar\/donnees-et-enquetes\/","title":{"rendered":"\u0628\u064a\u0627\u0646\u0627\u062a \u0648\u0627\u0633\u062a\u0637\u0644\u0627\u0639\u0627\u062a"},"content":{"rendered":"<div data-elementor-type=\"wp-page\" data-elementor-id=\"8391\" class=\"elementor elementor-8391\" data-elementor-settings=\"{&quot;ha_cmc_init_switcher&quot;:&quot;no&quot;}\" data-elementor-post-type=\"page\">\n\t\t\t\t<div class=\"elementor-element elementor-element-99996d2 e-flex e-con-boxed e-con e-parent\" data-id=\"99996d2\" data-element_type=\"container\" data-settings=\"{&quot;_ha_eqh_enable&quot;:false,&quot;ekit_has_onepagescroll_dot&quot;:&quot;yes&quot;}\">\n\t\t\t\t\t<div class=\"e-con-inner\">\n\t\t\t\t<div class=\"elementor-element elementor-element-e1a8a7c elementor-widget elementor-widget-heading\" data-id=\"e1a8a7c\" data-element_type=\"widget\" data-settings=\"{&quot;ekit_we_effect_on&quot;:&quot;none&quot;}\" data-widget_type=\"heading.default\">\n\t\t\t\t<div class=\"elementor-widget-container\">\n\t\t\t\t\t<h1 class=\"elementor-heading-title elementor-size-default\">\u0627\u0644\u0628\u064a\u0627\u0646\u0627\u062a \u0648\u0627\u0644\u0645\u0633\u0648\u062d\u0627\u062a <\/h1>\t\t\t\t<\/div>\n\t\t\t\t<\/div>\n\t\t\t\t<div class=\"elementor-element elementor-element-e8ba532 dce_masking-none elementor-widget elementor-widget-image\" data-id=\"e8ba532\" data-element_type=\"widget\" data-settings=\"{&quot;ekit_we_effect_on&quot;:&quot;none&quot;}\" data-widget_type=\"image.default\">\n\t\t\t\t<div class=\"elementor-widget-container\">\n\t\t\t\t\t\t\t\t\t\t\t\t\t\t\t<img fetchpriority=\"high\" decoding=\"async\" width=\"1024\" height=\"225\" src=\"https:\/\/ccis-agadir.ma\/wp-content\/uploads\/2024\/11\/Asset-31-1024x225.png\" class=\"attachment-large size-large wp-image-11137\" alt=\"\" srcset=\"https:\/\/ccis-agadir.ma\/wp-content\/uploads\/2024\/11\/Asset-31-1024x225.png 1024w, https:\/\/ccis-agadir.ma\/wp-content\/uploads\/2024\/11\/Asset-31-300x66.png 300w, https:\/\/ccis-agadir.ma\/wp-content\/uploads\/2024\/11\/Asset-31-768x168.png 768w, https:\/\/ccis-agadir.ma\/wp-content\/uploads\/2024\/11\/Asset-31-1536x337.png 1536w, https:\/\/ccis-agadir.ma\/wp-content\/uploads\/2024\/11\/Asset-31-2048x449.png 2048w, https:\/\/ccis-agadir.ma\/wp-content\/uploads\/2024\/11\/Asset-31-18x4.png 18w, https:\/\/ccis-agadir.ma\/wp-content\/uploads\/2024\/11\/Asset-31-600x132.png 600w, https:\/\/ccis-agadir.ma\/wp-content\/uploads\/2024\/11\/Asset-31-560x123.png 560w, https:\/\/ccis-agadir.ma\/wp-content\/uploads\/2024\/11\/Asset-31-1320x289.png 1320w\" sizes=\"(max-width: 1024px) 100vw, 1024px\" \/>\t\t\t\t\t\t\t\t\t\t\t\t\t\t\t<\/div>\n\t\t\t\t<\/div>\n\t\t\t\t<div class=\"elementor-element elementor-element-95932a7 elementor-widget elementor-widget-text-editor\" data-id=\"95932a7\" data-element_type=\"widget\" data-settings=\"{&quot;ekit_we_effect_on&quot;:&quot;none&quot;}\" data-widget_type=\"text-editor.default\">\n\t\t\t\t<div class=\"elementor-widget-container\">\n\t\t\t\t\t\t\t\t\t<p>\u062a\u0648\u0641\u0631 \u063a\u0631\u0641\u0629 \u0627\u0644\u062a\u062c\u0627\u0631\u0629 \u0648\u0627\u0644\u0635\u0646\u0627\u0639\u0629 \u0641\u064a \u0623\u0643\u0627\u062f\u064a\u0631 \u0644\u0644\u0634\u0631\u0643\u0627\u062a \u0648\u0627\u0644\u0645\u062d\u062a\u0631\u0641\u064a\u0646 \u0645\u062c\u0645\u0648\u0639\u0629 \u0648\u0627\u0633\u0639\u0629 \u0645\u0646 \u0627\u0644\u0628\u064a\u0627\u0646\u0627\u062a \u0627\u0644\u0627\u0642\u062a\u0635\u0627\u062f\u064a\u0629 \u0648\u0627\u0633\u062a\u0637\u0644\u0627\u0639\u0627\u062a \u0627\u0644\u0642\u0637\u0627\u0639. \u062a\u0633\u0627\u0639\u062f \u0647\u0630\u0647 \u0627\u0644\u0645\u0648\u0627\u0631\u062f \u0639\u0644\u0649 \u0641\u0647\u0645 \u0627\u0644\u0646\u0633\u064a\u062c \u0627\u0644\u0627\u0642\u062a\u0635\u0627\u062f\u064a \u0627\u0644\u0625\u0642\u0644\u064a\u0645\u064a \u0628\u0634\u0643\u0644 \u0623\u0641\u0636\u0644\u060c \u0648\u062a\u0648\u0642\u0639 \u062a\u0637\u0648\u0631\u0627\u062a \u0627\u0644\u0633\u0648\u0642 \u0648\u062a\u062d\u0633\u064a\u0646 \u0627\u0644\u0642\u0631\u0627\u0631\u0627\u062a \u0627\u0644\u0627\u0633\u062a\u0631\u0627\u062a\u064a\u062c\u064a\u0629.<\/p>\t\t\t\t\t\t\t\t<\/div>\n\t\t\t\t<\/div>\n\t\t\t\t\t<\/div>\n\t\t\t\t<\/div>\n\t\t<div class=\"elementor-element elementor-element-e42fd93 e-flex e-con-boxed e-con e-parent\" data-id=\"e42fd93\" data-element_type=\"container\" data-settings=\"{&quot;_ha_eqh_enable&quot;:false,&quot;ekit_has_onepagescroll_dot&quot;:&quot;yes&quot;}\">\n\t\t\t\t\t<div class=\"e-con-inner\">\n\t\t\t\t<div class=\"elementor-element elementor-element-99d01c8 elementor-widget elementor-widget-button\" data-id=\"99d01c8\" data-element_type=\"widget\" data-settings=\"{&quot;ekit_we_effect_on&quot;:&quot;none&quot;}\" data-widget_type=\"button.default\">\n\t\t\t\t<div class=\"elementor-widget-container\">\n\t\t\t\t\t\t\t\t\t<div class=\"elementor-button-wrapper\">\n\t\t\t\t\t<a class=\"elementor-button elementor-button-link elementor-size-sm\" href=\"https:\/\/www.bkam.ma\/\">\n\t\t\t\t\t\t<span class=\"elementor-button-content-wrapper\">\n\t\t\t\t\t\t\t\t\t<span class=\"elementor-button-text\">\u0628\u0646\u0643 \u0627\u0644\u0645\u063a\u0631\u0628<\/span>\n\t\t\t\t\t<\/span>\n\t\t\t\t\t<\/a>\n\t\t\t\t<\/div>\n\t\t\t\t\t\t\t\t<\/div>\n\t\t\t\t<\/div>\n\t\t\t\t<div class=\"elementor-element elementor-element-1c5b9b5 elementor-widget elementor-widget-text-editor\" data-id=\"1c5b9b5\" data-element_type=\"widget\" data-settings=\"{&quot;ekit_we_effect_on&quot;:&quot;none&quot;}\" data-widget_type=\"text-editor.default\">\n\t\t\t\t<div class=\"elementor-widget-container\">\n\t\t\t\t\t\t\t\t\t<p><strong>\u0628\u0646\u0643 \u0627\u0644\u0645\u063a\u0631\u0628<\/strong> \u064a\u0642\u062f\u0645 \u0644\u0643 \u0647\u0630\u0627 \u0627\u0644\u0645\u0648\u0642\u0639 \u0645\u062c\u0645\u0648\u0639\u0629 \u0643\u0628\u064a\u0631\u0629 \u0645\u0646 \u0627\u0644\u0628\u064a\u0627\u0646\u0627\u062a \u0627\u0644\u0627\u0642\u062a\u0635\u0627\u062f\u064a\u0629 \u0648\u0627\u0644\u0645\u0627\u0644\u064a\u0629\u060c \u0628\u0627\u0644\u0625\u0636\u0627\u0641\u0629 \u0625\u0644\u0649 \u0627\u0644\u062f\u0631\u0627\u0633\u0627\u062a \u0627\u0644\u0642\u0637\u0627\u0639\u064a\u0629\u060c \u0648\u0630\u0644\u0643 \u0645\u0646 \u0623\u062c\u0644 \u062a\u0648\u0641\u064a\u0631 \u0631\u0624\u064a\u0629 \u0648\u0627\u0636\u062d\u0629 \u0648\u062d\u062f\u064a\u062b\u0629 \u0644\u0644\u0627\u0642\u062a\u0635\u0627\u062f \u0627\u0644\u0645\u063a\u0631\u0628\u064a. \u0633\u0648\u0627\u0621 \u0643\u0646\u062a \u0645\u062d\u062a\u0631\u0641\u064b\u0627 \u0623\u0648 \u0645\u0633\u062a\u062b\u0645\u0631\u064b\u0627 \u0623\u0648 \u0628\u0627\u062d\u062b\u064b\u0627\u060c \u0641\u0625\u0646 \u0647\u0630\u0647 \u0627\u0644\u0645\u0639\u0644\u0648\u0645\u0627\u062a \u0633\u062a\u0633\u0645\u062d \u0644\u0643 \u0628\u062a\u062d\u0644\u064a\u0644 \u0627\u0644\u0627\u062a\u062c\u0627\u0647\u0627\u062a \u0627\u0644\u0627\u0642\u062a\u0635\u0627\u062f\u064a\u0629 \u0648\u0627\u062a\u062e\u0627\u0630 \u0642\u0631\u0627\u0631\u0627\u062a \u0645\u0633\u062a\u0646\u064a\u0631\u0629.<\/p><h3><strong>\u0645\u0648\u0627\u0631\u062f :<\/strong><\/h3><ul><li><p><strong>\u0627\u0644\u0645\u0624\u0634\u0631\u0627\u062a \u0627\u0644\u0627\u0642\u062a\u0635\u0627\u062f\u064a\u0629 \u0627\u0644\u0631\u0626\u064a\u0633\u064a\u0629:<\/strong> \u0642\u0645 \u0628\u0645\u062a\u0627\u0628\u0639\u0629 \u0627\u0644\u0625\u062d\u0635\u0627\u0626\u064a\u0627\u062a \u0627\u0644\u0627\u0642\u062a\u0635\u0627\u062f\u064a\u0629 \u0627\u0644\u0643\u0644\u064a\u0629 \u0627\u0644\u0631\u0626\u064a\u0633\u064a\u0629\u060c \u0628\u0645\u0627 \u0641\u064a \u0630\u0644\u0643 \u0627\u0644\u0646\u0627\u062a\u062c \u0627\u0644\u0645\u062d\u0644\u064a \u0627\u0644\u0625\u062c\u0645\u0627\u0644\u064a\u060c \u0648\u0627\u0644\u062a\u0636\u062e\u0645\u060c \u0648\u0623\u0633\u0639\u0627\u0631 \u0627\u0644\u0635\u0631\u0641\u060c \u0648\u0623\u0633\u0639\u0627\u0631 \u0627\u0644\u0641\u0627\u0626\u062f\u0629\u060c \u0644\u0644\u062d\u0635\u0648\u0644 \u0639\u0644\u0649 \u062a\u062d\u0644\u064a\u0644 \u0643\u0627\u0645\u0644 \u0644\u062d\u0627\u0644\u0629 \u0627\u0644\u0627\u0642\u062a\u0635\u0627\u062f \u0627\u0644\u0648\u0637\u0646\u064a.<\/p><\/li><li><p><strong>\u0627\u0644\u0645\u0633\u0648\u062d\u0627\u062a \u0627\u0644\u0642\u0637\u0627\u0639\u064a\u0629:<\/strong> \u0627\u0637\u0644\u0639 \u0639\u0644\u0649 \u0627\u0633\u062a\u0637\u0644\u0627\u0639\u0627\u062a\u0646\u0627 \u0627\u0644\u062f\u0648\u0631\u064a\u0629 \u062d\u0648\u0644 \u0623\u062f\u0627\u0621 \u0627\u0644\u0642\u0637\u0627\u0639\u0627\u062a \u0627\u0644\u0627\u0642\u062a\u0635\u0627\u062f\u064a\u0629 \u0627\u0644\u0631\u0626\u064a\u0633\u064a\u0629\u060c \u0645\u062b\u0644 \u0627\u0644\u0635\u0646\u0627\u0639\u0629 \u0648\u0627\u0644\u0632\u0631\u0627\u0639\u0629 \u0648\u0627\u0644\u062e\u062f\u0645\u0627\u062a \u0648\u0627\u0644\u0639\u0642\u0627\u0631\u0627\u062a\u060c \u0644\u0641\u0647\u0645 \u062f\u064a\u0646\u0627\u0645\u064a\u0643\u064a\u0627\u062a \u0643\u0644 \u0642\u0637\u0627\u0639 \u0628\u0634\u0643\u0644 \u0623\u0641\u0636\u0644.<\/p><\/li><li><p><strong>\u062a\u0642\u0627\u0631\u064a\u0631 \u0627\u0644\u0633\u064a\u0627\u0633\u0629 \u0627\u0644\u0646\u0642\u062f\u064a\u0629:<\/strong> \u0627\u0633\u062a\u0643\u0634\u0641 \u062a\u0642\u0627\u0631\u064a\u0631\u0646\u0627 \u0627\u0644\u062a\u0641\u0635\u064a\u0644\u064a\u0629 \u062d\u0648\u0644 \u0627\u0644\u0633\u064a\u0627\u0633\u0627\u062a \u0627\u0644\u0646\u0642\u062f\u064a\u0629 \u0627\u0644\u0645\u0646\u0641\u0630\u0629\u060c \u0648\u062a\u062d\u0644\u064a\u0644\u0627\u062a \u0627\u0644\u0648\u0636\u0639 \u0627\u0644\u0627\u0642\u062a\u0635\u0627\u062f\u064a \u0627\u0644\u0648\u0637\u0646\u064a\u060c \u0648\u0627\u0644\u062a\u0648\u0642\u0639\u0627\u062a \u0627\u0644\u0627\u0642\u062a\u0635\u0627\u062f\u064a\u0629 \u0639\u0644\u0649 \u0627\u0644\u0645\u062f\u0649 \u0627\u0644\u0642\u0635\u064a\u0631 \u0648\u0627\u0644\u0645\u062a\u0648\u0633\u0637.<\/p><\/li><li><p><strong>\u0628\u064a\u0627\u0646\u0627\u062a \u0627\u0644\u0642\u0637\u0627\u0639 \u0627\u0644\u0645\u0635\u0631\u0641\u064a:<\/strong> \u0627\u062d\u0635\u0644 \u0639\u0644\u0649 \u0625\u062d\u0635\u0627\u0626\u064a\u0627\u062a \u0645\u0641\u0635\u0644\u0629 \u062d\u0648\u0644 \u062a\u0637\u0648\u0631 \u0627\u0644\u0627\u0626\u062a\u0645\u0627\u0646\u0627\u062a \u0648\u0627\u0644\u0648\u062f\u0627\u0626\u0639 \u0648\u0627\u0644\u0633\u064a\u0648\u0644\u0629 \u0641\u064a \u0627\u0644\u0642\u0637\u0627\u0639 \u0627\u0644\u0628\u0646\u0643\u064a \u0627\u0644\u0645\u063a\u0631\u0628\u064a\u060c \u0645\u0639 \u0645\u0624\u0634\u0631\u0627\u062a \u0627\u0644\u0623\u062f\u0627\u0621 \u0627\u0644\u0645\u062d\u062f\u062b\u0629.<\/p><\/li><li><p><strong>\u0627\u0644\u062a\u062d\u0644\u064a\u0644 \u0648\u0627\u0644\u062a\u0648\u0642\u0639\u0627\u062a:<\/strong> \u0627\u0633\u062a\u0641\u062f \u0645\u0646 \u062f\u0631\u0627\u0633\u0627\u062a\u0646\u0627 \u0648\u062a\u0648\u0642\u0639\u0627\u062a\u0646\u0627 \u0627\u0644\u0627\u0642\u062a\u0635\u0627\u062f\u064a\u0629 \u0627\u0644\u0645\u0628\u0646\u064a\u0629 \u0639\u0644\u0649 \u0646\u0645\u0627\u0630\u062c \u0648\u062a\u062d\u0644\u064a\u0644\u0627\u062a \u062f\u0642\u064a\u0642\u0629\u060c \u0644\u062a\u0648\u0642\u0639 \u062a\u0637\u0648\u0631\u0627\u062a \u0627\u0644\u0633\u0648\u0642 \u0648\u062a\u0639\u062f\u064a\u0644 \u0627\u0633\u062a\u0631\u0627\u062a\u064a\u062c\u064a\u0627\u062a\u0643.<\/p><\/li><\/ul>\t\t\t\t\t\t\t\t<\/div>\n\t\t\t\t<\/div>\n\t\t\t\t<div class=\"elementor-element elementor-element-986733f elementor-widget elementor-widget-button\" data-id=\"986733f\" data-element_type=\"widget\" data-settings=\"{&quot;ekit_we_effect_on&quot;:&quot;none&quot;}\" data-widget_type=\"button.default\">\n\t\t\t\t<div class=\"elementor-widget-container\">\n\t\t\t\t\t\t\t\t\t<div class=\"elementor-button-wrapper\">\n\t\t\t\t\t<a class=\"elementor-button elementor-button-link elementor-size-sm\" href=\"https:\/\/www.hcp.ma\/\">\n\t\t\t\t\t\t<span class=\"elementor-button-content-wrapper\">\n\t\t\t\t\t\t\t\t\t<span class=\"elementor-button-text\">\u0623\u062e\u0635\u0627\u0626\u064a \u0627\u0644\u0631\u0639\u0627\u064a\u0629 \u0627\u0644\u0635\u062d\u064a\u0629<\/span>\n\t\t\t\t\t<\/span>\n\t\t\t\t\t<\/a>\n\t\t\t\t<\/div>\n\t\t\t\t\t\t\t\t<\/div>\n\t\t\t\t<\/div>\n\t\t\t\t<div class=\"elementor-element elementor-element-87d965c elementor-widget elementor-widget-text-editor\" data-id=\"87d965c\" data-element_type=\"widget\" data-settings=\"{&quot;ekit_we_effect_on&quot;:&quot;none&quot;}\" data-widget_type=\"text-editor.default\">\n\t\t\t\t<div class=\"elementor-widget-container\">\n\t\t\t\t\t\t\t\t\t<p>\u0627\u0644 <strong>\u0627\u0644\u0645\u0641\u0648\u0636\u064a\u0629 \u0627\u0644\u0639\u0644\u064a\u0627 \u0644\u0644\u062a\u062e\u0637\u064a\u0637<\/strong> \u064a\u0639\u062f \u0647\u0630\u0627 \u0627\u0644\u0645\u0648\u0642\u0639 \u0645\u0635\u062f\u0631\u0643 \u0627\u0644\u0631\u0626\u064a\u0633\u064a \u0644\u0644\u0628\u064a\u0627\u0646\u0627\u062a \u0627\u0644\u0625\u062d\u0635\u0627\u0626\u064a\u0629 \u0648\u0627\u0644\u0645\u0633\u0648\u062d\u0627\u062a \u0627\u0644\u0627\u062c\u062a\u0645\u0627\u0639\u064a\u0629 \u0648\u0627\u0644\u0627\u0642\u062a\u0635\u0627\u062f\u064a\u0629 \u062d\u0648\u0644 \u0627\u0644\u0645\u063a\u0631\u0628. \u062a\u0633\u0627\u0639\u062f \u0645\u0639\u0644\u0648\u0645\u0627\u062a\u0646\u0627 \u0627\u0644\u062a\u0641\u0635\u064a\u0644\u064a\u0629 \u0648\u0627\u0644\u0645\u062d\u062f\u062b\u0629 \u0628\u0627\u0646\u062a\u0638\u0627\u0645 \u0641\u064a \u0641\u0647\u0645 \u0627\u0644\u062f\u064a\u0646\u0627\u0645\u064a\u0643\u064a\u0627\u062a \u0627\u0644\u062f\u064a\u0645\u0648\u063a\u0631\u0627\u0641\u064a\u0629 \u0648\u0627\u0644\u0627\u0642\u062a\u0635\u0627\u062f\u064a\u0629 \u0648\u0627\u0644\u0627\u062c\u062a\u0645\u0627\u0639\u064a\u0629 \u0644\u0644\u0628\u0644\u0627\u062f\u060c \u0648\u0625\u0628\u0644\u0627\u063a \u0635\u0646\u0627\u0639 \u0627\u0644\u0642\u0631\u0627\u0631 \u0648\u062f\u0639\u0645 \u0627\u0644\u062a\u0646\u0645\u064a\u0629.<\/p><h3><strong>\u062e\u062f\u0645\u0627\u062a :<\/strong><\/h3><ul><li><p><strong>\u0627\u0644\u0627\u062d\u0635\u0627\u0626\u064a\u0627\u062a \u0627\u0644\u0648\u0637\u0646\u064a\u0629:<\/strong> \u0627\u0637\u0644\u0639 \u0639\u0644\u0649 \u0642\u0648\u0627\u0639\u062f \u0628\u064a\u0627\u0646\u0627\u062a\u0646\u0627 \u062d\u0648\u0644 \u0627\u0644\u0645\u0624\u0634\u0631\u0627\u062a \u0627\u0644\u0627\u0642\u062a\u0635\u0627\u062f\u064a\u0629 \u0648\u0627\u0644\u062f\u064a\u0645\u0648\u063a\u0631\u0627\u0641\u064a\u0629 \u0648\u0627\u0644\u0627\u062c\u062a\u0645\u0627\u0639\u064a\u0629 \u0627\u0644\u0631\u0626\u064a\u0633\u064a\u0629 \u0641\u064a \u0627\u0644\u0645\u063a\u0631\u0628\u060c \u0628\u0645\u0627 \u0641\u064a \u0630\u0644\u0643 \u0645\u0639\u062f\u0644 \u0627\u0644\u0646\u0645\u0648\u060c \u0648\u0627\u0644\u062a\u0636\u062e\u0645\u060c \u0648\u0627\u0644\u062a\u0634\u063a\u064a\u0644\u060c \u0648\u0623\u0643\u062b\u0631 \u0645\u0646 \u0630\u0644\u0643 \u0628\u0643\u062b\u064a\u0631.<\/p><\/li><li><p><strong>\u0627\u0644\u0645\u0633\u0648\u062d\u0627\u062a \u0627\u0644\u0627\u062c\u062a\u0645\u0627\u0639\u064a\u0629 \u0648\u0627\u0644\u0627\u0642\u062a\u0635\u0627\u062f\u064a\u0629:<\/strong> \u0627\u0643\u062a\u0634\u0641 \u0627\u0633\u062a\u0637\u0644\u0627\u0639\u0627\u062a\u0646\u0627 \u0627\u0644\u0645\u062a\u0639\u0645\u0642\u0629 \u062d\u0648\u0644 \u0638\u0631\u0648\u0641 \u0645\u0639\u064a\u0634\u0629 \u0627\u0644\u0623\u0633\u0631\u060c \u0648\u0627\u0644\u062a\u0648\u0638\u064a\u0641\u060c \u0648\u0627\u0644\u0627\u0633\u062a\u0647\u0644\u0627\u0643\u060c \u0648\u0627\u0644\u0641\u0642\u0631\u060c \u0648\u063a\u064a\u0631\u0647\u0627 \u0645\u0646 \u0627\u0644\u0623\u0628\u0639\u0627\u062f \u0627\u0644\u0623\u0633\u0627\u0633\u064a\u0629 \u0644\u0644\u062a\u062d\u0644\u064a\u0644 \u0627\u0644\u0627\u062c\u062a\u0645\u0627\u0639\u064a \u0648\u0627\u0644\u0627\u0642\u062a\u0635\u0627\u062f\u064a.<\/p><\/li><li><p><strong>\u0627\u0644\u062a\u0648\u0642\u0639\u0627\u062a \u0627\u0644\u062f\u064a\u0645\u0648\u063a\u0631\u0627\u0641\u064a\u0629:<\/strong> \u0627\u0644\u0648\u0635\u0648\u0644 \u0625\u0644\u0649 \u0627\u0644\u062a\u0648\u0642\u0639\u0627\u062a \u0627\u0644\u062f\u064a\u0645\u0648\u063a\u0631\u0627\u0641\u064a\u0629 \u0637\u0648\u064a\u0644\u0629 \u0627\u0644\u0623\u0645\u062f\u060c \u0648\u0627\u0644\u062a\u064a \u062a\u0648\u0641\u0631 \u062a\u0642\u062f\u064a\u0631\u0627\u062a \u062d\u0648\u0644 \u062a\u0637\u0648\u0631 \u0627\u0644\u0633\u0643\u0627\u0646 \u0627\u0644\u0645\u063a\u0627\u0631\u0628\u0629\u060c \u0633\u0648\u0627\u0621 \u0639\u0644\u0649 \u0627\u0644\u0645\u0633\u062a\u0648\u0649 \u0627\u0644\u0648\u0637\u0646\u064a \u0623\u0648 \u0627\u0644\u0625\u0642\u0644\u064a\u0645\u064a.<\/p><\/li><li><p><strong>\u0627\u0644\u062d\u0633\u0627\u0628\u0627\u062a \u0627\u0644\u0642\u0648\u0645\u064a\u0629:<\/strong> \u0627\u0633\u062a\u0643\u0634\u0641 \u0627\u0644\u062a\u0642\u0627\u0631\u064a\u0631 \u0648\u0627\u0644\u0628\u064a\u0627\u0646\u0627\u062a \u0627\u0644\u0645\u062a\u0639\u0644\u0642\u0629 \u0628\u0627\u0644\u062d\u0633\u0627\u0628\u0627\u062a \u0627\u0644\u0642\u0648\u0645\u064a\u0629\u060c \u0628\u0645\u0627 \u0641\u064a \u0630\u0644\u0643 \u0627\u0644\u0646\u0627\u062a\u062c \u0627\u0644\u0645\u062d\u0644\u064a \u0627\u0644\u0625\u062c\u0645\u0627\u0644\u064a\u060c \u0648\u0627\u0644\u0627\u0633\u062a\u062b\u0645\u0627\u0631\u0627\u062a\u060c \u0648\u0627\u0644\u062a\u0648\u0632\u064a\u0639 \u0627\u0644\u0642\u0637\u0627\u0639\u064a \u0644\u0644\u0625\u0646\u062a\u0627\u062c \u0627\u0644\u0648\u0637\u0646\u064a.<\/p><\/li><li><p><strong>\u0627\u0644\u0645\u0624\u0634\u0631\u0627\u062a \u0627\u0644\u0625\u0642\u0644\u064a\u0645\u064a\u0629:<\/strong> \u0627\u0644\u062d\u0635\u0648\u0644 \u0639\u0644\u0649 \u0625\u062d\u0635\u0627\u0626\u064a\u0627\u062a \u0625\u0642\u0644\u064a\u0645\u064a\u0629 \u0644\u0641\u0647\u0645 \u0627\u0644\u062e\u0635\u0627\u0626\u0635 \u0627\u0644\u0645\u062d\u0644\u064a\u0629 \u0628\u0634\u0643\u0644 \u0623\u0641\u0636\u0644 \u0648\u062f\u0639\u0645 \u0633\u064a\u0627\u0633\u0627\u062a \u0627\u0644\u062a\u0646\u0645\u064a\u0629 \u0627\u0644\u0625\u0642\u0644\u064a\u0645\u064a\u0629.<\/p><\/li><\/ul>\t\t\t\t\t\t\t\t<\/div>\n\t\t\t\t<\/div>\n\t\t\t\t\t<\/div>\n\t\t\t\t<\/div>\n\t\t\t\t<\/div>","protected":false},"excerpt":{"rendered":"<p>Donn\u00e9es et enqu\u00eates La Chambre de Commerce d&#8217;Agadir met \u00e0 disposition des entreprises et des professionnels une vaste gamme de donn\u00e9es \u00e9conomiques et d&#8217;enqu\u00eates sectorielles. Ces ressources permettent de mieux comprendre le tissu \u00e9conomique r\u00e9gional, d\u2019anticiper les \u00e9volutions du march\u00e9 et d\u2019optimiser les d\u00e9cisions strat\u00e9giques. Bank al maghrib Bank Al-Maghrib met \u00e0 votre disposition une [&hellip;]<\/p>","protected":false},"author":1,"featured_media":0,"parent":0,"menu_order":0,"comment_status":"closed","ping_status":"closed","template":"elementor_header_footer","meta":{"footnotes":""},"class_list":["post-8391","page","type-page","status-publish","hentry"],"_links":{"self":[{"href":"https:\/\/ccis-agadir.ma\/ar\/wp-json\/wp\/v2\/pages\/8391","targetHints":{"allow":["GET"]}}],"collection":[{"href":"https:\/\/ccis-agadir.ma\/ar\/wp-json\/wp\/v2\/pages"}],"about":[{"href":"https:\/\/ccis-agadir.ma\/ar\/wp-json\/wp\/v2\/types\/page"}],"author":[{"embeddable":true,"href":"https:\/\/ccis-agadir.ma\/ar\/wp-json\/wp\/v2\/users\/1"}],"replies":[{"embeddable":true,"href":"https:\/\/ccis-agadir.ma\/ar\/wp-json\/wp\/v2\/comments?post=8391"}],"version-history":[{"count":11,"href":"https:\/\/ccis-agadir.ma\/ar\/wp-json\/wp\/v2\/pages\/8391\/revisions"}],"predecessor-version":[{"id":11140,"href":"https:\/\/ccis-agadir.ma\/ar\/wp-json\/wp\/v2\/pages\/8391\/revisions\/11140"}],"wp:attachment":[{"href":"https:\/\/ccis-agadir.ma\/ar\/wp-json\/wp\/v2\/media?parent=8391"}],"curies":[{"name":"wp","href":"https:\/\/api.w.org\/{rel}","templated":true}]}}