{"id":8410,"date":"2024-07-01T15:47:34","date_gmt":"2024-07-01T15:47:34","guid":{"rendered":"https:\/\/ccis-agadir.ma\/?page_id=8410"},"modified":"2024-11-30T16:37:00","modified_gmt":"2024-11-30T16:37:00","slug":"faq-2","status":"publish","type":"page","link":"https:\/\/ccis-agadir.ma\/ar\/faq-2\/","title":{"rendered":"\u0627\u0644\u0623\u0633\u0626\u0644\u0629 \u0627\u0644\u0634\u0627\u0626\u0639\u0629"},"content":{"rendered":"<div data-elementor-type=\"wp-page\" data-elementor-id=\"8410\" class=\"elementor elementor-8410\" data-elementor-settings=\"{&quot;ha_cmc_init_switcher&quot;:&quot;no&quot;}\" data-elementor-post-type=\"page\">\n\t\t\t\t<div class=\"elementor-element elementor-element-e384047 e-con-full e-flex e-con e-parent\" data-id=\"e384047\" data-element_type=\"container\" data-settings=\"{&quot;_ha_eqh_enable&quot;:false,&quot;ekit_has_onepagescroll_dot&quot;:&quot;yes&quot;}\">\n\t\t\t\t<div class=\"elementor-element elementor-element-971d7cb elementor-widget__width-inherit dce_masking-none elementor-widget elementor-widget-image\" data-id=\"971d7cb\" data-element_type=\"widget\" data-settings=\"{&quot;ekit_we_effect_on&quot;:&quot;none&quot;}\" data-widget_type=\"image.default\">\n\t\t\t\t<div class=\"elementor-widget-container\">\n\t\t\t\t\t\t\t\t\t\t\t\t\t\t\t<img fetchpriority=\"high\" decoding=\"async\" width=\"12080\" height=\"2649\" src=\"https:\/\/ccis-agadir.ma\/wp-content\/uploads\/2024\/11\/Asset-8.png\" class=\"attachment-full size-full wp-image-11005\" alt=\"\" srcset=\"https:\/\/ccis-agadir.ma\/wp-content\/uploads\/2024\/11\/Asset-8.png 12080w, https:\/\/ccis-agadir.ma\/wp-content\/uploads\/2024\/11\/Asset-8-300x66.png 300w, https:\/\/ccis-agadir.ma\/wp-content\/uploads\/2024\/11\/Asset-8-1024x225.png 1024w, https:\/\/ccis-agadir.ma\/wp-content\/uploads\/2024\/11\/Asset-8-768x168.png 768w, https:\/\/ccis-agadir.ma\/wp-content\/uploads\/2024\/11\/Asset-8-1536x337.png 1536w, https:\/\/ccis-agadir.ma\/wp-content\/uploads\/2024\/11\/Asset-8-2048x449.png 2048w, https:\/\/ccis-agadir.ma\/wp-content\/uploads\/2024\/11\/Asset-8-18x4.png 18w, https:\/\/ccis-agadir.ma\/wp-content\/uploads\/2024\/11\/Asset-8-600x132.png 600w, https:\/\/ccis-agadir.ma\/wp-content\/uploads\/2024\/11\/Asset-8-560x123.png 560w, https:\/\/ccis-agadir.ma\/wp-content\/uploads\/2024\/11\/Asset-8-1320x289.png 1320w\" sizes=\"(max-width: 12080px) 100vw, 12080px\" \/>\t\t\t\t\t\t\t\t\t\t\t\t\t\t\t<\/div>\n\t\t\t\t<\/div>\n\t\t\t\t<\/div>\n\t\t<div class=\"elementor-element elementor-element-9ae1297 e-flex e-con-boxed e-con e-parent\" data-id=\"9ae1297\" data-element_type=\"container\" data-settings=\"{&quot;_ha_eqh_enable&quot;:false,&quot;ekit_has_onepagescroll_dot&quot;:&quot;yes&quot;}\">\n\t\t\t\t\t<div class=\"e-con-inner\">\n\t\t\t\t<div class=\"elementor-element elementor-element-926162c elementor-widget elementor-widget-accordion\" data-id=\"926162c\" data-element_type=\"widget\" data-settings=\"{&quot;ekit_we_effect_on&quot;:&quot;none&quot;}\" data-widget_type=\"accordion.default\">\n\t\t\t\t<div class=\"elementor-widget-container\">\n\t\t\t\t\t\t\t<div class=\"elementor-accordion\">\n\t\t\t\t\t\t\t<div class=\"elementor-accordion-item\">\n\t\t\t\t\t<div id=\"elementor-tab-title-1531\" class=\"elementor-tab-title\" data-tab=\"1\" role=\"button\" aria-controls=\"elementor-tab-content-1531\" aria-expanded=\"false\">\n\t\t\t\t\t\t\t\t\t\t\t\t\t<span class=\"elementor-accordion-icon elementor-accordion-icon-right\" aria-hidden=\"true\">\n\t\t\t\t\t\t\t\t\t\t\t\t\t\t\t<span class=\"elementor-accordion-icon-closed\"><svg class=\"e-font-icon-svg e-fas-plus\" viewbox=\"0 0 448 512\" xmlns=\"http:\/\/www.w3.org\/2000\/svg\"><path d=\"M416 208H272V64c0-17.67-14.33-32-32-32h-32c-17.67 0-32 14.33-32 32v144H32c-17.67 0-32 14.33-32 32v32c0 17.67 14.33 32 32 32h144v144c0 17.67 14.33 32 32 32h32c17.67 0 32-14.33 32-32V304h144c17.67 0 32-14.33 32-32v-32c0-17.67-14.33-32-32-32z\"><\/path><\/svg><\/span>\n\t\t\t\t\t\t\t\t<span class=\"elementor-accordion-icon-opened\"><svg class=\"e-font-icon-svg e-fas-minus\" viewbox=\"0 0 448 512\" xmlns=\"http:\/\/www.w3.org\/2000\/svg\"><path d=\"M416 208H32c-17.67 0-32 14.33-32 32v32c0 17.67 14.33 32 32 32h384c17.67 0 32-14.33 32-32v-32c0-17.67-14.33-32-32-32z\"><\/path><\/svg><\/span>\n\t\t\t\t\t\t\t\t\t\t\t\t\t\t<\/span>\n\t\t\t\t\t\t\t\t\t\t\t\t<a class=\"elementor-accordion-title\" tabindex=\"0\">\u0645\u0627 \u0647\u064a \u0627\u0644\u0623\u0647\u062f\u0627\u0641 \u0627\u0644\u0631\u0626\u064a\u0633\u064a\u0629 \u0644\u0644\u063a\u0631\u0641\u0629 \u0627\u0644\u062a\u062c\u0627\u0631\u064a\u0629 \u0633\u0648\u0633 \u0645\u0627\u0633\u0629\u061f<\/a>\n\t\t\t\t\t<\/div>\n\t\t\t\t\t<div id=\"elementor-tab-content-1531\" class=\"elementor-tab-content elementor-clearfix\" data-tab=\"1\" role=\"region\" aria-labelledby=\"elementor-tab-title-1531\"><p><span style=\"color: #333333;\">\u062a\u0647\u062f\u0641 \u063a\u0631\u0641\u0629 \u0627\u0644\u062a\u062c\u0627\u0631\u0629 \u0648\u0627\u0644\u0635\u0646\u0627\u0639\u0629 \u0648\u0627\u0644\u062e\u062f\u0645\u0627\u062a \u0644\u0633\u0648\u0633 \u0645\u0627\u0633\u0629 \u0625\u0644\u0649 \u062f\u0639\u0645 \u0627\u0644\u062a\u0646\u0645\u064a\u0629 \u0627\u0644\u0627\u0642\u062a\u0635\u0627\u062f\u064a\u0629 \u0627\u0644\u0625\u0642\u0644\u064a\u0645\u064a\u0629 \u0648\u0645\u0633\u0627\u0639\u062f\u0629 \u0627\u0644\u0634\u0631\u0643\u0627\u062a \u0627\u0644\u0645\u062d\u0644\u064a\u0629 \u0648\u062a\u0634\u062c\u064a\u0639 \u0627\u0644\u0627\u0633\u062a\u062b\u0645\u0627\u0631 \u0648\u062a\u0646\u0645\u064a\u0629 \u0627\u0644\u062a\u062c\u0627\u0631\u0629. \u0643\u0645\u0627 \u062a\u0639\u0645\u0644 \u0643\u0648\u0633\u064a\u0637 \u0628\u064a\u0646 \u0627\u0644\u0634\u0631\u0643\u0627\u062a \u0648\u0627\u0644\u0633\u0644\u0637\u0627\u062a \u0627\u0644\u0639\u0627\u0645\u0629\u060c \u0648\u062a\u062f\u0627\u0641\u0639 \u0639\u0646 \u0645\u0635\u0627\u0644\u062d \u0627\u0644\u0641\u0627\u0639\u0644\u064a\u0646 \u0627\u0644\u0627\u0642\u062a\u0635\u0627\u062f\u064a\u064a\u0646 \u0627\u0644\u0625\u0642\u0644\u064a\u0645\u064a\u064a\u0646.<\/span><\/p><\/div>\n\t\t\t\t<\/div>\n\t\t\t\t\t\t\t<div class=\"elementor-accordion-item\">\n\t\t\t\t\t<div id=\"elementor-tab-title-1532\" class=\"elementor-tab-title\" data-tab=\"2\" role=\"button\" aria-controls=\"elementor-tab-content-1532\" aria-expanded=\"false\">\n\t\t\t\t\t\t\t\t\t\t\t\t\t<span class=\"elementor-accordion-icon elementor-accordion-icon-right\" aria-hidden=\"true\">\n\t\t\t\t\t\t\t\t\t\t\t\t\t\t\t<span class=\"elementor-accordion-icon-closed\"><svg class=\"e-font-icon-svg e-fas-plus\" viewbox=\"0 0 448 512\" xmlns=\"http:\/\/www.w3.org\/2000\/svg\"><path d=\"M416 208H272V64c0-17.67-14.33-32-32-32h-32c-17.67 0-32 14.33-32 32v144H32c-17.67 0-32 14.33-32 32v32c0 17.67 14.33 32 32 32h144v144c0 17.67 14.33 32 32 32h32c17.67 0 32-14.33 32-32V304h144c17.67 0 32-14.33 32-32v-32c0-17.67-14.33-32-32-32z\"><\/path><\/svg><\/span>\n\t\t\t\t\t\t\t\t<span class=\"elementor-accordion-icon-opened\"><svg class=\"e-font-icon-svg e-fas-minus\" viewbox=\"0 0 448 512\" xmlns=\"http:\/\/www.w3.org\/2000\/svg\"><path d=\"M416 208H32c-17.67 0-32 14.33-32 32v32c0 17.67 14.33 32 32 32h384c17.67 0 32-14.33 32-32v-32c0-17.67-14.33-32-32-32z\"><\/path><\/svg><\/span>\n\t\t\t\t\t\t\t\t\t\t\t\t\t\t<\/span>\n\t\t\t\t\t\t\t\t\t\t\t\t<a class=\"elementor-accordion-title\" tabindex=\"0\">\u0643\u064a\u0641 \u064a\u0645\u0643\u0646\u0646\u064a \u0623\u0646 \u0623\u0635\u0628\u062d \u0639\u0636\u0648\u0627 \u0641\u064a \u063a\u0631\u0641\u0629 \u0627\u0644\u062a\u062c\u0627\u0631\u0629\u061f<\/a>\n\t\t\t\t\t<\/div>\n\t\t\t\t\t<div id=\"elementor-tab-content-1532\" class=\"elementor-tab-content elementor-clearfix\" data-tab=\"2\" role=\"region\" aria-labelledby=\"elementor-tab-title-1532\"><p><span style=\"color: #333333;\">\u0644\u0643\u064a \u062a\u0635\u0628\u062d \u0639\u0636\u0648\u064b\u0627\u060c \u064a\u062c\u0628 \u0639\u0644\u0649 \u0627\u0644\u0634\u0631\u0643\u0627\u062a \u0645\u0644\u0621 \u0646\u0645\u0648\u0630\u062c \u0637\u0644\u0628 \u0627\u0644\u0639\u0636\u0648\u064a\u0629 \u0627\u0644\u0645\u062a\u0648\u0641\u0631 \u0639\u0644\u0649 \u0645\u0648\u0642\u0639\u0646\u0627 \u0627\u0644\u0625\u0644\u0643\u062a\u0631\u0648\u0646\u064a \u0623\u0648 \u0641\u064a \u0645\u0643\u0627\u062a\u0628\u0646\u0627. \u064a\u062c\u0628 \u0645\u0644\u0621 \u0647\u0630\u0627 \u0627\u0644\u0646\u0645\u0648\u0630\u062c \u0628\u0627\u0644\u0645\u0633\u062a\u0646\u062f\u0627\u062a \u0627\u0644\u0645\u0637\u0644\u0648\u0628\u0629\u060c \u0645\u062b\u0644 \u0627\u0644\u0646\u0638\u0627\u0645 \u0627\u0644\u0623\u0633\u0627\u0633\u064a \u0644\u0644\u0634\u0631\u0643\u0629 \u0648\u0645\u0633\u062a\u062e\u0631\u062c \u0645\u0646 \u0627\u0644\u0633\u062c\u0644 \u0627\u0644\u062a\u062c\u0627\u0631\u064a. \u0628\u0645\u062c\u0631\u062f \u0645\u0631\u0627\u062c\u0639\u0629 \u0627\u0644\u0637\u0644\u0628 \u0648\u0627\u0644\u0645\u0648\u0627\u0641\u0642\u0629 \u0639\u0644\u064a\u0647\u060c \u0633\u062a\u062a\u0644\u0642\u0649 \u0627\u0644\u0634\u0631\u0643\u0629 \u062a\u0623\u0643\u064a\u062f\u064b\u0627 \u0639\u0644\u0649 \u0627\u0644\u0639\u0636\u0648\u064a\u0629.<\/span><\/p><\/div>\n\t\t\t\t<\/div>\n\t\t\t\t\t\t\t<div class=\"elementor-accordion-item\">\n\t\t\t\t\t<div id=\"elementor-tab-title-1533\" class=\"elementor-tab-title\" data-tab=\"3\" role=\"button\" aria-controls=\"elementor-tab-content-1533\" aria-expanded=\"false\">\n\t\t\t\t\t\t\t\t\t\t\t\t\t<span class=\"elementor-accordion-icon elementor-accordion-icon-right\" aria-hidden=\"true\">\n\t\t\t\t\t\t\t\t\t\t\t\t\t\t\t<span class=\"elementor-accordion-icon-closed\"><svg class=\"e-font-icon-svg e-fas-plus\" viewbox=\"0 0 448 512\" xmlns=\"http:\/\/www.w3.org\/2000\/svg\"><path d=\"M416 208H272V64c0-17.67-14.33-32-32-32h-32c-17.67 0-32 14.33-32 32v144H32c-17.67 0-32 14.33-32 32v32c0 17.67 14.33 32 32 32h144v144c0 17.67 14.33 32 32 32h32c17.67 0 32-14.33 32-32V304h144c17.67 0 32-14.33 32-32v-32c0-17.67-14.33-32-32-32z\"><\/path><\/svg><\/span>\n\t\t\t\t\t\t\t\t<span class=\"elementor-accordion-icon-opened\"><svg class=\"e-font-icon-svg e-fas-minus\" viewbox=\"0 0 448 512\" xmlns=\"http:\/\/www.w3.org\/2000\/svg\"><path d=\"M416 208H32c-17.67 0-32 14.33-32 32v32c0 17.67 14.33 32 32 32h384c17.67 0 32-14.33 32-32v-32c0-17.67-14.33-32-32-32z\"><\/path><\/svg><\/span>\n\t\t\t\t\t\t\t\t\t\t\t\t\t\t<\/span>\n\t\t\t\t\t\t\t\t\t\t\t\t<a class=\"elementor-accordion-title\" tabindex=\"0\">\u0645\u0627 \u0647\u064a \u0627\u0644\u062e\u062f\u0645\u0627\u062a \u0627\u0644\u062a\u064a \u062a\u0642\u062f\u0645\u0647\u0627 \u063a\u0631\u0641\u0629 \u0627\u0644\u062a\u062c\u0627\u0631\u0629 \u0644\u0644\u0634\u0631\u0643\u0627\u062a\u061f<\/a>\n\t\t\t\t\t<\/div>\n\t\t\t\t\t<div id=\"elementor-tab-content-1533\" class=\"elementor-tab-content elementor-clearfix\" data-tab=\"3\" role=\"region\" aria-labelledby=\"elementor-tab-title-1533\"><p><span style=\"color: #333333;\">\u0648\u062a\u0642\u062f\u0645 \u0627\u0644\u063a\u0631\u0641\u0629 \u0627\u0644\u0639\u062f\u064a\u062f \u0645\u0646 \u0627\u0644\u062e\u062f\u0645\u0627\u062a \u0645\u0646\u0647\u0627:<\/span><\/p><p><strong>\u062f\u0639\u0645 \u0627\u0644\u0634\u0631\u0643\u0627\u062a \u0627\u0644\u0635\u063a\u064a\u0631\u0629 \u0648\u0627\u0644\u0645\u062a\u0648\u0633\u0637\u0629<\/strong> :<span style=\"color: #333333;\"> \u0627\u0644\u0627\u0633\u062a\u0634\u0627\u0631\u0627\u062a \u0627\u0644\u0625\u062f\u0627\u0631\u064a\u0629 \u0648\u0627\u0644\u062a\u062f\u0631\u064a\u0628 \u0627\u0644\u0645\u0647\u0646\u064a \u0648\u0627\u0644\u0645\u0633\u0627\u0639\u062f\u0629 \u0641\u064a \u062a\u0623\u0633\u064a\u0633 \u0627\u0644\u0623\u0639\u0645\u0627\u0644.<\/span><\/p><p><strong>\u062a\u0633\u0647\u064a\u0644 \u0627\u0644\u062a\u0645\u0648\u064a\u0644<\/strong> : <span style=\"color: #333333;\">\u0627\u0644\u0645\u0633\u0627\u0639\u062f\u0629 \u0641\u064a \u0627\u0644\u0639\u062b\u0648\u0631 \u0639\u0644\u0649 \u0627\u0644\u062a\u0645\u0648\u064a\u0644 \u0648\u0627\u0644\u062f\u0639\u0645.<\/span><\/p><p><strong><span style=\"color: #333333;\">\u0645\u0646\u0638\u0645\u0629<\/span> \u0627\u0644\u0623\u062d\u062f\u0627\u062b<\/strong> : <span style=\"color: #333333;\">\u0627\u0644\u0645\u0639\u0627\u0631\u0636 \u0627\u0644\u062a\u062c\u0627\u0631\u064a\u0629 \u0648\u0627\u0644\u0645\u0639\u0627\u0631\u0636 \u0648\u0627\u0644\u0645\u0646\u062a\u062f\u064a\u0627\u062a \u0627\u0644\u0627\u0642\u062a\u0635\u0627\u062f\u064a\u0629 \u0644\u062a\u0631\u0648\u064a\u062c \u0627\u0644\u0623\u0639\u0645\u0627\u0644 \u0627\u0644\u062a\u062c\u0627\u0631\u064a\u0629 \u0627\u0644\u0645\u062d\u0644\u064a\u0629.<\/span><\/p><p><strong>\u0627\u0644\u0634\u0628\u0643\u0627\u062a<\/strong> : <span style=\"color: #333333;\">\u0641\u0631\u0635 \u0627\u0644\u062a\u0648\u0627\u0635\u0644 \u0645\u0639 \u0627\u0644\u0634\u0631\u0643\u0627\u062a \u0627\u0644\u0623\u062e\u0631\u0649 \u0648\u0634\u0631\u0643\u0627\u0621 \u0627\u0644\u0623\u0639\u0645\u0627\u0644.<\/span><\/p><\/div>\n\t\t\t\t<\/div>\n\t\t\t\t\t\t\t<div class=\"elementor-accordion-item\">\n\t\t\t\t\t<div id=\"elementor-tab-title-1534\" class=\"elementor-tab-title\" data-tab=\"4\" role=\"button\" aria-controls=\"elementor-tab-content-1534\" aria-expanded=\"false\">\n\t\t\t\t\t\t\t\t\t\t\t\t\t<span class=\"elementor-accordion-icon elementor-accordion-icon-right\" aria-hidden=\"true\">\n\t\t\t\t\t\t\t\t\t\t\t\t\t\t\t<span class=\"elementor-accordion-icon-closed\"><svg class=\"e-font-icon-svg e-fas-plus\" viewbox=\"0 0 448 512\" xmlns=\"http:\/\/www.w3.org\/2000\/svg\"><path d=\"M416 208H272V64c0-17.67-14.33-32-32-32h-32c-17.67 0-32 14.33-32 32v144H32c-17.67 0-32 14.33-32 32v32c0 17.67 14.33 32 32 32h144v144c0 17.67 14.33 32 32 32h32c17.67 0 32-14.33 32-32V304h144c17.67 0 32-14.33 32-32v-32c0-17.67-14.33-32-32-32z\"><\/path><\/svg><\/span>\n\t\t\t\t\t\t\t\t<span class=\"elementor-accordion-icon-opened\"><svg class=\"e-font-icon-svg e-fas-minus\" viewbox=\"0 0 448 512\" xmlns=\"http:\/\/www.w3.org\/2000\/svg\"><path d=\"M416 208H32c-17.67 0-32 14.33-32 32v32c0 17.67 14.33 32 32 32h384c17.67 0 32-14.33 32-32v-32c0-17.67-14.33-32-32-32z\"><\/path><\/svg><\/span>\n\t\t\t\t\t\t\t\t\t\t\t\t\t\t<\/span>\n\t\t\t\t\t\t\t\t\t\t\t\t<a class=\"elementor-accordion-title\" tabindex=\"0\">\u0643\u064a\u0641 \u064a\u0645\u0643\u0646\u0646\u064a \u0627\u0644\u062a\u0633\u062c\u064a\u0644 \u0641\u064a \u0627\u0644\u062f\u0648\u0631\u0627\u062a \u0627\u0644\u062a\u062f\u0631\u064a\u0628\u064a\u0629 \u0648\u0627\u0644\u0641\u0639\u0627\u0644\u064a\u0627\u062a \u0627\u0644\u062a\u064a \u062a\u0646\u0638\u0645\u0647\u0627 \u0627\u0644\u063a\u0631\u0641\u0629\u061f<\/a>\n\t\t\t\t\t<\/div>\n\t\t\t\t\t<div id=\"elementor-tab-content-1534\" class=\"elementor-tab-content elementor-clearfix\" data-tab=\"4\" role=\"region\" aria-labelledby=\"elementor-tab-title-1534\"><p><span style=\"color: #333333;\">\u062a\u062a\u0648\u0641\u0631 \u0645\u0639\u0644\u0648\u0645\u0627\u062a \u062d\u0648\u0644 \u0627\u0644\u062f\u0648\u0631\u0627\u062a \u0627\u0644\u062a\u062f\u0631\u064a\u0628\u064a\u0629 \u0648\u0627\u0644\u0641\u0639\u0627\u0644\u064a\u0627\u062a \u0639\u0644\u0649 \u0645\u0648\u0642\u0639\u0646\u0627 \u0627\u0644\u0625\u0644\u0643\u062a\u0631\u0648\u0646\u064a. \u064a\u062a\u0645 \u0627\u0644\u062a\u0633\u062c\u064a\u0644 \u0639\u0627\u062f\u0629\u064b \u0639\u0628\u0631 \u0627\u0644\u0625\u0646\u062a\u0631\u0646\u062a \u0645\u0646 \u062e\u0644\u0627\u0644 \u0646\u0645\u0627\u0630\u062c \u0645\u062e\u0635\u0635\u0629. \u0628\u0627\u0644\u0646\u0633\u0628\u0629 \u0644\u0644\u0641\u0639\u0627\u0644\u064a\u0627\u062a \u0627\u0644\u0645\u062d\u062f\u062f\u0629\u060c \u0645\u0646 \u0627\u0644\u0645\u0645\u0643\u0646 \u0623\u064a\u0636\u064b\u0627 \u0627\u0644\u062a\u0633\u062c\u064a\u0644 \u0639\u0646 \u0637\u0631\u064a\u0642 \u0627\u0644\u0627\u062a\u0635\u0627\u0644 \u0628\u0645\u0643\u0627\u062a\u0628\u0646\u0627 \u0645\u0628\u0627\u0634\u0631\u0629\u064b.<\/span><\/p><\/div>\n\t\t\t\t<\/div>\n\t\t\t\t\t\t\t\t<\/div>\n\t\t\t\t\t\t<\/div>\n\t\t\t\t<\/div>\n\t\t\t\t\t<\/div>\n\t\t\t\t<\/div>\n\t\t\t\t<\/div>","protected":false},"excerpt":{"rendered":"<p>Quels sont les principaux objectifs de la Chambre de commerce Souss-Massa ? La Chambre de commerce Souss-Massa vise \u00e0 soutenir le d\u00e9veloppement \u00e9conomique r\u00e9gional, \u00e0 accompagner les entreprises locales, \u00e0 favoriser les investissements, et \u00e0 promouvoir les \u00e9changes commerciaux. Elle agit aussi comme un interm\u00e9diaire entre les entreprises et les autorit\u00e9s publiques pour d\u00e9fendre les [&hellip;]<\/p>","protected":false},"author":1,"featured_media":0,"parent":0,"menu_order":0,"comment_status":"closed","ping_status":"closed","template":"elementor_header_footer","meta":{"footnotes":""},"class_list":["post-8410","page","type-page","status-publish","hentry"],"_links":{"self":[{"href":"https:\/\/ccis-agadir.ma\/ar\/wp-json\/wp\/v2\/pages\/8410","targetHints":{"allow":["GET"]}}],"collection":[{"href":"https:\/\/ccis-agadir.ma\/ar\/wp-json\/wp\/v2\/pages"}],"about":[{"href":"https:\/\/ccis-agadir.ma\/ar\/wp-json\/wp\/v2\/types\/page"}],"author":[{"embeddable":true,"href":"https:\/\/ccis-agadir.ma\/ar\/wp-json\/wp\/v2\/users\/1"}],"replies":[{"embeddable":true,"href":"https:\/\/ccis-agadir.ma\/ar\/wp-json\/wp\/v2\/comments?post=8410"}],"version-history":[{"count":22,"href":"https:\/\/ccis-agadir.ma\/ar\/wp-json\/wp\/v2\/pages\/8410\/revisions"}],"predecessor-version":[{"id":11072,"href":"https:\/\/ccis-agadir.ma\/ar\/wp-json\/wp\/v2\/pages\/8410\/revisions\/11072"}],"wp:attachment":[{"href":"https:\/\/ccis-agadir.ma\/ar\/wp-json\/wp\/v2\/media?parent=8410"}],"curies":[{"name":"wp","href":"https:\/\/api.w.org\/{rel}","templated":true}]}}