{"id":8431,"date":"2024-07-03T15:51:00","date_gmt":"2024-07-03T15:51:00","guid":{"rendered":"https:\/\/ccis-agadir.ma\/?page_id=8431"},"modified":"2024-11-30T17:06:43","modified_gmt":"2024-11-30T17:06:43","slug":"pourquoi-adherer","status":"publish","type":"page","link":"https:\/\/ccis-agadir.ma\/ar\/pourquoi-adherer\/","title":{"rendered":"\u0644\u0645\u0627\u0630\u0627 \u062a\u0646\u0636\u0645\u061f"},"content":{"rendered":"<div data-elementor-type=\"wp-page\" data-elementor-id=\"8431\" class=\"elementor elementor-8431\" data-elementor-settings=\"{&quot;ha_cmc_init_switcher&quot;:&quot;no&quot;}\" data-elementor-post-type=\"page\">\n\t\t\t\t<div class=\"elementor-element elementor-element-6c9ef14 e-con-full e-flex e-con e-parent\" data-id=\"6c9ef14\" data-element_type=\"container\" data-settings=\"{&quot;_ha_eqh_enable&quot;:false,&quot;ekit_has_onepagescroll_dot&quot;:&quot;yes&quot;}\">\n\t\t\t\t<div class=\"elementor-element elementor-element-e928e15 elementor-widget__width-inherit dce_masking-none elementor-widget elementor-widget-image\" data-id=\"e928e15\" data-element_type=\"widget\" data-settings=\"{&quot;ekit_we_effect_on&quot;:&quot;none&quot;}\" data-widget_type=\"image.default\">\n\t\t\t\t<div class=\"elementor-widget-container\">\n\t\t\t\t\t\t\t\t\t\t\t\t\t\t\t<img fetchpriority=\"high\" decoding=\"async\" width=\"12080\" height=\"2649\" src=\"https:\/\/ccis-agadir.ma\/wp-content\/uploads\/2024\/11\/Asset-25.png\" class=\"attachment-full size-full wp-image-11018\" alt=\"\" srcset=\"https:\/\/ccis-agadir.ma\/wp-content\/uploads\/2024\/11\/Asset-25.png 12080w, https:\/\/ccis-agadir.ma\/wp-content\/uploads\/2024\/11\/Asset-25-300x66.png 300w, https:\/\/ccis-agadir.ma\/wp-content\/uploads\/2024\/11\/Asset-25-1024x225.png 1024w, https:\/\/ccis-agadir.ma\/wp-content\/uploads\/2024\/11\/Asset-25-768x168.png 768w, https:\/\/ccis-agadir.ma\/wp-content\/uploads\/2024\/11\/Asset-25-1536x337.png 1536w, https:\/\/ccis-agadir.ma\/wp-content\/uploads\/2024\/11\/Asset-25-2048x449.png 2048w, https:\/\/ccis-agadir.ma\/wp-content\/uploads\/2024\/11\/Asset-25-18x4.png 18w, https:\/\/ccis-agadir.ma\/wp-content\/uploads\/2024\/11\/Asset-25-600x132.png 600w, https:\/\/ccis-agadir.ma\/wp-content\/uploads\/2024\/11\/Asset-25-560x123.png 560w, https:\/\/ccis-agadir.ma\/wp-content\/uploads\/2024\/11\/Asset-25-1320x289.png 1320w\" sizes=\"(max-width: 12080px) 100vw, 12080px\" \/>\t\t\t\t\t\t\t\t\t\t\t\t\t\t\t<\/div>\n\t\t\t\t<\/div>\n\t\t\t\t<\/div>\n\t\t<div class=\"elementor-element elementor-element-519045a e-flex e-con-boxed e-con e-parent\" data-id=\"519045a\" data-element_type=\"container\" data-settings=\"{&quot;_ha_eqh_enable&quot;:false,&quot;ekit_has_onepagescroll_dot&quot;:&quot;yes&quot;}\">\n\t\t\t\t\t<div class=\"e-con-inner\">\n\t\t\t\t<div class=\"elementor-element elementor-element-a888965 elementor-widget__width-initial elementor-widget elementor-widget-ova_feature\" data-id=\"a888965\" data-element_type=\"widget\" data-settings=\"{&quot;ekit_we_effect_on&quot;:&quot;none&quot;}\" data-widget_type=\"ova_feature.default\">\n\t\t\t\t<div class=\"elementor-widget-container\">\n\t\t\t\t\t\n\t\t\t\t<div class=\"ova_feature version_1\">\n\t\t\t<div class=\"items\">\n\t\t\t\t\n\t\t\t\n\t\t\t\t\t\t\t<a class=\"second_font\" href=\"\">\n\t\t\t\t\t<div class=\"icon\">\n\t\t\t\t\t\t<span class=\"flaticon-respect\"><\/span>\n\t\t\t\t\t<\/div>\n\t\t\t\t<\/a>\n\t\t\t\t\n\t\t\t\t\t\t\t\t\t<h3 class=\"title\">\n\t\t\t\t\t\t<a class=\"second_font\" href=\"\">\n\t\t\t\t\t\t\t\u0641\u0631\u0635 \u0627\u0644\u062a\u0648\u0627\u0635\u0644 \t\t\t\t\t\t<\/a>\n\t\t\t\t\t<\/h3>\n\t\t\t\t\n\t\t\t\t<div class=\"content-sub\">\n\t\t\t\t\t\t\t\t\t\t<p class=\"excerpt\">\n\t\t\t\t\t\t\u0627\u0644\u062a\u0639\u0631\u0641 \u0639\u0644\u0649 \u0627\u0644\u0644\u0627\u0639\u0628\u064a\u0646 \u0627\u0644\u0631\u0626\u064a\u0633\u064a\u064a\u0646 \u0627\u0644\u0622\u062e\u0631\u064a\u0646 \u0641\u064a \u0639\u0627\u0644\u0645 \u0627\u0644\u0623\u0639\u0645\u0627\u0644 \u0648\u0625\u0646\u0634\u0627\u0621 \u0634\u0631\u0627\u0643\u0627\u062a \u0627\u0633\u062a\u0631\u0627\u062a\u064a\u062c\u064a\u0629.\t\t\t\t\t<\/p>\n\t\t\t\t\t\t\t\t\t\t\n\t\t\t\t\t\t\t\t\t<\/div>\n\t\t\t\t\t\t\t\t<div class=\"icon-hide\">\n\t\t\t\t\t<span class=\"flaticon-respect\"><\/span>\n\t\t\t\t<\/div>\n\t\t\t\t\t\t\t<\/div>\n\t\t<\/div>\n\t\t\t\t\t\t<\/div>\n\t\t\t\t<\/div>\n\t\t\t\t<div class=\"elementor-element elementor-element-1127c51 elementor-widget__width-initial elementor-widget elementor-widget-ova_feature\" data-id=\"1127c51\" data-element_type=\"widget\" data-settings=\"{&quot;ekit_we_effect_on&quot;:&quot;none&quot;}\" data-widget_type=\"ova_feature.default\">\n\t\t\t\t<div class=\"elementor-widget-container\">\n\t\t\t\t\t\n\t\t\t\t<div class=\"ova_feature version_1\">\n\t\t\t<div class=\"items\">\n\t\t\t\t\n\t\t\t\n\t\t\t\t\t\t\t<a class=\"second_font\" href=\"\">\n\t\t\t\t\t<div class=\"icon\">\n\t\t\t\t\t\t<span class=\"flaticon-goal\"><\/span>\n\t\t\t\t\t<\/div>\n\t\t\t\t<\/a>\n\t\t\t\t\n\t\t\t\t\t\t\t\t\t<h3 class=\"title\">\n\t\t\t\t\t\t<a class=\"second_font\" href=\"\">\n\t\t\t\t\t\t\t\u062f\u0639\u0645 \u0634\u062e\u0635\u064a\t\t\t\t\t\t<\/a>\n\t\t\t\t\t<\/h3>\n\t\t\t\t\n\t\t\t\t<div class=\"content-sub\">\n\t\t\t\t\t\t\t\t\t\t<p class=\"excerpt\">\n\t\t\t\t\t\t\u0627\u0633\u062a\u0641\u062f \u0645\u0646 \u0627\u0644\u0646\u0635\u0627\u0626\u062d \u0648\u0627\u0644\u0645\u0633\u0627\u0639\u062f\u0629 \u0644\u0645\u0634\u0627\u0631\u064a\u0639\u0643 \u0627\u0644\u062a\u0648\u0633\u0639\u064a\u0629 \u0623\u0648 \u0627\u0644\u062a\u0645\u0648\u064a\u0644\u064a\u0629 \u0623\u0648 \u0627\u0644\u062a\u0635\u062f\u064a\u0631\u064a\u0629.\t\t\t\t\t<\/p>\n\t\t\t\t\t\t\t\t\t\t\n\t\t\t\t\t\t\t\t\t<\/div>\n\t\t\t\t\t\t\t\t<div class=\"icon-hide\">\n\t\t\t\t\t<span class=\"flaticon-goal\"><\/span>\n\t\t\t\t<\/div>\n\t\t\t\t\t\t\t<\/div>\n\t\t<\/div>\n\t\t\t\t\t\t<\/div>\n\t\t\t\t<\/div>\n\t\t\t\t<div class=\"elementor-element elementor-element-3428523 elementor-widget__width-initial elementor-widget elementor-widget-ova_feature\" data-id=\"3428523\" data-element_type=\"widget\" data-settings=\"{&quot;ekit_we_effect_on&quot;:&quot;none&quot;}\" data-widget_type=\"ova_feature.default\">\n\t\t\t\t<div class=\"elementor-widget-container\">\n\t\t\t\t\t\n\t\t\t\t<div class=\"ova_feature version_1\">\n\t\t\t<div class=\"items\">\n\t\t\t\t\n\t\t\t\n\t\t\t\t\t\t\t<a class=\"second_font\" href=\"\">\n\t\t\t\t\t<div class=\"icon\">\n\t\t\t\t\t\t<span class=\"flaticon-file-3\"><\/span>\n\t\t\t\t\t<\/div>\n\t\t\t\t<\/a>\n\t\t\t\t\n\t\t\t\t\t\t\t\t\t<h3 class=\"title\">\n\t\t\t\t\t\t<a class=\"second_font\" href=\"\">\n\t\t\t\t\t\t\t\u0627\u0644\u0648\u0635\u0648\u0644 \u0625\u0644\u0649 \u0627\u0644\u0645\u0639\u0644\u0648\u0645\u0627\u062a \t\t\t\t\t\t<\/a>\n\t\t\t\t\t<\/h3>\n\t\t\t\t\n\t\t\t\t<div class=\"content-sub\">\n\t\t\t\t\t\t\t\t\t\t<p class=\"excerpt\">\n\t\t\t\t\t\t\u0627\u062d\u0635\u0644 \u0639\u0644\u0649 \u0623\u062d\u062f\u062b \u0627\u0644\u0627\u062a\u062c\u0627\u0647\u0627\u062a \u0627\u0644\u0627\u0642\u062a\u0635\u0627\u062f\u064a\u0629 \u0648\u0627\u0644\u0644\u0648\u0627\u0626\u062d \u0648\u062f\u0631\u0627\u0633\u0627\u062a \u0627\u0644\u0633\u0648\u0642.\t\t\t\t\t<\/p>\n\t\t\t\t\t\t\t\t\t\t\n\t\t\t\t\t\t\t\t\t<\/div>\n\t\t\t\t\t\t\t\t<div class=\"icon-hide\">\n\t\t\t\t\t<span class=\"flaticon-file-3\"><\/span>\n\t\t\t\t<\/div>\n\t\t\t\t\t\t\t<\/div>\n\t\t<\/div>\n\t\t\t\t\t\t<\/div>\n\t\t\t\t<\/div>\n\t\t\t\t<div class=\"elementor-element elementor-element-1d28a95 elementor-widget__width-initial elementor-widget elementor-widget-ova_feature\" data-id=\"1d28a95\" data-element_type=\"widget\" data-settings=\"{&quot;ekit_we_effect_on&quot;:&quot;none&quot;}\" data-widget_type=\"ova_feature.default\">\n\t\t\t\t<div class=\"elementor-widget-container\">\n\t\t\t\t\t\n\t\t\t\t<div class=\"ova_feature version_1\">\n\t\t\t<div class=\"items\">\n\t\t\t\t\n\t\t\t\n\t\t\t\t\t\t\t<a class=\"second_font\" href=\"\">\n\t\t\t\t\t<div class=\"icon\">\n\t\t\t\t\t\t<span class=\"flaticon-briefcase\"><\/span>\n\t\t\t\t\t<\/div>\n\t\t\t\t<\/a>\n\t\t\t\t\n\t\t\t\t\t\t\t\t\t<h3 class=\"title\">\n\t\t\t\t\t\t<a class=\"second_font\" href=\"\">\n\t\t\t\t\t\t\t\u0627\u0644\u062a\u0637\u0648\u064a\u0631 \u0627\u0644\u0645\u0647\u0646\u064a\t\t\t\t\t\t<\/a>\n\t\t\t\t\t<\/h3>\n\t\t\t\t\n\t\t\t\t<div class=\"content-sub\">\n\t\t\t\t\t\t\t\t\t\t<p class=\"excerpt\">\n\t\t\t\t\t\t\u0627\u0644\u0645\u0634\u0627\u0631\u0643\u0629 \u0641\u064a \u0627\u0644\u062a\u062f\u0631\u064a\u0628\u0627\u062a \u0648\u0648\u0631\u0634 \u0627\u0644\u0639\u0645\u0644 \u0644\u062a\u0639\u0632\u064a\u0632 \u0645\u0647\u0627\u0631\u0627\u062a\u0643 \u0648\u0645\u0647\u0627\u0631\u0627\u062a \u0641\u0631\u064a\u0642\u0643.\t\t\t\t\t<\/p>\n\t\t\t\t\t\t\t\t\t\t\n\t\t\t\t\t\t\t\t\t<\/div>\n\t\t\t\t\t\t\t\t<div class=\"icon-hide\">\n\t\t\t\t\t<span class=\"flaticon-briefcase\"><\/span>\n\t\t\t\t<\/div>\n\t\t\t\t\t\t\t<\/div>\n\t\t<\/div>\n\t\t\t\t\t\t<\/div>\n\t\t\t\t<\/div>\n\t\t\t\t<div class=\"elementor-element elementor-element-2440f6d elementor-widget__width-initial elementor-widget elementor-widget-ova_feature\" data-id=\"2440f6d\" data-element_type=\"widget\" data-settings=\"{&quot;ekit_we_effect_on&quot;:&quot;none&quot;}\" data-widget_type=\"ova_feature.default\">\n\t\t\t\t<div class=\"elementor-widget-container\">\n\t\t\t\t\t\n\t\t\t\t<div class=\"ova_feature version_1\">\n\t\t\t<div class=\"items\">\n\t\t\t\t\n\t\t\t\n\t\t\t\t\t\t\t<a class=\"second_font\" href=\"\">\n\t\t\t\t\t<div class=\"icon\">\n\t\t\t\t\t\t<span class=\"flaticon-promotion\"><\/span>\n\t\t\t\t\t<\/div>\n\t\t\t\t<\/a>\n\t\t\t\t\n\t\t\t\t\t\t\t\t\t<h3 class=\"title\">\n\t\t\t\t\t\t<a class=\"second_font\" href=\"\">\n\t\t\t\t\t\t\t\u0632\u064a\u0627\u062f\u0629 \u0627\u0644\u0631\u0624\u064a\u0629 \t\t\t\t\t\t<\/a>\n\t\t\t\t\t<\/h3>\n\t\t\t\t\n\t\t\t\t<div class=\"content-sub\">\n\t\t\t\t\t\t\t\t\t\t<p class=\"excerpt\">\n\t\t\t\t\t\t\u0642\u0645 \u0628\u0627\u0644\u062a\u0631\u0648\u064a\u062c \u0644\u0634\u0631\u0643\u062a\u0643 \u0645\u0646 \u062e\u0644\u0627\u0644 \u0641\u0639\u0627\u0644\u064a\u0627\u062a\u0646\u0627 \u0648\u0645\u0646\u0634\u0648\u0631\u0627\u062a\u0646\u0627.\t\t\t\t\t<\/p>\n\t\t\t\t\t\t\t\t\t\t\n\t\t\t\t\t\t\t\t\t<\/div>\n\t\t\t\t\t\t\t\t<div class=\"icon-hide\">\n\t\t\t\t\t<span class=\"flaticon-promotion\"><\/span>\n\t\t\t\t<\/div>\n\t\t\t\t\t\t\t<\/div>\n\t\t<\/div>\n\t\t\t\t\t\t<\/div>\n\t\t\t\t<\/div>\n\t\t\t\t\t<\/div>\n\t\t\t\t<\/div>\n\t\t\t\t<\/div>","protected":false},"excerpt":{"rendered":"<p>Opportunit\u00e9s de r\u00e9seautage Rencontrez d&#039;autres acteurs cl\u00e9s du monde des affaires et cr\u00e9ez des partenariats strat\u00e9giques. Accompagnement personnalis\u00e9 Profitez de conseils et d\u2019assistance pour vos projets d\u2019expansion, de financement ou d\u2019exportation. Acc\u00e8s \u00e0 l&#8217;information Restez inform\u00e9 des derni\u00e8res tendances \u00e9conomiques, r\u00e9glementations et \u00e9tudes de march\u00e9. D\u00e9veloppement professionnel Participez \u00e0 des formations et ateliers pour renforcer [&hellip;]<\/p>","protected":false},"author":1,"featured_media":0,"parent":0,"menu_order":0,"comment_status":"closed","ping_status":"closed","template":"elementor_header_footer","meta":{"footnotes":""},"class_list":["post-8431","page","type-page","status-publish","hentry"],"_links":{"self":[{"href":"https:\/\/ccis-agadir.ma\/ar\/wp-json\/wp\/v2\/pages\/8431","targetHints":{"allow":["GET"]}}],"collection":[{"href":"https:\/\/ccis-agadir.ma\/ar\/wp-json\/wp\/v2\/pages"}],"about":[{"href":"https:\/\/ccis-agadir.ma\/ar\/wp-json\/wp\/v2\/types\/page"}],"author":[{"embeddable":true,"href":"https:\/\/ccis-agadir.ma\/ar\/wp-json\/wp\/v2\/users\/1"}],"replies":[{"embeddable":true,"href":"https:\/\/ccis-agadir.ma\/ar\/wp-json\/wp\/v2\/comments?post=8431"}],"version-history":[{"count":22,"href":"https:\/\/ccis-agadir.ma\/ar\/wp-json\/wp\/v2\/pages\/8431\/revisions"}],"predecessor-version":[{"id":11124,"href":"https:\/\/ccis-agadir.ma\/ar\/wp-json\/wp\/v2\/pages\/8431\/revisions\/11124"}],"wp:attachment":[{"href":"https:\/\/ccis-agadir.ma\/ar\/wp-json\/wp\/v2\/media?parent=8431"}],"curies":[{"name":"wp","href":"https:\/\/api.w.org\/{rel}","templated":true}]}}