{"id":7278,"date":"2024-06-13T14:12:17","date_gmt":"2024-06-13T14:12:17","guid":{"rendered":"https:\/\/ccis-agadir.ma\/?page_id=7278"},"modified":"2024-11-28T12:26:32","modified_gmt":"2024-11-28T12:26:32","slug":"direction","status":"publish","type":"page","link":"https:\/\/ccis-agadir.ma\/en\/direction\/","title":{"rendered":"Management"},"content":{"rendered":"<div data-elementor-type=\"wp-page\" data-elementor-id=\"7278\" class=\"elementor elementor-7278\" data-elementor-settings=\"{&quot;ha_cmc_init_switcher&quot;:&quot;no&quot;}\" data-elementor-post-type=\"page\">\n\t\t\t\t<div class=\"elementor-element elementor-element-8a17ee3 e-con-full e-flex e-con e-parent\" data-id=\"8a17ee3\" data-element_type=\"container\" data-settings=\"{&quot;_ha_eqh_enable&quot;:false,&quot;ekit_has_onepagescroll_dot&quot;:&quot;yes&quot;}\">\n\t\t\t\t<div class=\"elementor-element elementor-element-19f3e78 elementor-widget__width-inherit dce_masking-none elementor-widget elementor-widget-image\" data-id=\"19f3e78\" data-element_type=\"widget\" data-settings=\"{&quot;ekit_we_effect_on&quot;:&quot;none&quot;}\" data-widget_type=\"image.default\">\n\t\t\t\t<div class=\"elementor-widget-container\">\n\t\t\t\t\t\t\t\t\t\t\t\t\t\t\t<img fetchpriority=\"high\" decoding=\"async\" width=\"2880\" height=\"631\" src=\"https:\/\/ccis-agadir.ma\/wp-content\/uploads\/2024\/11\/Artboard-8-1.png\" class=\"attachment-full size-full wp-image-10972\" alt=\"\" srcset=\"https:\/\/ccis-agadir.ma\/wp-content\/uploads\/2024\/11\/Artboard-8-1.png 2880w, https:\/\/ccis-agadir.ma\/wp-content\/uploads\/2024\/11\/Artboard-8-1-300x66.png 300w, https:\/\/ccis-agadir.ma\/wp-content\/uploads\/2024\/11\/Artboard-8-1-1024x224.png 1024w, https:\/\/ccis-agadir.ma\/wp-content\/uploads\/2024\/11\/Artboard-8-1-768x168.png 768w, https:\/\/ccis-agadir.ma\/wp-content\/uploads\/2024\/11\/Artboard-8-1-1536x337.png 1536w, https:\/\/ccis-agadir.ma\/wp-content\/uploads\/2024\/11\/Artboard-8-1-2048x449.png 2048w, https:\/\/ccis-agadir.ma\/wp-content\/uploads\/2024\/11\/Artboard-8-1-18x4.png 18w, https:\/\/ccis-agadir.ma\/wp-content\/uploads\/2024\/11\/Artboard-8-1-600x131.png 600w, https:\/\/ccis-agadir.ma\/wp-content\/uploads\/2024\/11\/Artboard-8-1-560x123.png 560w, https:\/\/ccis-agadir.ma\/wp-content\/uploads\/2024\/11\/Artboard-8-1-1320x289.png 1320w\" sizes=\"(max-width: 2880px) 100vw, 2880px\" \/>\t\t\t\t\t\t\t\t\t\t\t\t\t\t\t<\/div>\n\t\t\t\t<\/div>\n\t\t\t\t<\/div>\n\t\t<div class=\"elementor-element elementor-element-7ca4869 e-flex e-con-boxed e-con e-parent\" data-id=\"7ca4869\" data-element_type=\"container\" data-settings=\"{&quot;_ha_eqh_enable&quot;:false,&quot;ekit_has_onepagescroll_dot&quot;:&quot;yes&quot;}\">\n\t\t\t\t\t<div class=\"e-con-inner\">\n\t\t\t\t<div class=\"elementor-element elementor-element-758665c elementor-widget elementor-widget-text-editor\" data-id=\"758665c\" data-element_type=\"widget\" data-settings=\"{&quot;ekit_we_effect_on&quot;:&quot;none&quot;}\" data-widget_type=\"text-editor.default\">\n\t\t\t\t<div class=\"elementor-widget-container\">\n\t\t\t\t\t\t\t\t\t<p>The regional director of the Chamber of Commerce, Industry and Services of the Souss Massa region is appointed by the management and must receive the approval of the competent government authority, in accordance with Article 43 of Law No. 12.38, which defines the status of chambers of commerce, industry and services. The director\u2019s responsibilities include:<\/p><ul><li><strong>Implementing the decisions of the general assembly and the bureau.<\/strong><\/li><li><strong>Managing the administrative and financial aspects of the chamber.<\/strong><\/li><li><strong>Organizing, energizing and coordinating the activities of the structures under his supervision.<\/strong><\/li><li><strong>Appointing, training and evaluating the chamber\u2019s staff.<\/strong><\/li><li><strong>Attending the meetings of the general assembly, bureau and committees as an advisor.<\/strong><\/li><\/ul><p><img decoding=\"async\" class=\"alignnone wp-image-10166 size-full\" src=\"https:\/\/ccis-agadir.ma\/wp-content\/uploads\/2024\/10\/napkin-selection1.png\" alt=\"\" width=\"6126\" height=\"3246\" srcset=\"https:\/\/ccis-agadir.ma\/wp-content\/uploads\/2024\/10\/napkin-selection1.png 6126w, https:\/\/ccis-agadir.ma\/wp-content\/uploads\/2024\/10\/napkin-selection1-300x159.png 300w, https:\/\/ccis-agadir.ma\/wp-content\/uploads\/2024\/10\/napkin-selection1-1024x543.png 1024w, https:\/\/ccis-agadir.ma\/wp-content\/uploads\/2024\/10\/napkin-selection1-768x407.png 768w, https:\/\/ccis-agadir.ma\/wp-content\/uploads\/2024\/10\/napkin-selection1-1536x814.png 1536w, https:\/\/ccis-agadir.ma\/wp-content\/uploads\/2024\/10\/napkin-selection1-2048x1085.png 2048w, https:\/\/ccis-agadir.ma\/wp-content\/uploads\/2024\/10\/napkin-selection1-18x10.png 18w, https:\/\/ccis-agadir.ma\/wp-content\/uploads\/2024\/10\/napkin-selection1-600x318.png 600w, https:\/\/ccis-agadir.ma\/wp-content\/uploads\/2024\/10\/napkin-selection1-560x297.png 560w, https:\/\/ccis-agadir.ma\/wp-content\/uploads\/2024\/10\/napkin-selection1-1320x699.png 1320w\" sizes=\"(max-width: 6126px) 100vw, 6126px\" \/><\/p><p style=\"text-align: right;\"><strong>Mr.\u00a0 <em>Mr. Abderrahim RAMI,<\/em><\/strong>Director of the Chamber of Commerce, Industry and Services of Souss- Massa<\/p>\t\t\t\t\t\t\t\t<\/div>\n\t\t\t\t<\/div>\n\t\t\t\t\t<\/div>\n\t\t\t\t<\/div>\n\t\t\t\t<\/div>","protected":false},"excerpt":{"rendered":"<p>Le directeur r\u00e9gional de la Chambre de commerce, d&#8217;industrie et de services de la r\u00e9gion Souss Massa est d\u00e9sign\u00e9 par la direction et doit recevoir l&#8217;approbation de l&#8217;autorit\u00e9 gouvernementale comp\u00e9tente, conform\u00e9ment \u00e0 l&#8217;article 43 de la Loi n\u00b0 12.38, qui d\u00e9finit le statut des chambres de commerce, d&#8217;industrie et de services. Les responsabilit\u00e9s du directeur [&hellip;]<\/p>","protected":false},"author":1,"featured_media":0,"parent":0,"menu_order":0,"comment_status":"closed","ping_status":"closed","template":"elementor_header_footer","meta":{"footnotes":""},"class_list":["post-7278","page","type-page","status-publish","hentry"],"_links":{"self":[{"href":"https:\/\/ccis-agadir.ma\/en\/wp-json\/wp\/v2\/pages\/7278","targetHints":{"allow":["GET"]}}],"collection":[{"href":"https:\/\/ccis-agadir.ma\/en\/wp-json\/wp\/v2\/pages"}],"about":[{"href":"https:\/\/ccis-agadir.ma\/en\/wp-json\/wp\/v2\/types\/page"}],"author":[{"embeddable":true,"href":"https:\/\/ccis-agadir.ma\/en\/wp-json\/wp\/v2\/users\/1"}],"replies":[{"embeddable":true,"href":"https:\/\/ccis-agadir.ma\/en\/wp-json\/wp\/v2\/comments?post=7278"}],"version-history":[{"count":16,"href":"https:\/\/ccis-agadir.ma\/en\/wp-json\/wp\/v2\/pages\/7278\/revisions"}],"predecessor-version":[{"id":10985,"href":"https:\/\/ccis-agadir.ma\/en\/wp-json\/wp\/v2\/pages\/7278\/revisions\/10985"}],"wp:attachment":[{"href":"https:\/\/ccis-agadir.ma\/en\/wp-json\/wp\/v2\/media?parent=7278"}],"curies":[{"name":"wp","href":"https:\/\/api.w.org\/{rel}","templated":true}]}}