{"id":730,"date":"2020-07-29T02:27:29","date_gmt":"2020-07-29T02:27:29","guid":{"rendered":"https:\/\/ccis-agadir.ma\/?page_id=730"},"modified":"2024-06-26T14:28:51","modified_gmt":"2024-06-26T14:28:51","slug":"department","status":"publish","type":"page","link":"https:\/\/ccis-agadir.ma\/en\/department\/","title":{"rendered":"Department"},"content":{"rendered":"<div data-elementor-type=\"wp-page\" data-elementor-id=\"730\" class=\"elementor elementor-730\" data-elementor-settings=\"{&quot;ha_cmc_init_switcher&quot;:&quot;no&quot;}\" data-elementor-post-type=\"page\">\n\t\t\t\t\t\t<section class=\"elementor-section elementor-top-section elementor-element elementor-element-3e771da elementor-section-boxed elementor-section-height-default elementor-section-height-default\" data-id=\"3e771da\" data-element_type=\"section\" data-settings=\"{&quot;_ha_eqh_enable&quot;:false,&quot;ekit_has_onepagescroll_dot&quot;:&quot;yes&quot;}\">\n\t\t\t\t\t\t<div class=\"elementor-container elementor-column-gap-default\">\n\t\t\t\t\t<div class=\"elementor-column elementor-col-100 elementor-top-column elementor-element elementor-element-e9517f9\" data-id=\"e9517f9\" data-element_type=\"column\">\n\t\t\t<div class=\"elementor-widget-wrap elementor-element-populated\">\n\t\t\t\t\t\t<div class=\"elementor-element elementor-element-00b452f elementor-widget elementor-widget-ova_heading\" data-id=\"00b452f\" data-element_type=\"widget\" data-settings=\"{&quot;ekit_we_effect_on&quot;:&quot;none&quot;}\" data-widget_type=\"ova_heading.default\">\n\t\t\t\t<div class=\"elementor-widget-container\">\n\t\t\t\t\t\t\t<div class=\"ova-heading\">\n\t\t\t\n\t\t\t\t\t\t\t<h3 class=\"title second_font\">Explore Our Goverment<br> Departments<\/h3>\n\t\t\t\n\t\t\t\t\t\t\t<p class=\"sub-title\">We are offering the following information's about us that what we actually. <\/p>\n\t\t\t\n\t\t<\/div>\n\t\t\t\t\t\t<\/div>\n\t\t\t\t<\/div>\n\t\t\t\t<div class=\"elementor-element elementor-element-8081c10 elementor-widget elementor-widget-ova_archive_dep\" data-id=\"8081c10\" data-element_type=\"widget\" data-settings=\"{&quot;ekit_we_effect_on&quot;:&quot;none&quot;}\" data-widget_type=\"ova_archive_dep.default\">\n\t\t\t\t<div class=\"elementor-widget-container\">\n\t\t\t\t\t\n\n<div class=\"ova_archive_dep archive_dep three_column\">\n\t<div class=\"content\">\n\t\t\n\t\t\t<div class=\"items elementor-items\">\n\t\t\t\t<div class=\"wp-item\">\n\t\t\t\t\n\t\t\t\t<div class=\"ova-media\">\n\t\t\t\t\t<a href=\"https:\/\/ccis-agadir.ma\/en\/ova_dep\/certificat-dorigine\/\">\n\t\t\t\t\t\t\t\t\t\t\t<\/a>\n\t\t\t\t<\/div>\n\t\t\t\t<div class=\"ova-content\">\n\t\t\t\t\t\t\t\t\t\t\t<div class=\"icon\">\n\t\t\t\t\t\t\t<span>\n\t\t\t\t\t\t\t\t<i class=\"flaticon-file-2\"><\/i>\n\t\t\t\t\t\t\t<\/span>\n\t\t\t\t\t\t<\/div>\n\t\t\t\t\t\t\t\t\t\t\t\t\t\t\t<h2 class=\"title\">\n\t\t\t\t\t\t<a class=\"second_font\" href=\"https:\/\/ccis-agadir.ma\/en\/ova_dep\/certificat-dorigine\/\">\n\t\t\t\t\t\t\tCertificat D\u2019origine\t\t\t\t\t\t<\/a>\n\t\t\t\t\t<\/h2>\n\t\t\t\t\t\t\t\t\t\t\t\t\t\t\t\t<div class=\"descption\">\n\t\t\t\t\t\t\tCertificats d&#8217;origine : Un Atout Essentiel pour les Exportateurs Le certificat d\u2019origine est un document indispensable dans les op\u00e9rations d\u2019exportation. Il accompagne les marchandises et atteste de leur provenance, r\u00e9pondant ainsi aux exigences douani\u00e8res et commerciales. La Chambre de Commerce, d\u2019Industrie et de Services d\u2019Agadir (CCISSM) est autoris\u00e9e \u00e0 d\u00e9livrer et authentifier ces certificats pour [&hellip;]\t\t\t\t\t\t<\/div>\n\t\t\t\t\t\t\t\t\t\t\t\t\t\t\t<a class=\"second_font readmore\" href=\"https:\/\/ccis-agadir.ma\/en\/ova_dep\/certificat-dorigine\/\" >\n\t\t\t\t\t\tRead More\t\t\t\t\t\t<i data-feather=\"arrow-right\"><\/i>\n\t\t\t\t\t<\/a>\n\t\t\t\t\t\t\t\t\t<\/div>\n\n\t\t\t\t<\/div>\n\t\t\t<\/div>\n\n\t\t\n\t\t\t<div class=\"items elementor-items\">\n\t\t\t\t<div class=\"wp-item\">\n\t\t\t\t\n\t\t\t\t<div class=\"ova-media\">\n\t\t\t\t\t<a href=\"https:\/\/ccis-agadir.ma\/en\/ova_dep\/carte-dadhesion\/\">\n\t\t\t\t\t\t\t\t\t\t\t<\/a>\n\t\t\t\t<\/div>\n\t\t\t\t<div class=\"ova-content\">\n\t\t\t\t\t\t\t\t\t\t\t<div class=\"icon\">\n\t\t\t\t\t\t\t<span>\n\t\t\t\t\t\t\t\t<i class=\"flaticon-credit-card\"><\/i>\n\t\t\t\t\t\t\t<\/span>\n\t\t\t\t\t\t<\/div>\n\t\t\t\t\t\t\t\t\t\t\t\t\t\t\t<h2 class=\"title\">\n\t\t\t\t\t\t<a class=\"second_font\" href=\"https:\/\/ccis-agadir.ma\/en\/ova_dep\/carte-dadhesion\/\">\n\t\t\t\t\t\t\tCarte D\u2019Adh\u00e9sion\t\t\t\t\t\t<\/a>\n\t\t\t\t\t<\/h2>\n\t\t\t\t\t\t\t\t\t\t\t\t\t\t\t\t<div class=\"descption\">\n\t\t\t\t\t\t\tLa carte d&#8217;adh\u00e9sion \u00e0 la CCISSM est un document qui prouve l&#8217;appartenance de l&#8217;entreprise \u00e0 la Chambre. Elle offre de nombreux avantages, tels que l&#8217;acc\u00e8s \u00e0 des services exclusifs, des formations, et des opportunit\u00e9s de r\u00e9seautage avec d&#8217;autres membres de la communaut\u00e9 \u00e9conomique r\u00e9gionale.\t\t\t\t\t\t<\/div>\n\t\t\t\t\t\t\t\t\t\t\t\t\t\t\t<a class=\"second_font readmore\" href=\"https:\/\/ccis-agadir.ma\/en\/ova_dep\/carte-dadhesion\/\" >\n\t\t\t\t\t\tRead More\t\t\t\t\t\t<i data-feather=\"arrow-right\"><\/i>\n\t\t\t\t\t<\/a>\n\t\t\t\t\t\t\t\t\t<\/div>\n\n\t\t\t\t<\/div>\n\t\t\t<\/div>\n\n\t\t\n\t\t\t<div class=\"items elementor-items\">\n\t\t\t\t<div class=\"wp-item\">\n\t\t\t\t\n\t\t\t\t<div class=\"ova-media\">\n\t\t\t\t\t<a href=\"https:\/\/ccis-agadir.ma\/en\/ova_dep\/certificat-professionnel\/\">\n\t\t\t\t\t\t\t\t\t\t\t<\/a>\n\t\t\t\t<\/div>\n\t\t\t\t<div class=\"ova-content\">\n\t\t\t\t\t\t\t\t\t\t\t<div class=\"icon\">\n\t\t\t\t\t\t\t<span>\n\t\t\t\t\t\t\t\t<i class=\"flaticon-file-3\"><\/i>\n\t\t\t\t\t\t\t<\/span>\n\t\t\t\t\t\t<\/div>\n\t\t\t\t\t\t\t\t\t\t\t\t\t\t\t<h2 class=\"title\">\n\t\t\t\t\t\t<a class=\"second_font\" href=\"https:\/\/ccis-agadir.ma\/en\/ova_dep\/certificat-professionnel\/\">\n\t\t\t\t\t\t\tCertificat Professionnel\t\t\t\t\t\t<\/a>\n\t\t\t\t\t<\/h2>\n\t\t\t\t\t\t\t\t\t\t\t\t\t\t\t\t<div class=\"descption\">\n\t\t\t\t\t\t\tLes attestations professionnelles sont d\u00e9livr\u00e9es pour valider diverses informations li\u00e9es \u00e0 l&#8217;activit\u00e9 de l&#8217;entreprise, telles que le statut juridique, la qualification professionnelle ou l&#8217;enregistrement fiscal. Ces documents sont souvent requis par les banques, les partenaires commerciaux et les autorit\u00e9s administratives.\t\t\t\t\t\t<\/div>\n\t\t\t\t\t\t\t\t\t\t\t\t\t\t\t<a class=\"second_font readmore\" href=\"https:\/\/ccis-agadir.ma\/en\/ova_dep\/certificat-professionnel\/\" >\n\t\t\t\t\t\tRead More\t\t\t\t\t\t<i data-feather=\"arrow-right\"><\/i>\n\t\t\t\t\t<\/a>\n\t\t\t\t\t\t\t\t\t<\/div>\n\n\t\t\t\t<\/div>\n\t\t\t<\/div>\n\n\t\t\n\t\t\t<div class=\"items elementor-items\">\n\t\t\t\t<div class=\"wp-item\">\n\t\t\t\t\n\t\t\t\t<div class=\"ova-media\">\n\t\t\t\t\t<a href=\"https:\/\/ccis-agadir.ma\/en\/ova_dep\/guichet-dar-al-moukawil\/\">\n\t\t\t\t\t\t\t\t\t\t\t<\/a>\n\t\t\t\t<\/div>\n\t\t\t\t<div class=\"ova-content\">\n\t\t\t\t\t\t\t\t\t\t\t<div class=\"icon\">\n\t\t\t\t\t\t\t<span>\n\t\t\t\t\t\t\t\t<i class=\"flaticon-bank\"><\/i>\n\t\t\t\t\t\t\t<\/span>\n\t\t\t\t\t\t<\/div>\n\t\t\t\t\t\t\t\t\t\t\t\t\t\t\t<h2 class=\"title\">\n\t\t\t\t\t\t<a class=\"second_font\" href=\"https:\/\/ccis-agadir.ma\/en\/ova_dep\/guichet-dar-al-moukawil\/\">\n\t\t\t\t\t\t\tDar Al Moukawil counter\t\t\t\t\t\t<\/a>\n\t\t\t\t\t<\/h2>\n\t\t\t\t\t\t\t\t\t\t\t\t\t\t\t\t<div class=\"descption\">\n\t\t\t\t\t\t\tDar Al Moukawil \u00e0 Proximit\u00e9 des Ressortissants de la Chambre En partenariat avec le groupe Attijariwafa bank, la CCISSM accueille les services de Dar Al Moukawil. Ce guichet offre formation, information, conseil, cr\u00e9ation d\u2019opportunit\u00e9s d\u2019affaires et mise en relation pour les auto-entrepreneurs. Depuis son lancement en mars 2021, plus de 100 porteurs de projets ont [&hellip;]\t\t\t\t\t\t<\/div>\n\t\t\t\t\t\t\t\t\t\t\t\t\t\t\t<a class=\"second_font readmore\" href=\"https:\/\/ccis-agadir.ma\/en\/ova_dep\/guichet-dar-al-moukawil\/\" >\n\t\t\t\t\t\tRead More\t\t\t\t\t\t<i data-feather=\"arrow-right\"><\/i>\n\t\t\t\t\t<\/a>\n\t\t\t\t\t\t\t\t\t<\/div>\n\n\t\t\t\t<\/div>\n\t\t\t<\/div>\n\n\t\t\n\t\t\t<div class=\"items elementor-items\">\n\t\t\t\t<div class=\"wp-item\">\n\t\t\t\t\n\t\t\t\t<div class=\"ova-media\">\n\t\t\t\t\t<a href=\"https:\/\/ccis-agadir.ma\/en\/ova_dep\/guichet-ompic\/\">\n\t\t\t\t\t\t\t\t\t\t\t<\/a>\n\t\t\t\t<\/div>\n\t\t\t\t<div class=\"ova-content\">\n\t\t\t\t\t\t\t\t\t\t\t<div class=\"icon\">\n\t\t\t\t\t\t\t<span>\n\t\t\t\t\t\t\t\t<i class=\"flaticon-bank\"><\/i>\n\t\t\t\t\t\t\t<\/span>\n\t\t\t\t\t\t<\/div>\n\t\t\t\t\t\t\t\t\t\t\t\t\t\t\t<h2 class=\"title\">\n\t\t\t\t\t\t<a class=\"second_font\" href=\"https:\/\/ccis-agadir.ma\/en\/ova_dep\/guichet-ompic\/\">\n\t\t\t\t\t\t\tGuichet OMPIC\t\t\t\t\t\t<\/a>\n\t\t\t\t\t<\/h2>\n\t\t\t\t\t\t\t\t\t\t\t\t\t\t\t\t\t\t\t\t<a class=\"second_font readmore\" href=\"https:\/\/ccis-agadir.ma\/en\/ova_dep\/guichet-ompic\/\" >\n\t\t\t\t\t\tRead More\t\t\t\t\t\t<i data-feather=\"arrow-right\"><\/i>\n\t\t\t\t\t<\/a>\n\t\t\t\t\t\t\t\t\t<\/div>\n\n\t\t\t\t<\/div>\n\t\t\t<\/div>\n\n\t\t\n\t\t\t<div class=\"items elementor-items\">\n\t\t\t\t<div class=\"wp-item\">\n\t\t\t\t\n\t\t\t\t<div class=\"ova-media\">\n\t\t\t\t\t<a href=\"https:\/\/ccis-agadir.ma\/en\/ova_dep\/guichet-maroc-pme\/\">\n\t\t\t\t\t\t\t\t\t\t\t<\/a>\n\t\t\t\t<\/div>\n\t\t\t\t<div class=\"ova-content\">\n\t\t\t\t\t\t\t\t\t\t\t<div class=\"icon\">\n\t\t\t\t\t\t\t<span>\n\t\t\t\t\t\t\t\t<i class=\"flaticon-bank\"><\/i>\n\t\t\t\t\t\t\t<\/span>\n\t\t\t\t\t\t<\/div>\n\t\t\t\t\t\t\t\t\t\t\t\t\t\t\t<h2 class=\"title\">\n\t\t\t\t\t\t<a class=\"second_font\" href=\"https:\/\/ccis-agadir.ma\/en\/ova_dep\/guichet-maroc-pme\/\">\n\t\t\t\t\t\t\tThe Guichet Maroc PME\t\t\t\t\t\t<\/a>\n\t\t\t\t\t<\/h2>\n\t\t\t\t\t\t\t\t\t\t\t\t\t\t\t\t\t\t\t\t<a class=\"second_font readmore\" href=\"https:\/\/ccis-agadir.ma\/en\/ova_dep\/guichet-maroc-pme\/\" >\n\t\t\t\t\t\tRead More\t\t\t\t\t\t<i data-feather=\"arrow-right\"><\/i>\n\t\t\t\t\t<\/a>\n\t\t\t\t\t\t\t\t\t<\/div>\n\n\t\t\t\t<\/div>\n\t\t\t<\/div>\n\n\t\t\n\t\t\t<div class=\"items elementor-items\">\n\t\t\t\t<div class=\"wp-item\">\n\t\t\t\t\n\t\t\t\t<div class=\"ova-media\">\n\t\t\t\t\t<a href=\"https:\/\/ccis-agadir.ma\/en\/ova_dep\/idarati-ma\/\">\n\t\t\t\t\t\t<img fetchpriority=\"high\" decoding=\"async\" width=\"612\" height=\"367\" src=\"https:\/\/ccis-agadir.ma\/wp-content\/uploads\/2024\/06\/idarati2.png\" class=\"img-responsive wp-post-image\" alt=\"\" srcset=\"https:\/\/ccis-agadir.ma\/wp-content\/uploads\/2024\/06\/idarati2.png 612w, https:\/\/ccis-agadir.ma\/wp-content\/uploads\/2024\/06\/idarati2-300x180.png 300w, https:\/\/ccis-agadir.ma\/wp-content\/uploads\/2024\/06\/idarati2-18x12.png 18w, https:\/\/ccis-agadir.ma\/wp-content\/uploads\/2024\/06\/idarati2-600x360.png 600w, https:\/\/ccis-agadir.ma\/wp-content\/uploads\/2024\/06\/idarati2-560x336.png 560w\" sizes=\"(max-width: 612px) 100vw, 612px\" \/>\t\t\t\t\t<\/a>\n\t\t\t\t<\/div>\n\t\t\t\t<div class=\"ova-content\">\n\t\t\t\t\t\t\t\t\t\t\t<div class=\"icon\">\n\t\t\t\t\t\t\t<span>\n\t\t\t\t\t\t\t\t<i class=\"flaticon-business-and-trade\"><\/i>\n\t\t\t\t\t\t\t<\/span>\n\t\t\t\t\t\t<\/div>\n\t\t\t\t\t\t\t\t\t\t\t\t\t\t\t<h2 class=\"title\">\n\t\t\t\t\t\t<a class=\"second_font\" href=\"https:\/\/ccis-agadir.ma\/en\/ova_dep\/idarati-ma\/\">\n\t\t\t\t\t\t\tIdarati.Ma\t\t\t\t\t\t<\/a>\n\t\t\t\t\t<\/h2>\n\t\t\t\t\t\t\t\t\t\t\t\t\t\t\t\t<div class=\"descption\">\n\t\t\t\t\t\t\tIdarati.ma &#8211; Votre Portail de Services Administratifs https:\/\/www.youtube.com\/watch?v=6-3_dBqVTgc&#038;ab_channel=Collectivit\u00e9sTerritoriales &nbsp;Connectez-vous pour obtenir vos certificats, soumettre des demandes et suivre l&#8217;\u00e9volution de vos dossiers en quelques clics. Avec Idarati.ma, gagnez du temps et concentrez-vous sur l&#8217;essentiel : le d\u00e9veloppement de votre activit\u00e9. https:\/\/idarati.ma\t\t\t\t\t\t<\/div>\n\t\t\t\t\t\t\t\t\t\t\t\t\t\t\t<a class=\"second_font readmore\" href=\"https:\/\/ccis-agadir.ma\/en\/ova_dep\/idarati-ma\/\" >\n\t\t\t\t\t\tRead More\t\t\t\t\t\t<i data-feather=\"arrow-right\"><\/i>\n\t\t\t\t\t<\/a>\n\t\t\t\t\t\t\t\t\t<\/div>\n\n\t\t\t\t<\/div>\n\t\t\t<\/div>\n\n\t\t\n\t\t\t<div class=\"items elementor-items\">\n\t\t\t\t<div class=\"wp-item\">\n\t\t\t\t\n\t\t\t\t<div class=\"ova-media\">\n\t\t\t\t\t<a href=\"https:\/\/ccis-agadir.ma\/en\/ova_dep\/creation-dentreprise\/\">\n\t\t\t\t\t\t\t\t\t\t\t<\/a>\n\t\t\t\t<\/div>\n\t\t\t\t<div class=\"ova-content\">\n\t\t\t\t\t\t\t\t\t\t\t<div class=\"icon\">\n\t\t\t\t\t\t\t<span>\n\t\t\t\t\t\t\t\t<i class=\"flaticon-respect\"><\/i>\n\t\t\t\t\t\t\t<\/span>\n\t\t\t\t\t\t<\/div>\n\t\t\t\t\t\t\t\t\t\t\t\t\t\t\t<h2 class=\"title\">\n\t\t\t\t\t\t<a class=\"second_font\" href=\"https:\/\/ccis-agadir.ma\/en\/ova_dep\/creation-dentreprise\/\">\n\t\t\t\t\t\t\tCr\u00e9ation d&#8217;Entreprise\t\t\t\t\t\t<\/a>\n\t\t\t\t\t<\/h2>\n\t\t\t\t\t\t\t\t\t\t\t\t\t\t\t\t<div class=\"descption\">\n\t\t\t\t\t\t\tServices de Cr\u00e9ation d&#8217;Entreprise La CCISSM vous assiste \u00e0 chaque \u00e9tape de la cr\u00e9ation de votre entreprise gr\u00e2ce \u00e0 une gamme compl\u00e8te de services d&#8217;accompagne Conception d&#8217;Entreprise Nous vous aidons \u00e0 \u00e9laborer votre id\u00e9e, structurer votre projet et d\u00e9finir une strat\u00e9gie claire pour une mise en \u0153uvre r\u00e9ussie et p\u00e9renne. Plus d&#039;information Accomplir Ses Formalit\u00e9s [&hellip;]\t\t\t\t\t\t<\/div>\n\t\t\t\t\t\t\t\t\t\t\t\t\t\t\t<a class=\"second_font readmore\" href=\"https:\/\/ccis-agadir.ma\/en\/ova_dep\/creation-dentreprise\/\" >\n\t\t\t\t\t\tRead More\t\t\t\t\t\t<i data-feather=\"arrow-right\"><\/i>\n\t\t\t\t\t<\/a>\n\t\t\t\t\t\t\t\t\t<\/div>\n\n\t\t\t\t<\/div>\n\t\t\t<\/div>\n\n\t\t\n\t\t\t<div class=\"items elementor-items\">\n\t\t\t\t<div class=\"wp-item\">\n\t\t\t\t\n\t\t\t\t<div class=\"ova-media\">\n\t\t\t\t\t<a href=\"https:\/\/ccis-agadir.ma\/en\/ova_dep\/location-des-salles\/\">\n\t\t\t\t\t\t\t\t\t\t\t<\/a>\n\t\t\t\t<\/div>\n\t\t\t\t<div class=\"ova-content\">\n\t\t\t\t\t\t\t\t\t\t\t<div class=\"icon\">\n\t\t\t\t\t\t\t<span>\n\t\t\t\t\t\t\t\t<i class=\"flaticon-calendar\"><\/i>\n\t\t\t\t\t\t\t<\/span>\n\t\t\t\t\t\t<\/div>\n\t\t\t\t\t\t\t\t\t\t\t\t\t\t\t<h2 class=\"title\">\n\t\t\t\t\t\t<a class=\"second_font\" href=\"https:\/\/ccis-agadir.ma\/en\/ova_dep\/location-des-salles\/\">\n\t\t\t\t\t\t\tLocation Des Salles\t\t\t\t\t\t<\/a>\n\t\t\t\t\t<\/h2>\n\t\t\t\t\t\t\t\t\t\t\t\t\t\t\t\t<div class=\"descption\">\n\t\t\t\t\t\t\tLocation des Salles de la CCIS Souss-Massa La Chambre de Commerce, d&#8217;Industrie et de Services d&#8217;Agadir (CCISA) propose une offre vari\u00e9e de salles pour l\u2019organisation de vos \u00e9v\u00e9nements professionnels, qu&#8217;ils soient de petite, moyenne ou grande envergure. Situ\u00e9es en plein centre-ville d\u2019Agadir, ces salles peuvent \u00eatre compl\u00e9t\u00e9es par des services annexes et des supports techniques [&hellip;]\t\t\t\t\t\t<\/div>\n\t\t\t\t\t\t\t\t\t\t\t\t\t\t\t<a class=\"second_font readmore\" href=\"https:\/\/ccis-agadir.ma\/en\/ova_dep\/location-des-salles\/\" >\n\t\t\t\t\t\tRead More\t\t\t\t\t\t<i data-feather=\"arrow-right\"><\/i>\n\t\t\t\t\t<\/a>\n\t\t\t\t\t\t\t\t\t<\/div>\n\n\t\t\t\t<\/div>\n\t\t\t<\/div>\n\n\t\t\t<\/div>\n\n\n\n<\/div>\n\n\n\t\t\t\t<\/div>\n\t\t\t\t<\/div>\n\t\t\t\t\t<\/div>\n\t\t<\/div>\n\t\t\t\t\t<\/div>\n\t\t<\/section>\n\t\t\t\t<\/div>","protected":false},"excerpt":{"rendered":"<p>Explore Our Goverment Departments We are offering the following information&#8217;s about us that what we actually. Business &amp; Administration City employment issue opportunities are position descriptions are listed. Read More Finance and Economy We differentiate ourselves from all the other australian by the real factors. Read More Constution and Law City employment issue opportunities are [&hellip;]<\/p>","protected":false},"author":1,"featured_media":623,"parent":0,"menu_order":0,"comment_status":"closed","ping_status":"closed","template":"elementor_header_footer","meta":{"footnotes":""},"class_list":["post-730","page","type-page","status-publish","has-post-thumbnail","hentry"],"_links":{"self":[{"href":"https:\/\/ccis-agadir.ma\/en\/wp-json\/wp\/v2\/pages\/730","targetHints":{"allow":["GET"]}}],"collection":[{"href":"https:\/\/ccis-agadir.ma\/en\/wp-json\/wp\/v2\/pages"}],"about":[{"href":"https:\/\/ccis-agadir.ma\/en\/wp-json\/wp\/v2\/types\/page"}],"author":[{"embeddable":true,"href":"https:\/\/ccis-agadir.ma\/en\/wp-json\/wp\/v2\/users\/1"}],"replies":[{"embeddable":true,"href":"https:\/\/ccis-agadir.ma\/en\/wp-json\/wp\/v2\/comments?post=730"}],"version-history":[{"count":1,"href":"https:\/\/ccis-agadir.ma\/en\/wp-json\/wp\/v2\/pages\/730\/revisions"}],"predecessor-version":[{"id":5723,"href":"https:\/\/ccis-agadir.ma\/en\/wp-json\/wp\/v2\/pages\/730\/revisions\/5723"}],"wp:featuredmedia":[{"embeddable":true,"href":"https:\/\/ccis-agadir.ma\/en\/wp-json\/wp\/v2\/media\/623"}],"wp:attachment":[{"href":"https:\/\/ccis-agadir.ma\/en\/wp-json\/wp\/v2\/media?parent=730"}],"curies":[{"name":"wp","href":"https:\/\/api.w.org\/{rel}","templated":true}]}}