{"id":7858,"date":"2024-06-25T11:29:59","date_gmt":"2024-06-25T11:29:59","guid":{"rendered":"https:\/\/ccis-agadir.ma\/cancel_payment\/"},"modified":"2024-06-25T11:29:59","modified_gmt":"2024-06-25T11:29:59","slug":"cancel_payment","status":"publish","type":"page","link":"https:\/\/ccis-agadir.ma\/en\/cancel_payment\/","title":{"rendered":"Cancel Payment"},"content":{"rendered":"<p>Votre achat n&#039;a pas \u00e9t\u00e9 finalis\u00e9.<br \/>D\u00e9sol\u00e9, une erreur s&#039;est produite lors du traitement de votre paiement.<\/p>","protected":false},"excerpt":{"rendered":"<p>Votre achat n&#039;a pas \u00e9t\u00e9 finalis\u00e9.D\u00e9sol\u00e9, une erreur s&#039;est produite lors du traitement de votre paiement.<\/p>","protected":false},"author":1,"featured_media":0,"parent":0,"menu_order":0,"comment_status":"closed","ping_status":"closed","template":"","meta":{"footnotes":""},"class_list":["post-7858","page","type-page","status-publish","hentry"],"_links":{"self":[{"href":"https:\/\/ccis-agadir.ma\/en\/wp-json\/wp\/v2\/pages\/7858","targetHints":{"allow":["GET"]}}],"collection":[{"href":"https:\/\/ccis-agadir.ma\/en\/wp-json\/wp\/v2\/pages"}],"about":[{"href":"https:\/\/ccis-agadir.ma\/en\/wp-json\/wp\/v2\/types\/page"}],"author":[{"embeddable":true,"href":"https:\/\/ccis-agadir.ma\/en\/wp-json\/wp\/v2\/users\/1"}],"replies":[{"embeddable":true,"href":"https:\/\/ccis-agadir.ma\/en\/wp-json\/wp\/v2\/comments?post=7858"}],"version-history":[{"count":0,"href":"https:\/\/ccis-agadir.ma\/en\/wp-json\/wp\/v2\/pages\/7858\/revisions"}],"wp:attachment":[{"href":"https:\/\/ccis-agadir.ma\/en\/wp-json\/wp\/v2\/media?parent=7858"}],"curies":[{"name":"wp","href":"https:\/\/api.w.org\/{rel}","templated":true}]}}