{"id":8370,"date":"2024-07-01T14:52:19","date_gmt":"2024-07-01T14:52:19","guid":{"rendered":"https:\/\/ccis-agadir.ma\/?page_id=8370"},"modified":"2024-10-18T15:52:11","modified_gmt":"2024-10-18T15:52:11","slug":"guichet-ism","status":"publish","type":"page","link":"https:\/\/ccis-agadir.ma\/en\/guichet-ism\/","title":{"rendered":"ISM counter"},"content":{"rendered":"<div data-elementor-type=\"wp-page\" data-elementor-id=\"8370\" class=\"elementor elementor-8370\" data-elementor-settings=\"{&quot;ha_cmc_init_switcher&quot;:&quot;no&quot;}\" data-elementor-post-type=\"page\">\n\t\t\t\t<div class=\"elementor-element elementor-element-4f37423 e-flex e-con-boxed e-con e-parent\" data-id=\"4f37423\" data-element_type=\"container\" data-settings=\"{&quot;_ha_eqh_enable&quot;:false,&quot;ekit_has_onepagescroll_dot&quot;:&quot;yes&quot;}\">\n\t\t\t\t\t<div class=\"e-con-inner\">\n\t\t\t\t<div class=\"elementor-element elementor-element-8d09289 elementor-widget elementor-widget-heading\" data-id=\"8d09289\" data-element_type=\"widget\" data-settings=\"{&quot;ekit_we_effect_on&quot;:&quot;none&quot;}\" data-widget_type=\"heading.default\">\n\t\t\t\t<div class=\"elementor-widget-container\">\n\t\t\t\t\t<h2 class=\"elementor-heading-title elementor-size-default\">Souss Massa Initiative Counter<\/h2>\t\t\t\t<\/div>\n\t\t\t\t<\/div>\n\t\t\t\t<div class=\"elementor-element elementor-element-5b00c25 elementor-widget elementor-widget-text-editor\" data-id=\"5b00c25\" data-element_type=\"widget\" data-settings=\"{&quot;ekit_we_effect_on&quot;:&quot;none&quot;}\" data-widget_type=\"text-editor.default\">\n\t\t\t\t<div class=\"elementor-widget-container\">\n\t\t\t\t\t\t\t\t\t<p>Souss Massa Initiative is an association of honorary loans \"interest-free and unsecured loans\" inspired by the French experience of local initiative platforms federated under the name of Initiative France, which is now the leading player in supporting business creation in France with 210 platforms located almost throughout the country. This network now creates more than 16,000 businesses, which generate 37,000 jobs per year.<\/p><div class=\"column mcb-column mcb-item-7f65haaby one column_column\"><div class=\"column_attr clearfix\"><h2>Objective<\/h2><hr class=\"no_line\" \/><\/div><\/div><div class=\"column mcb-column mcb-item-uc26egfhh one column_column column-margin-20px\"><div class=\"column_attr clearfix\"><h1><span class=\"themecolor\"><i class=\"icon-check\"><\/i> Creation of an honorary loan fund<\/span><\/h1><p>\u21d2 To strengthen the contribution of equity and allow project leaders to mobilize bank loans (for example, for INITIATIVE France, \u20ac1 of honorary loan allows \u20ac8 to be mobilized from banks)<\/p><p>\u21d2 Honorary loans can be given to people wishing to create a sole proprietorship \"natural person\", but also to people wishing to create a company \"legal person\". In the latter case, the loan is granted to the person, and not to the company.<\/p><p>\u00a0<\/p><\/div><\/div><div class=\"column mcb-column mcb-item-3nc6wpr1a one column_column\"><div class=\"column_attr clearfix\"><h1><span class=\"themecolor\"><i class=\"icon-check\"><\/i> Setting up a monitoring\/support unit<\/span><\/h1><p>\u21d2 Help with preparing the file<\/p><p>\u21d2 Monitoring over the repayment period (through support, recourse to experts in the sector of activity and\/or local operators)<\/p><p>\u00a0<\/p><\/div><\/div><div class=\"column mcb-column mcb-item-9pt43cfaw one column_column\"><div class=\"column_attr clearfix\"><h1><span class=\"themecolor\"><i class=\"icon-check\"><\/i> Networking of partners and skills<\/span><\/h1><p>\u21d2 Guidance of project leaders towards business creation support structures, etc.<\/p><p>\u21d2 Use of existing skills locally and according to the needs of project leaders (particularly for support)<\/p><\/div><\/div><p>\u00a0<\/p>\t\t\t\t\t\t\t\t<\/div>\n\t\t\t\t<\/div>\n\t\t\t\t<div class=\"elementor-element elementor-element-ad0aae9 elementor-widget elementor-widget-button\" data-id=\"ad0aae9\" data-element_type=\"widget\" data-settings=\"{&quot;ekit_we_effect_on&quot;:&quot;none&quot;}\" data-widget_type=\"button.default\">\n\t\t\t\t<div class=\"elementor-widget-container\">\n\t\t\t\t\t\t\t\t\t<div class=\"elementor-button-wrapper\">\n\t\t\t\t\t<a class=\"elementor-button elementor-button-link elementor-size-sm\" href=\"https:\/\/smdinitiative.com\">\n\t\t\t\t\t\t<span class=\"elementor-button-content-wrapper\">\n\t\t\t\t\t\t\t\t\t<span class=\"elementor-button-text\">Souss Massa Initiative website <\/span>\n\t\t\t\t\t<\/span>\n\t\t\t\t\t<\/a>\n\t\t\t\t<\/div>\n\t\t\t\t\t\t\t\t<\/div>\n\t\t\t\t<\/div>\n\t\t\t\t\t<\/div>\n\t\t\t\t<\/div>\n\t\t\t\t<\/div>","protected":false},"excerpt":{"rendered":"<p>Guichet Souss Massa Initiative Souss Massa Initiative est une association de pr\u00eat d\u2019honneur \u00ab pr\u00eat sans int\u00e9r\u00eats et sans garantie \u00bb inspir\u00e9e de l\u2019exp\u00e9rience fran\u00e7aise des plates formes d\u2019initiatives locales f\u00e9d\u00e9r\u00e9es sous le nom d&#8217;Initiative France qui s\u2019impose aujourd\u2019hui comme premier intervenant dans l\u2019appui \u00e0 la cr\u00e9ation d\u2019entreprises en France avec 210 plateformes se trouvant [&hellip;]<\/p>","protected":false},"author":1,"featured_media":0,"parent":0,"menu_order":0,"comment_status":"closed","ping_status":"closed","template":"elementor_header_footer","meta":{"footnotes":""},"class_list":["post-8370","page","type-page","status-publish","hentry"],"_links":{"self":[{"href":"https:\/\/ccis-agadir.ma\/en\/wp-json\/wp\/v2\/pages\/8370","targetHints":{"allow":["GET"]}}],"collection":[{"href":"https:\/\/ccis-agadir.ma\/en\/wp-json\/wp\/v2\/pages"}],"about":[{"href":"https:\/\/ccis-agadir.ma\/en\/wp-json\/wp\/v2\/types\/page"}],"author":[{"embeddable":true,"href":"https:\/\/ccis-agadir.ma\/en\/wp-json\/wp\/v2\/users\/1"}],"replies":[{"embeddable":true,"href":"https:\/\/ccis-agadir.ma\/en\/wp-json\/wp\/v2\/comments?post=8370"}],"version-history":[{"count":19,"href":"https:\/\/ccis-agadir.ma\/en\/wp-json\/wp\/v2\/pages\/8370\/revisions"}],"predecessor-version":[{"id":10255,"href":"https:\/\/ccis-agadir.ma\/en\/wp-json\/wp\/v2\/pages\/8370\/revisions\/10255"}],"wp:attachment":[{"href":"https:\/\/ccis-agadir.ma\/en\/wp-json\/wp\/v2\/media?parent=8370"}],"curies":[{"name":"wp","href":"https:\/\/api.w.org\/{rel}","templated":true}]}}