{"id":8391,"date":"2024-07-01T15:20:37","date_gmt":"2024-07-01T15:20:37","guid":{"rendered":"https:\/\/ccis-agadir.ma\/?page_id=8391"},"modified":"2024-11-30T17:14:37","modified_gmt":"2024-11-30T17:14:37","slug":"donnees-et-enquetes","status":"publish","type":"page","link":"https:\/\/ccis-agadir.ma\/en\/donnees-et-enquetes\/","title":{"rendered":"Data and Surveys"},"content":{"rendered":"<div data-elementor-type=\"wp-page\" data-elementor-id=\"8391\" class=\"elementor elementor-8391\" data-elementor-settings=\"{&quot;ha_cmc_init_switcher&quot;:&quot;no&quot;}\" data-elementor-post-type=\"page\">\n\t\t\t\t<div class=\"elementor-element elementor-element-99996d2 e-flex e-con-boxed e-con e-parent\" data-id=\"99996d2\" data-element_type=\"container\" data-settings=\"{&quot;_ha_eqh_enable&quot;:false,&quot;ekit_has_onepagescroll_dot&quot;:&quot;yes&quot;}\">\n\t\t\t\t\t<div class=\"e-con-inner\">\n\t\t\t\t<div class=\"elementor-element elementor-element-e1a8a7c elementor-widget elementor-widget-heading\" data-id=\"e1a8a7c\" data-element_type=\"widget\" data-settings=\"{&quot;ekit_we_effect_on&quot;:&quot;none&quot;}\" data-widget_type=\"heading.default\">\n\t\t\t\t<div class=\"elementor-widget-container\">\n\t\t\t\t\t<h1 class=\"elementor-heading-title elementor-size-default\">Donn\u00e9es et enqu\u00eates <\/h1>\t\t\t\t<\/div>\n\t\t\t\t<\/div>\n\t\t\t\t<div class=\"elementor-element elementor-element-e8ba532 dce_masking-none elementor-widget elementor-widget-image\" data-id=\"e8ba532\" data-element_type=\"widget\" data-settings=\"{&quot;ekit_we_effect_on&quot;:&quot;none&quot;}\" data-widget_type=\"image.default\">\n\t\t\t\t<div class=\"elementor-widget-container\">\n\t\t\t\t\t\t\t\t\t\t\t\t\t\t\t<img fetchpriority=\"high\" decoding=\"async\" width=\"1024\" height=\"225\" src=\"https:\/\/ccis-agadir.ma\/wp-content\/uploads\/2024\/11\/Asset-31-1024x225.png\" class=\"attachment-large size-large wp-image-11137\" alt=\"\" srcset=\"https:\/\/ccis-agadir.ma\/wp-content\/uploads\/2024\/11\/Asset-31-1024x225.png 1024w, https:\/\/ccis-agadir.ma\/wp-content\/uploads\/2024\/11\/Asset-31-300x66.png 300w, https:\/\/ccis-agadir.ma\/wp-content\/uploads\/2024\/11\/Asset-31-768x168.png 768w, https:\/\/ccis-agadir.ma\/wp-content\/uploads\/2024\/11\/Asset-31-1536x337.png 1536w, https:\/\/ccis-agadir.ma\/wp-content\/uploads\/2024\/11\/Asset-31-2048x449.png 2048w, https:\/\/ccis-agadir.ma\/wp-content\/uploads\/2024\/11\/Asset-31-18x4.png 18w, https:\/\/ccis-agadir.ma\/wp-content\/uploads\/2024\/11\/Asset-31-600x132.png 600w, https:\/\/ccis-agadir.ma\/wp-content\/uploads\/2024\/11\/Asset-31-560x123.png 560w, https:\/\/ccis-agadir.ma\/wp-content\/uploads\/2024\/11\/Asset-31-1320x289.png 1320w\" sizes=\"(max-width: 1024px) 100vw, 1024px\" \/>\t\t\t\t\t\t\t\t\t\t\t\t\t\t\t<\/div>\n\t\t\t\t<\/div>\n\t\t\t\t<div class=\"elementor-element elementor-element-95932a7 elementor-widget elementor-widget-text-editor\" data-id=\"95932a7\" data-element_type=\"widget\" data-settings=\"{&quot;ekit_we_effect_on&quot;:&quot;none&quot;}\" data-widget_type=\"text-editor.default\">\n\t\t\t\t<div class=\"elementor-widget-container\">\n\t\t\t\t\t\t\t\t\t<p>The Agadir Chamber of Commerce provides businesses and professionals with a wide range of economic data and sector surveys. These resources help to better understand the regional economic fabric, anticipate market developments and optimize strategic decisions.<\/p>\t\t\t\t\t\t\t\t<\/div>\n\t\t\t\t<\/div>\n\t\t\t\t\t<\/div>\n\t\t\t\t<\/div>\n\t\t<div class=\"elementor-element elementor-element-e42fd93 e-flex e-con-boxed e-con e-parent\" data-id=\"e42fd93\" data-element_type=\"container\" data-settings=\"{&quot;_ha_eqh_enable&quot;:false,&quot;ekit_has_onepagescroll_dot&quot;:&quot;yes&quot;}\">\n\t\t\t\t\t<div class=\"e-con-inner\">\n\t\t\t\t<div class=\"elementor-element elementor-element-99d01c8 elementor-widget elementor-widget-button\" data-id=\"99d01c8\" data-element_type=\"widget\" data-settings=\"{&quot;ekit_we_effect_on&quot;:&quot;none&quot;}\" data-widget_type=\"button.default\">\n\t\t\t\t<div class=\"elementor-widget-container\">\n\t\t\t\t\t\t\t\t\t<div class=\"elementor-button-wrapper\">\n\t\t\t\t\t<a class=\"elementor-button elementor-button-link elementor-size-sm\" href=\"https:\/\/www.bkam.ma\/\">\n\t\t\t\t\t\t<span class=\"elementor-button-content-wrapper\">\n\t\t\t\t\t\t\t\t\t<span class=\"elementor-button-text\">Bank al maghrib<\/span>\n\t\t\t\t\t<\/span>\n\t\t\t\t\t<\/a>\n\t\t\t\t<\/div>\n\t\t\t\t\t\t\t\t<\/div>\n\t\t\t\t<\/div>\n\t\t\t\t<div class=\"elementor-element elementor-element-1c5b9b5 elementor-widget elementor-widget-text-editor\" data-id=\"1c5b9b5\" data-element_type=\"widget\" data-settings=\"{&quot;ekit_we_effect_on&quot;:&quot;none&quot;}\" data-widget_type=\"text-editor.default\">\n\t\t\t\t<div class=\"elementor-widget-container\">\n\t\t\t\t\t\t\t\t\t<p><strong>Bank Al-Maghrib<\/strong> provides you with a multitude of economic and financial data, as well as sector surveys, in order to provide a clear and up-to-date view of the Moroccan economy. Whether you are a professional, an investor or a researcher, this information will allow you to analyze economic trends and make informed decisions.<\/p><h3><strong>Resources :<\/strong><\/h3><ul><li><p><strong>Key Economic Indicators:<\/strong> Follow the main macroeconomic statistics, including GDP, inflation, exchange rates, and interest rates, for a complete analysis of the state of the national economy.<\/p><\/li><li><p><strong>Sector surveys:<\/strong> Consult our regular surveys on the performance of the main economic sectors, such as industry, agriculture, services and real estate, to better understand the dynamics of each sector.<\/p><\/li><li><p><strong>Monetary policy reports:<\/strong> Explore our detailed reports on monetary policies implemented, analyses of the national economic situation, and short- and medium-term economic projections.<\/p><\/li><li><p><strong>Banking sector data:<\/strong> Access detailed statistics on the evolution of credits, deposits, and liquidity in the Moroccan banking sector, with up- to-date performance indicators.<\/p><\/li><li><p><strong>Analysis and forecasts:<\/strong> Take advantage of our economic studies and forecasts based on rigorous models and analyses, to anticipate market developments and adjust your strategies.<\/p><\/li><\/ul>\t\t\t\t\t\t\t\t<\/div>\n\t\t\t\t<\/div>\n\t\t\t\t<div class=\"elementor-element elementor-element-986733f elementor-widget elementor-widget-button\" data-id=\"986733f\" data-element_type=\"widget\" data-settings=\"{&quot;ekit_we_effect_on&quot;:&quot;none&quot;}\" data-widget_type=\"button.default\">\n\t\t\t\t<div class=\"elementor-widget-container\">\n\t\t\t\t\t\t\t\t\t<div class=\"elementor-button-wrapper\">\n\t\t\t\t\t<a class=\"elementor-button elementor-button-link elementor-size-sm\" href=\"https:\/\/www.hcp.ma\/\">\n\t\t\t\t\t\t<span class=\"elementor-button-content-wrapper\">\n\t\t\t\t\t\t\t\t\t<span class=\"elementor-button-text\">HCP<\/span>\n\t\t\t\t\t<\/span>\n\t\t\t\t\t<\/a>\n\t\t\t\t<\/div>\n\t\t\t\t\t\t\t\t<\/div>\n\t\t\t\t<\/div>\n\t\t\t\t<div class=\"elementor-element elementor-element-87d965c elementor-widget elementor-widget-text-editor\" data-id=\"87d965c\" data-element_type=\"widget\" data-settings=\"{&quot;ekit_we_effect_on&quot;:&quot;none&quot;}\" data-widget_type=\"text-editor.default\">\n\t\t\t\t<div class=\"elementor-widget-container\">\n\t\t\t\t\t\t\t\t\t<p>THE <strong>High Commission for Planning (HCP)<\/strong> is your main source of statistical data and socio-economic surveys on Morocco. Our detailed and regularly updated information helps to understand the demographic, economic and social dynamics of the country, to inform decision-making and support development.<\/p><h3><strong>Services :<\/strong><\/h3><ul><li><p><strong>National statistics:<\/strong> Consult our databases on the main economic, demographic and social indicators of Morocco, including growth rate, inflation, employment, and much more.<\/p><\/li><li><p><strong>Socio-economic surveys:<\/strong> Discover our in-depth surveys on household living conditions, employment, consumption, poverty, and other dimensions essential to socio- economic analysis.<\/p><\/li><li><p><strong>Demographic projections:<\/strong> Access long-term demographic forecasts, which provide estimates on the evolution of the Moroccan population, both at the national and regional levels.<\/p><\/li><li><p><strong>National accounts:<\/strong> Explore reports and data relating to national accounts, including GDP, investments, and the sectoral distribution of national production.<\/p><\/li><li><p><strong>Regional indicators:<\/strong> Obtain regional statistics to better understand local specificities and support regional development policies.<\/p><\/li><\/ul>\t\t\t\t\t\t\t\t<\/div>\n\t\t\t\t<\/div>\n\t\t\t\t\t<\/div>\n\t\t\t\t<\/div>\n\t\t\t\t<\/div>","protected":false},"excerpt":{"rendered":"<p>Donn\u00e9es et enqu\u00eates La Chambre de Commerce d&#8217;Agadir met \u00e0 disposition des entreprises et des professionnels une vaste gamme de donn\u00e9es \u00e9conomiques et d&#8217;enqu\u00eates sectorielles. Ces ressources permettent de mieux comprendre le tissu \u00e9conomique r\u00e9gional, d\u2019anticiper les \u00e9volutions du march\u00e9 et d\u2019optimiser les d\u00e9cisions strat\u00e9giques. Bank al maghrib Bank Al-Maghrib met \u00e0 votre disposition une [&hellip;]<\/p>","protected":false},"author":1,"featured_media":0,"parent":0,"menu_order":0,"comment_status":"closed","ping_status":"closed","template":"elementor_header_footer","meta":{"footnotes":""},"class_list":["post-8391","page","type-page","status-publish","hentry"],"_links":{"self":[{"href":"https:\/\/ccis-agadir.ma\/en\/wp-json\/wp\/v2\/pages\/8391","targetHints":{"allow":["GET"]}}],"collection":[{"href":"https:\/\/ccis-agadir.ma\/en\/wp-json\/wp\/v2\/pages"}],"about":[{"href":"https:\/\/ccis-agadir.ma\/en\/wp-json\/wp\/v2\/types\/page"}],"author":[{"embeddable":true,"href":"https:\/\/ccis-agadir.ma\/en\/wp-json\/wp\/v2\/users\/1"}],"replies":[{"embeddable":true,"href":"https:\/\/ccis-agadir.ma\/en\/wp-json\/wp\/v2\/comments?post=8391"}],"version-history":[{"count":11,"href":"https:\/\/ccis-agadir.ma\/en\/wp-json\/wp\/v2\/pages\/8391\/revisions"}],"predecessor-version":[{"id":11140,"href":"https:\/\/ccis-agadir.ma\/en\/wp-json\/wp\/v2\/pages\/8391\/revisions\/11140"}],"wp:attachment":[{"href":"https:\/\/ccis-agadir.ma\/en\/wp-json\/wp\/v2\/media?parent=8391"}],"curies":[{"name":"wp","href":"https:\/\/api.w.org\/{rel}","templated":true}]}}