{"id":8393,"date":"2024-07-01T15:21:19","date_gmt":"2024-07-01T15:21:19","guid":{"rendered":"https:\/\/ccis-agadir.ma\/?page_id=8393"},"modified":"2024-11-30T16:24:49","modified_gmt":"2024-11-30T16:24:49","slug":"bilan-annuel","status":"publish","type":"page","link":"https:\/\/ccis-agadir.ma\/en\/bilan-annuel\/","title":{"rendered":"Annual Review"},"content":{"rendered":"<div data-elementor-type=\"wp-page\" data-elementor-id=\"8393\" class=\"elementor elementor-8393\" data-elementor-settings=\"{&quot;ha_cmc_init_switcher&quot;:&quot;no&quot;}\" data-elementor-post-type=\"page\">\n\t\t\t\t<div class=\"elementor-element elementor-element-cef3afe e-con-full e-flex e-con e-parent\" data-id=\"cef3afe\" data-element_type=\"container\" data-settings=\"{&quot;_ha_eqh_enable&quot;:false,&quot;ekit_has_onepagescroll_dot&quot;:&quot;yes&quot;}\">\n\t\t\t\t<div class=\"elementor-element elementor-element-a145109 elementor-widget__width-inherit dce_masking-none elementor-widget elementor-widget-image\" data-id=\"a145109\" data-element_type=\"widget\" data-settings=\"{&quot;ekit_we_effect_on&quot;:&quot;none&quot;}\" data-widget_type=\"image.default\">\n\t\t\t\t<div class=\"elementor-widget-container\">\n\t\t\t\t\t\t\t\t\t\t\t\t\t\t\t<img fetchpriority=\"high\" decoding=\"async\" width=\"12080\" height=\"2649\" src=\"https:\/\/ccis-agadir.ma\/wp-content\/uploads\/2024\/11\/Asset-1.png\" class=\"attachment-full size-full wp-image-11024\" alt=\"\" srcset=\"https:\/\/ccis-agadir.ma\/wp-content\/uploads\/2024\/11\/Asset-1.png 12080w, https:\/\/ccis-agadir.ma\/wp-content\/uploads\/2024\/11\/Asset-1-300x66.png 300w, https:\/\/ccis-agadir.ma\/wp-content\/uploads\/2024\/11\/Asset-1-1024x225.png 1024w, https:\/\/ccis-agadir.ma\/wp-content\/uploads\/2024\/11\/Asset-1-768x168.png 768w, https:\/\/ccis-agadir.ma\/wp-content\/uploads\/2024\/11\/Asset-1-1536x337.png 1536w, https:\/\/ccis-agadir.ma\/wp-content\/uploads\/2024\/11\/Asset-1-2048x449.png 2048w, https:\/\/ccis-agadir.ma\/wp-content\/uploads\/2024\/11\/Asset-1-18x4.png 18w, https:\/\/ccis-agadir.ma\/wp-content\/uploads\/2024\/11\/Asset-1-600x132.png 600w, https:\/\/ccis-agadir.ma\/wp-content\/uploads\/2024\/11\/Asset-1-560x123.png 560w, https:\/\/ccis-agadir.ma\/wp-content\/uploads\/2024\/11\/Asset-1-1320x289.png 1320w\" sizes=\"(max-width: 12080px) 100vw, 12080px\" \/>\t\t\t\t\t\t\t\t\t\t\t\t\t\t\t<\/div>\n\t\t\t\t<\/div>\n\t\t\t\t<\/div>\n\t\t<div class=\"elementor-element elementor-element-c186888 e-flex e-con-boxed e-con e-parent\" data-id=\"c186888\" data-element_type=\"container\" data-settings=\"{&quot;_ha_eqh_enable&quot;:false,&quot;ekit_has_onepagescroll_dot&quot;:&quot;yes&quot;}\">\n\t\t\t\t\t<div class=\"e-con-inner\">\n\t\t\t\t<div class=\"elementor-element elementor-element-98cb805 elementor-widget elementor-widget-text-editor\" data-id=\"98cb805\" data-element_type=\"widget\" data-settings=\"{&quot;ekit_we_effect_on&quot;:&quot;none&quot;}\" data-widget_type=\"text-editor.default\">\n\t\t\t\t<div class=\"elementor-widget-container\">\n\t\t\t\t\t\t\t\t\t<p>Welcome to the <strong>Annual Reviews<\/strong> of the Souss-Massa Chamber of Commerce, Industry and Services. This page contains all the reports detailing our activities and results for each year. These reports illustrate our ongoing commitment to supporting local economic development and building the capacity of the region's businesses.<\/p><p>Each report presents :<\/p><ul><li><strong>Key achievements<\/strong> An overview of our flagship initiatives to support businesses and promote innovation.<\/li><li><strong>Collaborations and partnerships<\/strong> strategic initiatives with local, national and international players.<\/li><li><strong>Economic trends<\/strong> A comprehensive analysis of market trends and the business environment.<\/li><li><strong>Support projects<\/strong> training, technical support and measures to improve competitiveness.<\/li><li><strong>Future prospects<\/strong> These are the priorities for the coming years, so that we can continue our mission of economic revitalization.<\/li><\/ul><p>We invite you to consult the various reports below to discover the efforts made over the years and the progress accomplished.<br \/>Download the reports of the year of your choice and do not hesitate to contact us for more information.<\/p>\t\t\t\t\t\t\t\t<\/div>\n\t\t\t\t<\/div>\n\t\t\t\t<div class=\"elementor-element elementor-element-ccis_bilan_shortcode_final elementor-widget elementor-widget-shortcode\" data-id=\"ccis_bilan_shortcode_final\" data-element_type=\"widget\" data-settings=\"{&quot;ekit_we_effect_on&quot;:&quot;none&quot;}\" data-widget_type=\"shortcode.default\">\n\t\t\t\t<div class=\"elementor-widget-container\">\n\t\t\t\t\t\t\t<div class=\"elementor-shortcode\"><div class=\"ccis-bilan-grid\">            <div class=\"ccis-bilan-card\">\n                <div class=\"bilan-img-container\">\n                    <img decoding=\"async\" src=\"https:\/\/ccis-agadir.ma\/wp-content\/uploads\/2024\/11\/Artboard-4.png\" alt=\"Bilan Annuel 2025\">\n                    <div class=\"bilan-badge\">2025<\/div>                <\/div>\n                <div class=\"bilan-content\">\n                    <h3 class=\"bilan-title\">Bilan Annuel 2025<\/h3>\n                                            <a href=\"https:\/\/ccis-agadir.ma\/wp-content\/uploads\/2026\/04\/Bilan-2025.pdf\" class=\"bilan-btn\" target=\"_blank\" rel=\"noopener noreferrer\">\n                            <svg xmlns=\"http:\/\/www.w3.org\/2000\/svg\" width=\"16\" height=\"16\" fill=\"currentColor\" viewbox=\"0 0 16 16\"><path d=\"M.5 9.9a.5.5 0 0 1 .5.5v2.5a1 1 0 0 0 1 1h12a1 1 0 0 0 1-1v-2.5a.5.5 0 0 1 1 0v2.5a2 2 0 0 1-2 2H2a2 2 0 0 1-2-2v-2.5a.5.5 0 0 1 .5-.5z\"\/><path d=\"M7.646 11.854a.5.5 0 0 0 .708 0l3-3a.5.5 0 0 0-.708-.708L8.5 10.293V1.5a.5.5 0 0 0-1 0v8.793L5.354 8.146a.5.5 0 1 0-.708.708l3 3z\"\/><\/svg>\n                            T\u00e9l\u00e9charger PDF\n                        <\/a>\n                                    <\/div>\n            <\/div>\n                        <div class=\"ccis-bilan-card\">\n                <div class=\"bilan-img-container\">\n                    <img decoding=\"async\" src=\"https:\/\/ccis-agadir.ma\/wp-content\/uploads\/2024\/11\/Artboard-4CCIS-SM-1.png\" alt=\"Bilan Annuel 2023\">\n                    <div class=\"bilan-badge\">2023<\/div>                <\/div>\n                <div class=\"bilan-content\">\n                    <h3 class=\"bilan-title\">Bilan Annuel 2023<\/h3>\n                                            <a href=\"https:\/\/ccis-agadir.ma\/wp-content\/uploads\/2024\/09\/ANNUAL-REPORT-2023.pdf\" class=\"bilan-btn\" target=\"_blank\" rel=\"noopener noreferrer\">\n                            <svg xmlns=\"http:\/\/www.w3.org\/2000\/svg\" width=\"16\" height=\"16\" fill=\"currentColor\" viewbox=\"0 0 16 16\"><path d=\"M.5 9.9a.5.5 0 0 1 .5.5v2.5a1 1 0 0 0 1 1h12a1 1 0 0 0 1-1v-2.5a.5.5 0 0 1 1 0v2.5a2 2 0 0 1-2 2H2a2 2 0 0 1-2-2v-2.5a.5.5 0 0 1 .5-.5z\"\/><path d=\"M7.646 11.854a.5.5 0 0 0 .708 0l3-3a.5.5 0 0 0-.708-.708L8.5 10.293V1.5a.5.5 0 0 0-1 0v8.793L5.354 8.146a.5.5 0 1 0-.708.708l3 3z\"\/><\/svg>\n                            T\u00e9l\u00e9charger PDF\n                        <\/a>\n                                    <\/div>\n            <\/div>\n                        <div class=\"ccis-bilan-card\">\n                <div class=\"bilan-img-container\">\n                    <img decoding=\"async\" src=\"https:\/\/ccis-agadir.ma\/wp-content\/uploads\/2024\/11\/Artboard-4CCIS-SM-1.png\" alt=\"Bilan Annuel 2022\">\n                    <div class=\"bilan-badge\">2022<\/div>                <\/div>\n                <div class=\"bilan-content\">\n                    <h3 class=\"bilan-title\">Bilan Annuel 2022<\/h3>\n                                            <a href=\"https:\/\/ccis-agadir.ma\/wp-content\/uploads\/2024\/09\/ANNUAL-REPORT-2022.pdf\" class=\"bilan-btn\" target=\"_blank\" rel=\"noopener noreferrer\">\n                            <svg xmlns=\"http:\/\/www.w3.org\/2000\/svg\" width=\"16\" height=\"16\" fill=\"currentColor\" viewbox=\"0 0 16 16\"><path d=\"M.5 9.9a.5.5 0 0 1 .5.5v2.5a1 1 0 0 0 1 1h12a1 1 0 0 0 1-1v-2.5a.5.5 0 0 1 1 0v2.5a2 2 0 0 1-2 2H2a2 2 0 0 1-2-2v-2.5a.5.5 0 0 1 .5-.5z\"\/><path d=\"M7.646 11.854a.5.5 0 0 0 .708 0l3-3a.5.5 0 0 0-.708-.708L8.5 10.293V1.5a.5.5 0 0 0-1 0v8.793L5.354 8.146a.5.5 0 1 0-.708.708l3 3z\"\/><\/svg>\n                            T\u00e9l\u00e9charger PDF\n                        <\/a>\n                                    <\/div>\n            <\/div>\n                        <div class=\"ccis-bilan-card\">\n                <div class=\"bilan-img-container\">\n                    <img decoding=\"async\" src=\"https:\/\/ccis-agadir.ma\/wp-content\/uploads\/2024\/11\/Artboard-4CCIS-SM-1.png\" alt=\"Bilan Annuel 2015-2021\">\n                    <div class=\"bilan-badge\">2015<\/div>                <\/div>\n                <div class=\"bilan-content\">\n                    <h3 class=\"bilan-title\">Bilan Annuel 2015-2021<\/h3>\n                                            <a href=\"https:\/\/ccis-agadir.ma\/wp-content\/uploads\/2026\/04\/Bilan-2015-2021.pdf\" class=\"bilan-btn\" target=\"_blank\" rel=\"noopener noreferrer\">\n                            <svg xmlns=\"http:\/\/www.w3.org\/2000\/svg\" width=\"16\" height=\"16\" fill=\"currentColor\" viewbox=\"0 0 16 16\"><path d=\"M.5 9.9a.5.5 0 0 1 .5.5v2.5a1 1 0 0 0 1 1h12a1 1 0 0 0 1-1v-2.5a.5.5 0 0 1 1 0v2.5a2 2 0 0 1-2 2H2a2 2 0 0 1-2-2v-2.5a.5.5 0 0 1 .5-.5z\"\/><path d=\"M7.646 11.854a.5.5 0 0 0 .708 0l3-3a.5.5 0 0 0-.708-.708L8.5 10.293V1.5a.5.5 0 0 0-1 0v8.793L5.354 8.146a.5.5 0 1 0-.708.708l3 3z\"\/><\/svg>\n                            T\u00e9l\u00e9charger PDF\n                        <\/a>\n                                    <\/div>\n            <\/div>\n            <\/div><\/div>\n\t\t\t\t\t\t<\/div>\n\t\t\t\t<\/div>\n\t\t\t\t\t<\/div>\n\t\t\t\t<\/div>\n\t\t\t\t<\/div>","protected":false},"excerpt":{"rendered":"<p>Bienvenue dans la section des Bilans Annuels de La Chambre de Commerce, d&#8217;Industrie et des Services de Souss-Massa. Cette page regroupe l&#8217;ensemble des rapports d\u00e9taillant nos activit\u00e9s et r\u00e9sultats pour chaque ann\u00e9e. Ces bilans illustrent notre engagement constant \u00e0 soutenir le d\u00e9veloppement \u00e9conomique local et \u00e0 renforcer les capacit\u00e9s des entreprises de la r\u00e9gion. Chaque [&hellip;]<\/p>","protected":false},"author":1,"featured_media":0,"parent":0,"menu_order":0,"comment_status":"closed","ping_status":"closed","template":"elementor_header_footer","meta":{"footnotes":""},"class_list":["post-8393","page","type-page","status-publish","hentry"],"_links":{"self":[{"href":"https:\/\/ccis-agadir.ma\/en\/wp-json\/wp\/v2\/pages\/8393","targetHints":{"allow":["GET"]}}],"collection":[{"href":"https:\/\/ccis-agadir.ma\/en\/wp-json\/wp\/v2\/pages"}],"about":[{"href":"https:\/\/ccis-agadir.ma\/en\/wp-json\/wp\/v2\/types\/page"}],"author":[{"embeddable":true,"href":"https:\/\/ccis-agadir.ma\/en\/wp-json\/wp\/v2\/users\/1"}],"replies":[{"embeddable":true,"href":"https:\/\/ccis-agadir.ma\/en\/wp-json\/wp\/v2\/comments?post=8393"}],"version-history":[{"count":52,"href":"https:\/\/ccis-agadir.ma\/en\/wp-json\/wp\/v2\/pages\/8393\/revisions"}],"predecessor-version":[{"id":11056,"href":"https:\/\/ccis-agadir.ma\/en\/wp-json\/wp\/v2\/pages\/8393\/revisions\/11056"}],"wp:attachment":[{"href":"https:\/\/ccis-agadir.ma\/en\/wp-json\/wp\/v2\/media?parent=8393"}],"curies":[{"name":"wp","href":"https:\/\/api.w.org\/{rel}","templated":true}]}}