{"id":8399,"date":"2024-07-01T15:31:14","date_gmt":"2024-07-01T15:31:14","guid":{"rendered":"https:\/\/ccis-agadir.ma\/?page_id=8399"},"modified":"2024-11-30T16:33:26","modified_gmt":"2024-11-30T16:33:26","slug":"rapports","status":"publish","type":"page","link":"https:\/\/ccis-agadir.ma\/en\/rapports\/","title":{"rendered":"Reports"},"content":{"rendered":"<div data-elementor-type=\"wp-page\" data-elementor-id=\"8399\" class=\"elementor elementor-8399\" data-elementor-settings=\"{&quot;ha_cmc_init_switcher&quot;:&quot;no&quot;}\" data-elementor-post-type=\"page\">\n\t\t\t\t<div class=\"elementor-element elementor-element-389c1ea e-con-full e-flex e-con e-parent\" data-id=\"389c1ea\" data-element_type=\"container\" data-settings=\"{&quot;_ha_eqh_enable&quot;:false,&quot;ekit_has_onepagescroll_dot&quot;:&quot;yes&quot;}\">\n\t\t\t\t<div class=\"elementor-element elementor-element-3d4cf6f elementor-widget__width-inherit dce_masking-none elementor-widget elementor-widget-image\" data-id=\"3d4cf6f\" data-element_type=\"widget\" data-settings=\"{&quot;ekit_we_effect_on&quot;:&quot;none&quot;}\" data-widget_type=\"image.default\">\n\t\t\t\t<div class=\"elementor-widget-container\">\n\t\t\t\t\t\t\t\t\t\t\t\t\t\t\t<img fetchpriority=\"high\" decoding=\"async\" width=\"12080\" height=\"2649\" src=\"https:\/\/ccis-agadir.ma\/wp-content\/uploads\/2024\/11\/Asset-5.png\" class=\"attachment-full size-full wp-image-11003\" alt=\"\" srcset=\"https:\/\/ccis-agadir.ma\/wp-content\/uploads\/2024\/11\/Asset-5.png 12080w, https:\/\/ccis-agadir.ma\/wp-content\/uploads\/2024\/11\/Asset-5-300x66.png 300w, https:\/\/ccis-agadir.ma\/wp-content\/uploads\/2024\/11\/Asset-5-1024x225.png 1024w, https:\/\/ccis-agadir.ma\/wp-content\/uploads\/2024\/11\/Asset-5-768x168.png 768w, https:\/\/ccis-agadir.ma\/wp-content\/uploads\/2024\/11\/Asset-5-1536x337.png 1536w, https:\/\/ccis-agadir.ma\/wp-content\/uploads\/2024\/11\/Asset-5-2048x449.png 2048w, https:\/\/ccis-agadir.ma\/wp-content\/uploads\/2024\/11\/Asset-5-18x4.png 18w, https:\/\/ccis-agadir.ma\/wp-content\/uploads\/2024\/11\/Asset-5-600x132.png 600w, https:\/\/ccis-agadir.ma\/wp-content\/uploads\/2024\/11\/Asset-5-560x123.png 560w, https:\/\/ccis-agadir.ma\/wp-content\/uploads\/2024\/11\/Asset-5-1320x289.png 1320w\" sizes=\"(max-width: 12080px) 100vw, 12080px\" \/>\t\t\t\t\t\t\t\t\t\t\t\t\t\t\t<\/div>\n\t\t\t\t<\/div>\n\t\t\t\t<\/div>\n\t\t<div class=\"elementor-element elementor-element-d751791 e-flex e-con-boxed e-con e-parent\" data-id=\"d751791\" data-element_type=\"container\" data-settings=\"{&quot;_ha_eqh_enable&quot;:false,&quot;ekit_has_onepagescroll_dot&quot;:&quot;yes&quot;}\">\n\t\t\t\t\t<div class=\"e-con-inner\">\n\t\t<div class=\"elementor-element elementor-element-a7ed97c e-con-full e-flex e-con e-child\" data-id=\"a7ed97c\" data-element_type=\"container\" data-settings=\"{&quot;_ha_eqh_enable&quot;:false,&quot;ekit_has_onepagescroll_dot&quot;:&quot;yes&quot;}\">\n\t\t\t\t<div class=\"elementor-element elementor-element-b358026 elementor-widget elementor-widget-text-editor\" data-id=\"b358026\" data-element_type=\"widget\" data-settings=\"{&quot;ekit_we_effect_on&quot;:&quot;none&quot;}\" data-widget_type=\"text-editor.default\">\n\t\t\t\t<div class=\"elementor-widget-container\">\n\t\t\t\t\t\t\t\t\t<p><strong>Reports<\/strong><\/p><p><span style=\"font-family: var( --e-global-typography-text-font-family ), Sans-serif; font-size: var( --e-global-typography-text-font-size ); font-weight: var( --e-global-typography-text-font-weight ); letter-spacing: 0px; text-align: var(--text-align); color: #333333;\">The reports produced by the Chamber of Commerce, Industry and Services for the Souss-Massa region in Agadir provide essential information on the Chamber's activities, performance and initiatives. Here are the main types of report that the Chamber can publish, along with their typical content:<\/span><\/p><p><strong>1- Annual Report<\/strong><\/p><p><strong>Introduction<\/strong><\/p><ul><li><span style=\"color: #333333;\">Presentation of objectives and achievements over the past year.<\/span><\/li><\/ul>\t\t\t\t\t\t\t\t<\/div>\n\t\t\t\t<\/div>\n\t\t\t\t<\/div>\n\t\t<div class=\"elementor-element elementor-element-63b0823 e-con-full e-flex e-con e-child\" data-id=\"63b0823\" data-element_type=\"container\" data-settings=\"{&quot;_ha_eqh_enable&quot;:false,&quot;ekit_has_onepagescroll_dot&quot;:&quot;yes&quot;}\">\n\t\t\t\t<div class=\"elementor-element elementor-element-063d431 elementor-widget elementor-widget-text-editor\" data-id=\"063d431\" data-element_type=\"widget\" data-settings=\"{&quot;ekit_we_effect_on&quot;:&quot;none&quot;}\" data-widget_type=\"text-editor.default\">\n\t\t\t\t<div class=\"elementor-widget-container\">\n\t\t\t\t\t\t\t\t\t<p><strong>Main activities<\/strong><\/p><ul><li><span style=\"color: #333333;\">Summary of the main activities, projects and events organized during the year.<\/span><\/li><\/ul><p><strong>Achievements and Impact<\/strong><\/p><ul><li><span style=\"color: #333333;\">Analysis of the results obtained in relation to the objectives set.<\/span><\/li><\/ul><p><strong>Financial position<\/strong><\/p><ul><li style=\"text-align: left;\"><span style=\"color: #333333;\">Balance sheet, income statement and expense analysis<\/span> and revenues.<\/li><\/ul>\t\t\t\t\t\t\t\t<\/div>\n\t\t\t\t<\/div>\n\t\t\t\t<\/div>\n\t\t<div class=\"elementor-element elementor-element-5b121f5 e-con-full e-flex e-con e-child\" data-id=\"5b121f5\" data-element_type=\"container\" data-settings=\"{&quot;_ha_eqh_enable&quot;:false,&quot;ekit_has_onepagescroll_dot&quot;:&quot;yes&quot;}\">\n\t\t\t\t<div class=\"elementor-element elementor-element-575b529 elementor-widget elementor-widget-text-editor\" data-id=\"575b529\" data-element_type=\"widget\" data-settings=\"{&quot;ekit_we_effect_on&quot;:&quot;none&quot;}\" data-widget_type=\"text-editor.default\">\n\t\t\t\t<div class=\"elementor-widget-container\">\n\t\t\t\t\t\t\t\t\t<p style=\"text-align: left;\"><strong>2- Half-yearly Report<\/strong><\/p><p style=\"text-align: left;\"><strong>Summary of activities<\/strong><\/p><ul style=\"text-align: left;\"><li><span style=\"color: #333333;\">Report on activities and projects carried out during the semester.<\/span><\/li><\/ul><p style=\"text-align: left;\"><strong>Performance Analysis<\/strong><\/p><ul style=\"text-align: left;\"><li><span style=\"color: #333333;\">Assessment of performance against half-year targets.<\/span><\/li><\/ul><p style=\"text-align: left;\"><strong>Financial position<\/strong><\/p><ul style=\"text-align: left;\"><li><span style=\"color: #333333;\">Review of half-year financials, including revenues and expenses.<\/span><\/li><\/ul><p style=\"text-align: left;\"><strong>Project progress<\/strong><\/p><ul style=\"text-align: left;\"><li><span style=\"color: #333333;\">Status of current projects and initiatives.<\/span><\/li><\/ul><p style=\"text-align: left;\"><strong>Challenges encountered<\/strong><\/p><ul><li style=\"text-align: left;\"><span style=\"color: #333333;\">Identification of challenges and obstacles encountered, and measures taken to overcome them.<\/span><\/li><\/ul>\t\t\t\t\t\t\t\t<\/div>\n\t\t\t\t<\/div>\n\t\t\t\t<\/div>\n\t\t<div class=\"elementor-element elementor-element-fc0fad2 e-con-full e-flex e-con e-child\" data-id=\"fc0fad2\" data-element_type=\"container\" data-settings=\"{&quot;_ha_eqh_enable&quot;:false,&quot;ekit_has_onepagescroll_dot&quot;:&quot;yes&quot;}\">\n\t\t\t\t<div class=\"elementor-element elementor-element-aa5b461 elementor-widget elementor-widget-text-editor\" data-id=\"aa5b461\" data-element_type=\"widget\" data-settings=\"{&quot;ekit_we_effect_on&quot;:&quot;none&quot;}\" data-widget_type=\"text-editor.default\">\n\t\t\t\t<div class=\"elementor-widget-container\">\n\t\t\t\t\t\t\t\t\t<p><strong>3- Mission or Project Report<\/strong><\/p><p><strong>Project objectives<\/strong><\/p><ul><li><span style=\"color: #333333;\">Description of the objectives and expectations of the specific project or assignment.<\/span><\/li><\/ul><p><strong>Methodology and Activities<\/strong><\/p><ul><li><span style=\"color: #333333;\">Details of the activities carried out, the methodology used and the stakeholders involved.<\/span><\/li><\/ul><p><strong>Results and Achievements<\/strong><\/p><ul><li><span style=\"color: #333333;\">Presentation of the results obtained and the impact of the project.<\/span><\/li><\/ul><p><strong>Results analysis<\/strong><\/p><ul><li><span style=\"color: #333333;\">Evaluation of results in relation to initial objectives.<\/span><\/li><\/ul>\t\t\t\t\t\t\t\t<\/div>\n\t\t\t\t<\/div>\n\t\t\t\t<\/div>\n\t\t\t\t\t<\/div>\n\t\t\t\t<\/div>\n\t\t<div class=\"elementor-element elementor-element-shortcode_container_new_rapports e-flex e-con-boxed e-con e-parent\" data-id=\"shortcode_container_new_rapports\" data-element_type=\"container\" data-settings=\"{&quot;_ha_eqh_enable&quot;:false,&quot;ekit_has_onepagescroll_dot&quot;:&quot;yes&quot;}\">\n\t\t\t\t\t<div class=\"e-con-inner\">\n\t\t\t\t<div class=\"elementor-element elementor-element-shortcode_widget_rapports elementor-widget elementor-widget-shortcode\" data-id=\"shortcode_widget_rapports\" data-element_type=\"widget\" data-settings=\"{&quot;ekit_we_effect_on&quot;:&quot;none&quot;}\" data-widget_type=\"shortcode.default\">\n\t\t\t\t<div class=\"elementor-widget-container\">\n\t\t\t\t\t\t\t<div class=\"elementor-shortcode\"><div class=\"ccis-bilan-grid\">            <div class=\"ccis-bilan-card\">\n                <div class=\"bilan-img-container\">\n                    <img decoding=\"async\" src=\"https:\/\/ccis-agadir.ma\/wp-content\/uploads\/2024\/11\/Artboard-5CCIS-SM-1.png\" alt=\"Annual Rapport\">\n                    <div class=\"bilan-badge\">2024<\/div>                <\/div>\n                <div class=\"bilan-content\">\n                    <h3 class=\"bilan-title\">Annual Rapport<\/h3>\n                                            <a href=\"https:\/\/ccis-agadir.ma\/wp-content\/uploads\/2026\/04\/ANNUAL-REPORT-2024.pdf\" class=\"bilan-btn\" target=\"_blank\" rel=\"noopener noreferrer\">\n                            <svg xmlns=\"http:\/\/www.w3.org\/2000\/svg\" width=\"16\" height=\"16\" fill=\"currentColor\" viewbox=\"0 0 16 16\"><path d=\"M.5 9.9a.5.5 0 0 1 .5.5v2.5a1 1 0 0 0 1 1h12a1 1 0 0 0 1-1v-2.5a.5.5 0 0 1 1 0v2.5a2 2 0 0 1-2 2H2a2 2 0 0 1-2-2v-2.5a.5.5 0 0 1 .5-.5z\"\/><path d=\"M7.646 11.854a.5.5 0 0 0 .708 0l3-3a.5.5 0 0 0-.708-.708L8.5 10.293V1.5a.5.5 0 0 0-1 0v8.793L5.354 8.146a.5.5 0 1 0-.708.708l3 3z\"\/><\/svg>\n                            T\u00e9l\u00e9charger PDF\n                        <\/a>\n                                    <\/div>\n            <\/div>\n            <\/div><\/div>\n\t\t\t\t\t\t<\/div>\n\t\t\t\t<\/div>\n\t\t\t\t\t<\/div>\n\t\t\t\t<\/div>\n\t\t\t\t<\/div>","protected":false},"excerpt":{"rendered":"<p>Rapports Les rapports de la Chambre de commerce, d\u2019industrie et des services de la r\u00e9gion Souss-Massa \u00e0 Agadir fournissent des informations essentielles sur les activit\u00e9s, les performances et les initiatives de la Chambre. Voici les principaux types de rapports que la Chambre peut publier, accompagn\u00e9s de leur contenu typique : 1- Rapport Annuel Introduction Pr\u00e9sentation [&hellip;]<\/p>","protected":false},"author":1,"featured_media":0,"parent":0,"menu_order":0,"comment_status":"closed","ping_status":"closed","template":"elementor_header_footer","meta":{"footnotes":""},"class_list":["post-8399","page","type-page","status-publish","hentry"],"_links":{"self":[{"href":"https:\/\/ccis-agadir.ma\/en\/wp-json\/wp\/v2\/pages\/8399","targetHints":{"allow":["GET"]}}],"collection":[{"href":"https:\/\/ccis-agadir.ma\/en\/wp-json\/wp\/v2\/pages"}],"about":[{"href":"https:\/\/ccis-agadir.ma\/en\/wp-json\/wp\/v2\/types\/page"}],"author":[{"embeddable":true,"href":"https:\/\/ccis-agadir.ma\/en\/wp-json\/wp\/v2\/users\/1"}],"replies":[{"embeddable":true,"href":"https:\/\/ccis-agadir.ma\/en\/wp-json\/wp\/v2\/comments?post=8399"}],"version-history":[{"count":19,"href":"https:\/\/ccis-agadir.ma\/en\/wp-json\/wp\/v2\/pages\/8399\/revisions"}],"predecessor-version":[{"id":11066,"href":"https:\/\/ccis-agadir.ma\/en\/wp-json\/wp\/v2\/pages\/8399\/revisions\/11066"}],"wp:attachment":[{"href":"https:\/\/ccis-agadir.ma\/en\/wp-json\/wp\/v2\/media?parent=8399"}],"curies":[{"name":"wp","href":"https:\/\/api.w.org\/{rel}","templated":true}]}}