{"id":9982,"date":"2024-09-23T10:33:29","date_gmt":"2024-09-23T10:33:29","guid":{"rendered":"https:\/\/ccis-agadir.ma\/?page_id=9982"},"modified":"2024-11-30T16:19:15","modified_gmt":"2024-11-30T16:19:15","slug":"trombinoscope-3","status":"publish","type":"page","link":"https:\/\/ccis-agadir.ma\/en\/trombinoscope-3\/","title":{"rendered":"Trombinoscope"},"content":{"rendered":"<div data-elementor-type=\"wp-page\" data-elementor-id=\"9982\" class=\"elementor elementor-9982\" data-elementor-settings=\"{&quot;ha_cmc_init_switcher&quot;:&quot;no&quot;}\" data-elementor-post-type=\"page\">\n\t\t\t\t<div class=\"elementor-element elementor-element-aa11dc4 e-con-full e-flex e-con e-parent\" data-id=\"aa11dc4\" data-element_type=\"container\" data-settings=\"{&quot;_ha_eqh_enable&quot;:false,&quot;ekit_has_onepagescroll_dot&quot;:&quot;yes&quot;}\">\n\t\t\t\t<div class=\"elementor-element elementor-element-ec4d50a elementor-widget__width-initial dce_masking-none elementor-widget elementor-widget-image\" data-id=\"ec4d50a\" data-element_type=\"widget\" data-settings=\"{&quot;ekit_we_effect_on&quot;:&quot;none&quot;}\" data-widget_type=\"image.default\">\n\t\t\t\t<div class=\"elementor-widget-container\">\n\t\t\t\t\t\t\t\t\t\t\t\t\t\t\t<img fetchpriority=\"high\" decoding=\"async\" width=\"1600\" height=\"350\" src=\"https:\/\/ccis-agadir.ma\/wp-content\/uploads\/2024\/11\/WhatsApp-Image-2024-11-29-at-20.11.44-3.jpeg\" class=\"attachment-2048x2048 size-2048x2048 wp-image-11043\" alt=\"\" srcset=\"https:\/\/ccis-agadir.ma\/wp-content\/uploads\/2024\/11\/WhatsApp-Image-2024-11-29-at-20.11.44-3.jpeg 1600w, https:\/\/ccis-agadir.ma\/wp-content\/uploads\/2024\/11\/WhatsApp-Image-2024-11-29-at-20.11.44-3-300x66.jpeg 300w, https:\/\/ccis-agadir.ma\/wp-content\/uploads\/2024\/11\/WhatsApp-Image-2024-11-29-at-20.11.44-3-1024x224.jpeg 1024w, https:\/\/ccis-agadir.ma\/wp-content\/uploads\/2024\/11\/WhatsApp-Image-2024-11-29-at-20.11.44-3-768x168.jpeg 768w, https:\/\/ccis-agadir.ma\/wp-content\/uploads\/2024\/11\/WhatsApp-Image-2024-11-29-at-20.11.44-3-1536x336.jpeg 1536w, https:\/\/ccis-agadir.ma\/wp-content\/uploads\/2024\/11\/WhatsApp-Image-2024-11-29-at-20.11.44-3-18x4.jpeg 18w, https:\/\/ccis-agadir.ma\/wp-content\/uploads\/2024\/11\/WhatsApp-Image-2024-11-29-at-20.11.44-3-600x131.jpeg 600w, https:\/\/ccis-agadir.ma\/wp-content\/uploads\/2024\/11\/WhatsApp-Image-2024-11-29-at-20.11.44-3-560x123.jpeg 560w, https:\/\/ccis-agadir.ma\/wp-content\/uploads\/2024\/11\/WhatsApp-Image-2024-11-29-at-20.11.44-3-1320x289.jpeg 1320w\" sizes=\"(max-width: 1600px) 100vw, 1600px\" \/>\t\t\t\t\t\t\t\t\t\t\t\t\t\t\t<\/div>\n\t\t\t\t<\/div>\n\t\t\t\t<\/div>\n\t\t<div class=\"elementor-element elementor-element-33fc1af e-flex e-con-boxed e-con e-parent\" data-id=\"33fc1af\" data-element_type=\"container\" data-settings=\"{&quot;_ha_eqh_enable&quot;:false,&quot;ekit_has_onepagescroll_dot&quot;:&quot;yes&quot;}\">\n\t\t\t\t\t<div class=\"e-con-inner\">\n\t\t\t\t<div class=\"elementor-element elementor-element-37ce01d elementor-widget elementor-widget-text-editor\" data-id=\"37ce01d\" data-element_type=\"widget\" data-settings=\"{&quot;ekit_we_effect_on&quot;:&quot;none&quot;}\" data-widget_type=\"text-editor.default\">\n\t\t\t\t<div class=\"elementor-widget-container\">\n\t\t\t\t\t\t\t\t\t<p><strong>Welcome to the Trombinoscope of the Agadir Chamber of Commerce!<\/strong><br \/>This section allows you to discover the team dedicated to economic development and supporting businesses in our region. Find here the members of our office, as well as the various managers of our services and departments, all united to support you in your projects.<\/p><p>Each photo is accompanied by the name, position, and professional contact details of each employee, in order to facilitate your exchanges and procedures with our services.<\/p><p>Do not hesitate to contact our teams for any questions or to benefit from our support services. We are at your disposal to help you succeed in your professional initiatives.<\/p>\t\t\t\t\t\t\t\t<\/div>\n\t\t\t\t<\/div>\n\t\t\t\t<div class=\"elementor-element elementor-element-4078a7c dce_masking-none elementor-widget elementor-widget-image\" data-id=\"4078a7c\" data-element_type=\"widget\" data-settings=\"{&quot;ekit_we_effect_on&quot;:&quot;none&quot;}\" data-widget_type=\"image.default\">\n\t\t\t\t<div class=\"elementor-widget-container\">\n\t\t\t\t\t\t\t\t\t\t\t\t\t\t\t<img decoding=\"async\" width=\"868\" height=\"1024\" src=\"https:\/\/ccis-agadir.ma\/wp-content\/uploads\/2024\/09\/Trombinoscope-868x1024.png\" class=\"attachment-large size-large wp-image-9984\" alt=\"\" srcset=\"https:\/\/ccis-agadir.ma\/wp-content\/uploads\/2024\/09\/Trombinoscope-868x1024.png 868w, https:\/\/ccis-agadir.ma\/wp-content\/uploads\/2024\/09\/Trombinoscope-254x300.png 254w, https:\/\/ccis-agadir.ma\/wp-content\/uploads\/2024\/09\/Trombinoscope-768x906.png 768w, https:\/\/ccis-agadir.ma\/wp-content\/uploads\/2024\/09\/Trombinoscope-10x12.png 10w, https:\/\/ccis-agadir.ma\/wp-content\/uploads\/2024\/09\/Trombinoscope-509x600.png 509w, https:\/\/ccis-agadir.ma\/wp-content\/uploads\/2024\/09\/Trombinoscope-475x560.png 475w, https:\/\/ccis-agadir.ma\/wp-content\/uploads\/2024\/09\/Trombinoscope.png 1238w\" sizes=\"(max-width: 868px) 100vw, 868px\" \/>\t\t\t\t\t\t\t\t\t\t\t\t\t\t\t<\/div>\n\t\t\t\t<\/div>\n\t\t\t\t<div class=\"elementor-element elementor-element-17bac31 elementor-widget elementor-widget-ha-pdf-view happy-addon ha-pdf-view\" data-id=\"17bac31\" data-element_type=\"widget\" data-settings=\"{&quot;ekit_we_effect_on&quot;:&quot;none&quot;}\" data-widget_type=\"ha-pdf-view.default\">\n\t\t\t\t<div class=\"elementor-widget-container\">\n\t\t\t\t\t        <div class=\"pdf_viewer_container\">\n            <div class=\"pdf_viewer_options viewer-17bac31\" data-pdf-settings=\"{&quot;unique_id&quot;:&quot;viewer-17bac31&quot;,&quot;pdf_url&quot;:&quot;https:\\\/\\\/ccis-agadir.ma\\\/wp-content\\\/uploads\\\/2024\\\/09\\\/trombinoscope-.pdf&quot;,&quot;file_type&quot;:&quot;url&quot;,&quot;page_number&quot;:&quot;1&quot;,&quot;width&quot;:&quot;100%&quot;,&quot;height&quot;:&quot;600px&quot;}\">\n\t\t\t\t<span class=\"ha-title-flex\">\n\t\t\t\t\t<span class=\"pdf-icon\">\n\t\t\t\t\t\t<i aria-hidden=\"true\" class=\"fas fa-file-pdf\"><\/i>\t\t\t\t\t<\/span>\n\t\t\t\t\t<h2 class=\"ha-pdf-title\">Trombinoscope<\/h2>\t\t\t\t<\/span>\n\t\t\t\t                <div class=\"pdf-button\">\n                                <\/div>\n            <\/div>\n\n\t\t\t<div>\n\t\t\t\t<div id=\"viewer-17bac31\"><\/div>\n\t\t\t<\/div>\n\n        <\/div>\n        \t\t\t\t<\/div>\n\t\t\t\t<\/div>\n\t\t\t\t\t<\/div>\n\t\t\t\t<\/div>\n\t\t\t\t<\/div>","protected":false},"excerpt":{"rendered":"<p>Bienvenue sur le Trombinoscope de la Chambre de commerce d&#8217;Agadir !Cette section vous permet de d\u00e9couvrir l&#8217;\u00e9quipe d\u00e9di\u00e9e au d\u00e9veloppement \u00e9conomique et au soutien des entreprises de notre r\u00e9gion. Retrouvez ici les membres de notre bureau, ainsi que les diff\u00e9rents responsables de nos services et d\u00e9partements, tous unis pour vous accompagner dans vos projets. Chaque [&hellip;]<\/p>","protected":false},"author":1,"featured_media":0,"parent":0,"menu_order":0,"comment_status":"closed","ping_status":"closed","template":"","meta":{"footnotes":""},"class_list":["post-9982","page","type-page","status-publish","hentry"],"_links":{"self":[{"href":"https:\/\/ccis-agadir.ma\/en\/wp-json\/wp\/v2\/pages\/9982","targetHints":{"allow":["GET"]}}],"collection":[{"href":"https:\/\/ccis-agadir.ma\/en\/wp-json\/wp\/v2\/pages"}],"about":[{"href":"https:\/\/ccis-agadir.ma\/en\/wp-json\/wp\/v2\/types\/page"}],"author":[{"embeddable":true,"href":"https:\/\/ccis-agadir.ma\/en\/wp-json\/wp\/v2\/users\/1"}],"replies":[{"embeddable":true,"href":"https:\/\/ccis-agadir.ma\/en\/wp-json\/wp\/v2\/comments?post=9982"}],"version-history":[{"count":7,"href":"https:\/\/ccis-agadir.ma\/en\/wp-json\/wp\/v2\/pages\/9982\/revisions"}],"predecessor-version":[{"id":11050,"href":"https:\/\/ccis-agadir.ma\/en\/wp-json\/wp\/v2\/pages\/9982\/revisions\/11050"}],"wp:attachment":[{"href":"https:\/\/ccis-agadir.ma\/en\/wp-json\/wp\/v2\/media?parent=9982"}],"curies":[{"name":"wp","href":"https:\/\/api.w.org\/{rel}","templated":true}]}}